{"id":75016,"date":"2025-07-12T04:01:01","date_gmt":"2025-07-12T04:01:01","guid":{"rendered":"https:\/\/e.kosmolat.eu\/product\/topface-apjomu-003-palielinoss-lupu-busteris-bright-smile-4-ml\/"},"modified":"2026-04-01T10:27:31","modified_gmt":"2026-04-01T10:27:31","slug":"topface-apjomu-003-palielinoss-lupu-busteris-bright-smile-4-ml","status":"publish","type":"product","link":"https:\/\/e.kosmolat.eu\/lv\/product\/topface-apjomu-003-palielinoss-lupu-busteris-bright-smile-4-ml\/","title":{"rendered":"Topface Apjomu 003 palielino\u0161s l\u016bpu busteris Bright Smile, 4 ml"},"content":{"rendered":"<p>L\u012bdzeklis ir bag\u0101tin\u0101ts ar hialuronsk\u0101bi, kas padara l\u016bpas gludas un maigas. Pateicoties mentolam un \u010dili piparu ekstraktam, tas rada vieglu k\u0146udino\u0161u un atv\u0113sino\u0161u efektu. L\u016bpu b\u016bsteris ir piepild\u012bts ar zil\u0101m un sudrabot\u0101m mirdzo\u0161aj\u0101m da\u013ci\u0146\u0101m, kas izce\u013c spilgtu smaidu. Mirdzo\u0161\u0101 tekst\u016bra izce\u013c l\u016bpu dabisko kr\u0101su, pastiprinot to mirdzumu un apjomu.<\/p>\n<p>Ja main\u0101s smar\u017ea vai izskats, p\u0101rtrauciet lieto\u0161anu. Tikai \u0101r\u012bgai lieto\u0161anai. Lietot tikai l\u016bp\u0101m. Uzglab\u0101t temperat\u016br\u0101 no 20 l\u012bdz 25\u202f\u00b0C, sarg\u0101jot no tie\u0161iem saules stariem. Uzglab\u0101t b\u0113rniem nepieejam\u0101 viet\u0101.<\/p>\n","protected":false},"excerpt":{"rendered":"<p>L\u012bdzeklis ir bag\u0101tin\u0101ts ar hialuronsk\u0101bi, kas padara l\u016bpas gludas un maigas. Pateicoties mentolam un \u010dili piparu ekstraktam, tas rada vieglu k\u0146udino\u0161u un atv\u0113sino\u0161u efektu. L\u016bpu b\u016bsteris ir piepild\u012bts ar zil\u0101m un sudrabot\u0101m mirdzo\u0161aj\u0101m da\u013ci\u0146\u0101m, kas izce\u013c spilgtu smaidu. Mirdzo\u0161\u0101 tekst\u016bra izce\u013c l\u016bpu dabisko kr\u0101su, pastiprinot to mirdzumu un apjomu. Ja main\u0101s smar\u017ea vai izskats, p\u0101rtrauciet [&#8230;]\n","protected":false},"featured_media":95122,"template":"","meta":[],"product_cat":[1999],"product_tag":[],"class_list":{"0":"post-75016","1":"product","2":"type-product","3":"status-publish","4":"has-post-thumbnail","6":"product_brand-top-face-tr","7":"product_cat-bez-kategorijas","9":"first","10":"instock","11":"taxable","12":"shipping-taxable","13":"product-type-simple"},"_links":{"self":[{"href":"https:\/\/e.kosmolat.eu\/lv\/wp-json\/wp\/v2\/product\/75016","targetHints":{"allow":["GET"]}}],"collection":[{"href":"https:\/\/e.kosmolat.eu\/lv\/wp-json\/wp\/v2\/product"}],"about":[{"href":"https:\/\/e.kosmolat.eu\/lv\/wp-json\/wp\/v2\/types\/product"}],"wp:featuredmedia":[{"embeddable":true,"href":"https:\/\/e.kosmolat.eu\/lv\/wp-json\/wp\/v2\/media\/95122"}],"wp:attachment":[{"href":"https:\/\/e.kosmolat.eu\/lv\/wp-json\/wp\/v2\/media?parent=75016"}],"wp:term":[{"taxonomy":"product_cat","embeddable":true,"href":"https:\/\/e.kosmolat.eu\/lv\/wp-json\/wp\/v2\/product_cat?post=75016"},{"taxonomy":"product_tag","embeddable":true,"href":"https:\/\/e.kosmolat.eu\/lv\/wp-json\/wp\/v2\/product_tag?post=75016"}],"curies":[{"name":"wp","href":"https:\/\/api.w.org\/{rel}","templated":true}]}}