{"id":74940,"date":"2025-07-11T04:35:03","date_gmt":"2025-07-11T04:35:03","guid":{"rendered":"https:\/\/e.kosmolat.eu\/product\/topface-supernova-lupu-spidums-apjomam-001-4-ml\/"},"modified":"2026-04-01T09:17:10","modified_gmt":"2026-04-01T09:17:10","slug":"topface-supernova-001-lupu-spidums-apjomam-4-ml","status":"publish","type":"product","link":"https:\/\/e.kosmolat.eu\/lv\/product\/topface-supernova-001-lupu-spidums-apjomam-4-ml\/","title":{"rendered":"Topface Supernova 001 L\u016bpu sp\u012bdums apjomam , 4 ml"},"content":{"rendered":"<p>Spilgtums un drosme! J\u016bties \u012bpa\u0161a ar jauno l\u016bpu sp\u012bdumu. Tas mitrina l\u016bpas,  pie\u0161\u0137ir t\u0101m spilgtu akcentu, apjomu un mirdzo\u0161u izskatu. Izbaudi jauna l\u012bme\u0146a komfortu uzkl\u0101\u0161anas laik\u0101. Formula ir bag\u0101tin\u0101ta ar skval\u0113nu un E vitam\u012bnu, kas pal\u012bdz saglab\u0101t l\u016bpas maigas un mitrin\u0101tas.<\/p>\n<p>Ja main\u0101s smar\u017ea vai izskats, p\u0101rtrauciet lieto\u0161anu. Tikai \u0101r\u012bgai lieto\u0161anai. Lietot tikai l\u016bp\u0101m. Uzglab\u0101t temperat\u016br\u0101 no 20 l\u012bdz 25\u202f\u00b0C, sarg\u0101jot no tie\u0161iem saules stariem. Uzglab\u0101t b\u0113rniem nepieejam\u0101 viet\u0101.<\/p>\n","protected":false},"excerpt":{"rendered":"<p>Spilgtums un drosme! J\u016bties \u012bpa\u0161a ar jauno l\u016bpu sp\u012bdumu. Tas mitrina l\u016bpas, pie\u0161\u0137ir t\u0101m spilgtu akcentu, apjomu un mirdzo\u0161u izskatu. Izbaudi jauna l\u012bme\u0146a komfortu uzkl\u0101\u0161anas laik\u0101. Formula ir bag\u0101tin\u0101ta ar skval\u0113nu un E vitam\u012bnu, kas pal\u012bdz saglab\u0101t l\u016bpas maigas un mitrin\u0101tas. Ja main\u0101s smar\u017ea vai izskats, p\u0101rtrauciet lieto\u0161anu. Tikai \u0101r\u012bgai lieto\u0161anai. Lietot tikai l\u016bp\u0101m. Uzglab\u0101t [&#8230;]\n","protected":false},"featured_media":95082,"template":"","meta":[],"product_cat":[1271],"product_tag":[],"class_list":{"0":"post-74940","1":"product","2":"type-product","3":"status-publish","4":"has-post-thumbnail","6":"product_brand-top-face-tr","7":"product_cat-lupu-spidumi","9":"first","10":"outofstock","11":"taxable","12":"shipping-taxable","13":"product-type-simple"},"_links":{"self":[{"href":"https:\/\/e.kosmolat.eu\/lv\/wp-json\/wp\/v2\/product\/74940","targetHints":{"allow":["GET"]}}],"collection":[{"href":"https:\/\/e.kosmolat.eu\/lv\/wp-json\/wp\/v2\/product"}],"about":[{"href":"https:\/\/e.kosmolat.eu\/lv\/wp-json\/wp\/v2\/types\/product"}],"wp:featuredmedia":[{"embeddable":true,"href":"https:\/\/e.kosmolat.eu\/lv\/wp-json\/wp\/v2\/media\/95082"}],"wp:attachment":[{"href":"https:\/\/e.kosmolat.eu\/lv\/wp-json\/wp\/v2\/media?parent=74940"}],"wp:term":[{"taxonomy":"product_cat","embeddable":true,"href":"https:\/\/e.kosmolat.eu\/lv\/wp-json\/wp\/v2\/product_cat?post=74940"},{"taxonomy":"product_tag","embeddable":true,"href":"https:\/\/e.kosmolat.eu\/lv\/wp-json\/wp\/v2\/product_tag?post=74940"}],"curies":[{"name":"wp","href":"https:\/\/api.w.org\/{rel}","templated":true}]}}