{"id":74884,"date":"2025-07-11T04:32:49","date_gmt":"2025-07-11T04:32:49","guid":{"rendered":"https:\/\/e.kosmolat.eu\/product\/topface-focus-pp-110-gleam-lupu-spidums-3-5-ml\/"},"modified":"2026-04-01T13:48:34","modified_gmt":"2026-04-01T13:48:34","slug":"topface-focus-pp-110-gleam-lupu-spidums-3-5-ml","status":"publish","type":"product","link":"https:\/\/e.kosmolat.eu\/lv\/product\/topface-focus-pp-110-gleam-lupu-spidums-3-5-ml\/","title":{"rendered":"Topface Focus PP 110 Gleam L\u016bpu sp\u012bdums , 3.5 ml"},"content":{"rendered":"<p>Bag\u0101tin\u0101ts ar pies\u0101tin\u0101tiem pigmentiem mirdzo\u0161u l\u016bpu efektam. \u012apa\u0161s aplikators \u013cauj prec\u012bzi kori\u0123\u0113t l\u016bpu formu, neradot lip\u012bguma saj\u016btu.<\/p>\n<p>Br\u012bdin\u0101jums: satur A vitam\u012bnu. L\u016bgums pirms lieto\u0161anas p\u0101rdom\u0101t savu dienas devu.<\/p>\n<p>P\u0113c katras lieto\u0161anas cie\u0161i aizveriet v\u0101ci\u0146u. Ja main\u0101s smar\u017ea vai izskats, p\u0101rtrauciet lieto\u0161anu. Tikai \u0101r\u012bgai lieto\u0161anai. Lietot tikai l\u016bp\u0101m. Uzglab\u0101t temperat\u016br\u0101 no 20 l\u012bdz 25\u202f\u00b0C, sarg\u0101jot no tie\u0161iem saules stariem. Uzglab\u0101t b\u0113rniem nepieejam\u0101 viet\u0101.<\/p>\n","protected":false},"excerpt":{"rendered":"<p>Bag\u0101tin\u0101ts ar pies\u0101tin\u0101tiem pigmentiem mirdzo\u0161u l\u016bpu efektam. \u012apa\u0161s aplikators \u013cauj prec\u012bzi kori\u0123\u0113t l\u016bpu formu, neradot lip\u012bguma saj\u016btu. Br\u012bdin\u0101jums: satur A vitam\u012bnu. L\u016bgums pirms lieto\u0161anas p\u0101rdom\u0101t savu dienas devu. P\u0113c katras lieto\u0161anas cie\u0161i aizveriet v\u0101ci\u0146u. Ja main\u0101s smar\u017ea vai izskats, p\u0101rtrauciet lieto\u0161anu. Tikai \u0101r\u012bgai lieto\u0161anai. Lietot tikai l\u016bp\u0101m. Uzglab\u0101t temperat\u016br\u0101 no 20 l\u012bdz 25\u202f\u00b0C, sarg\u0101jot no [&#8230;]\n","protected":false},"featured_media":95054,"template":"","meta":[],"product_cat":[1999],"product_tag":[],"class_list":{"0":"post-74884","1":"product","2":"type-product","3":"status-publish","4":"has-post-thumbnail","6":"product_brand-top-face-tr","7":"product_cat-bez-kategorijas","9":"first","10":"instock","11":"taxable","12":"shipping-taxable","13":"product-type-simple"},"_links":{"self":[{"href":"https:\/\/e.kosmolat.eu\/lv\/wp-json\/wp\/v2\/product\/74884","targetHints":{"allow":["GET"]}}],"collection":[{"href":"https:\/\/e.kosmolat.eu\/lv\/wp-json\/wp\/v2\/product"}],"about":[{"href":"https:\/\/e.kosmolat.eu\/lv\/wp-json\/wp\/v2\/types\/product"}],"wp:featuredmedia":[{"embeddable":true,"href":"https:\/\/e.kosmolat.eu\/lv\/wp-json\/wp\/v2\/media\/95054"}],"wp:attachment":[{"href":"https:\/\/e.kosmolat.eu\/lv\/wp-json\/wp\/v2\/media?parent=74884"}],"wp:term":[{"taxonomy":"product_cat","embeddable":true,"href":"https:\/\/e.kosmolat.eu\/lv\/wp-json\/wp\/v2\/product_cat?post=74884"},{"taxonomy":"product_tag","embeddable":true,"href":"https:\/\/e.kosmolat.eu\/lv\/wp-json\/wp\/v2\/product_tag?post=74884"}],"curies":[{"name":"wp","href":"https:\/\/api.w.org\/{rel}","templated":true}]}}