{"id":74700,"date":"2025-07-11T04:15:57","date_gmt":"2025-07-11T04:15:57","guid":{"rendered":"https:\/\/e.kosmolat.eu\/product\/topface-instyle-em-010-skidra-lupu-krasa-3-5-ml\/"},"modified":"2026-04-01T13:34:53","modified_gmt":"2026-04-01T13:34:53","slug":"topface-instyle-em-010-skidra-lupu-krasa-3-5-ml","status":"publish","type":"product","link":"https:\/\/e.kosmolat.eu\/lv\/product\/topface-instyle-em-010-skidra-lupu-krasa-3-5-ml\/","title":{"rendered":"Topface Instyle EM 010 \u0161\u0137idra l\u016bpu kr\u0101sa , 3.5 ml"},"content":{"rendered":"<p>Mat\u0113ts, intens\u012bvs un notur\u012bgs p\u0101rkl\u0101jums vien\u0101 flakon\u0101. Topface \u0161\u0137idr\u0101 l\u016bpu kr\u0101sa pie\u0161\u0137ir pies\u0101tin\u0101tu kr\u0101su, notur\u012bbu un nevainojamu mat\u0113tu fini\u0161u. Pateicoties vieglajai tekst\u016brai ar E vitam\u012bnu un makad\u0101mijas e\u013c\u013cu, t\u0101 viegli uzkl\u0101jas un nesausina l\u016bpas. Saglab\u0101 kr\u0101su un komforta saj\u016btu visas dienas garum\u0101. Notur\u012bba l\u012bdz 12 stund\u0101m.<\/p>\n<p>P\u0113c katras lieto\u0161anas cie\u0161i aizveriet v\u0101ci\u0146u. Ja main\u0101s smar\u017ea vai izskats, p\u0101rtrauciet lieto\u0161anu. Tikai \u0101r\u012bgai lieto\u0161anai. Lietot tikai l\u016bp\u0101m. Uzglab\u0101t temperat\u016br\u0101 no 20 l\u012bdz 25\u202f\u00b0C, sarg\u0101jot no tie\u0161iem saules stariem. Uzglab\u0101t b\u0113rniem nepieejam\u0101 viet\u0101.<\/p>\n","protected":false},"excerpt":{"rendered":"<p>Mat\u0113ts, intens\u012bvs un notur\u012bgs p\u0101rkl\u0101jums vien\u0101 flakon\u0101. Topface \u0161\u0137idr\u0101 l\u016bpu kr\u0101sa pie\u0161\u0137ir pies\u0101tin\u0101tu kr\u0101su, notur\u012bbu un nevainojamu mat\u0113tu fini\u0161u. Pateicoties vieglajai tekst\u016brai ar E vitam\u012bnu un makad\u0101mijas e\u013c\u013cu, t\u0101 viegli uzkl\u0101jas un nesausina l\u016bpas. Saglab\u0101 kr\u0101su un komforta saj\u016btu visas dienas garum\u0101. Notur\u012bba l\u012bdz 12 stund\u0101m. P\u0113c katras lieto\u0161anas cie\u0161i aizveriet v\u0101ci\u0146u. Ja main\u0101s smar\u017ea [&#8230;]\n","protected":false},"featured_media":94802,"template":"","meta":[],"product_cat":[1999],"product_tag":[],"class_list":{"0":"post-74700","1":"product","2":"type-product","3":"status-publish","4":"has-post-thumbnail","6":"product_brand-top-face-tr","7":"product_cat-bez-kategorijas","9":"first","10":"instock","11":"taxable","12":"shipping-taxable","13":"product-type-simple"},"_links":{"self":[{"href":"https:\/\/e.kosmolat.eu\/lv\/wp-json\/wp\/v2\/product\/74700","targetHints":{"allow":["GET"]}}],"collection":[{"href":"https:\/\/e.kosmolat.eu\/lv\/wp-json\/wp\/v2\/product"}],"about":[{"href":"https:\/\/e.kosmolat.eu\/lv\/wp-json\/wp\/v2\/types\/product"}],"wp:featuredmedia":[{"embeddable":true,"href":"https:\/\/e.kosmolat.eu\/lv\/wp-json\/wp\/v2\/media\/94802"}],"wp:attachment":[{"href":"https:\/\/e.kosmolat.eu\/lv\/wp-json\/wp\/v2\/media?parent=74700"}],"wp:term":[{"taxonomy":"product_cat","embeddable":true,"href":"https:\/\/e.kosmolat.eu\/lv\/wp-json\/wp\/v2\/product_cat?post=74700"},{"taxonomy":"product_tag","embeddable":true,"href":"https:\/\/e.kosmolat.eu\/lv\/wp-json\/wp\/v2\/product_tag?post=74700"}],"curies":[{"name":"wp","href":"https:\/\/api.w.org\/{rel}","templated":true}]}}