{"id":74487,"date":"2025-07-10T04:13:59","date_gmt":"2025-07-10T04:13:59","guid":{"rendered":"https:\/\/e.kosmolat.eu\/product\/sanita-gels-multispeks-plitij-mikrovilnu-krasnij-grilam-500-ml\/"},"modified":"2025-09-19T15:29:23","modified_gmt":"2025-09-19T15:29:23","slug":"sanita-gels-multispeks-plitij-mikrovilnu-krasnij-grilam-500-ml","status":"publish","type":"product","link":"https:\/\/e.kosmolat.eu\/lv\/product\/sanita-gels-multispeks-plitij-mikrovilnu-krasnij-grilam-500-ml\/","title":{"rendered":"&#8220;Sanita g\u0113ls Multisp\u0113ks&#8221; pl\u012btij, mikrovi\u013c\u0146u kr\u0101snij, grilam, 500 ml"},"content":{"rendered":"<p>L\u012bdzeklis \u0101trai un efekt\u012bvai tauku, piedegu&scaron;as p\u0101rtikas, kv\u0113pu un notur\u012bgu net\u012brumu no\u0146em&scaron;anai. Ide\u0101li piem\u0113rots tauku no\u0146em&scaron;anai no pl\u012bt\u012bm, mikrovi\u013c\u0146u kr\u0101sn\u012bm, griliem, kr\u0101sn\u012bm un virtuves gr\u012bdu t\u012br\u012b&scaron;anai.<\/p>\n<p><strong>Lieto&scaron;ana: <\/strong>pirms elektroier\u012b\u010du t\u012br\u012b&scaron;anas atvienojiet t\u0101s no str\u0101vas avotiem. Uzkl\u0101jiet l\u012bdzekli uz atdzisu&scaron;as t\u012br\u0101m\u0101s virsmas, \u013caujiet iedarboties 1 min., not\u012briet un noskalojiet ar \u016bdeni. Notur\u012bgu net\u012brumu gad\u012bjum\u0101 atk\u0101rtojiet proced\u016bru, palielinot apstr\u0101des laiku l\u012bdz 7 min\u016bt\u0113m. Virsmas, kas ir saskar\u0113 ar p\u0101rtiku, ir r\u016bp\u012bgi j\u0101noskalo ar \u016bdeni. Gr\u012bdu mazg\u0101&scaron;anai virtuv\u0113 iz&scaron;\u0137\u012bdiniet 2,5 g (1\/2 t\u0113jkarotes) l\u012bdzek\u013ca 5 litros \u016bdens.<\/p>\n<p><strong>Piesardz\u012bbas pas\u0101kumi: <\/strong>Nelietot boj\u0101tu plastmasas un teflona p\u0101rkl\u0101jumu, pul\u0113tu, lakotu, alum\u012bnija, hrom\u0113tu, kr\u0101sotu virsmu, ner\u016bs\u0113jo&scaron;\u0101 t\u0113rauda p\u0101rkl\u0101jumu t\u012br\u012b&scaron;anai. Nejaukt ar citiem (sk\u0101biem) sadz\u012bves \u0137\u012bmijas l\u012bdzek\u013ciem. Pirms lieto&scaron;anas p\u0101rbaudiet p\u0101rkl\u0101juma iztur\u012bbu neliel\u0101 neuzkr\u012bto&scaron;\u0101 viet\u0101. L\u012bdzeklis aizsalst, p\u0113c atsal&scaron;anas saglab\u0101 savas \u012bpa&scaron;\u012bbas. P\u0113c der\u012bguma termi\u0146a beig\u0101m l\u012bdzekli un iepakojumu utiliz\u0113t k\u0101 sadz\u012bves atkritumus.<\/p>\n<p><strong>Sast\u0101v\u0101:<\/strong> maz\u0101k par 5 % n\u0101trija hidroks\u012bdu, maz\u0101k par 5 % anjonu virsmakt\u012bvaj\u0101s vielas, maz\u0101k par 5 % EDTA salts. Smar\u017eas un arom\u0101tisk\u0101s kompoz\u012bcijas. Kr\u0101svielas.<\/p>\n<p>&nbsp;<\/p>\n<p><strong><img decoding=\"async\" alt=\"\" src=\"https:\/\/www.reach-compliance.ch\/images\/acid1cols3.jpg\" style=\"height:40px; width:40px\" \/>GHS05 B\u012bstami<\/strong><br \/>\nH290 Var kod\u012bgi iedarboties uz met\u0101liem.<br \/>\nH314 Izraisa smagus \u0101das apdegumus un acu boj\u0101jumus.<\/p>\n<p>Dro&scaron;\u012bbas pras\u012bbu apz\u012bm\u0113jumi:<br \/>\nP101 Medic\u012bniska padoma nepiecie&scaron;am\u012bbas gad\u012bjum\u0101 attiec\u012bg\u0101 inform\u0101cija ir nor\u0101d\u012bta uz iepakojuma vai eti\u0137etes.<br \/>\nP102 Sarg\u0101t no b\u0113rniem.<br \/>\nP103 Pirms izmanto&scaron;anas izlas\u012bt eti\u0137eti.<br \/>\nP260 Neieelpot d\u016bmus vai izgarojumus.<br \/>\nP264 P\u0113c izmanto&scaron;anas rokas k\u0101rt\u012bgi nomazg\u0101t.<br \/>\nP280 Izmantot aizsargcimdus\/aizsargdr\u0113bes\/ acu aizsargus\/sejas aizsargus.<br \/>\nP305+P351+P338 Saskar\u0113 ar ac\u012bm: Uzman\u012bgi izskalot ar \u016bdeni vair\u0101kas min\u016btes. Iz\u0146emt kontaktl\u0113cas, ja t\u0101s ir ievietotas un ja to var vienk\u0101r&scaron;i izdar\u012bt. Turpin\u0101t skalot.<br \/>\nP301+P330+P331 Nor\u012b&scaron;anas gad\u012bjum\u0101: Izskalot muti. Neizrais\u012bt vem&scaron;anu.<br \/>\nP303+P361+P353 Saskar\u0113 ar \u0101du (vai matiem): Nekav\u0113joties novilkt visu pies\u0101r\u0146oto ap\u0123\u0113rbu. Noskalot \u0101du ar \u016bdeni [vai iet du&scaron;\u0101].<br \/>\nP304+P340 Ieelpo&scaron;anas gad\u012bjum\u0101: nog\u0101d\u0101t cietu&scaron;o svaig\u0101 gais\u0101 un nodro&scaron;in\u0101t netrauc\u0113tu elpo&scaron;anu.<br \/>\nP310 Nekav\u0113joties sazinieties ar saind\u0113&scaron;an\u0101s inform\u0101cijas centru\/\u0101rstu ja jums ir slikta pa&scaron;saj\u016bta.<br \/>\nP321 \u012apa&scaron;a medic\u012bnisk\u0101 pal\u012bdz\u012bba (skat. uz &scaron;\u012bs eti\u0137etes).<br \/>\nP405 Glab\u0101t sl\u0113gt\u0101 veid\u0101.<br \/>\nP501 Atbr\u012bvoties no satura\/tvertnes\/iepakojuma saska\u0146\u0101 ar valsts noteikumiem.<br \/>\n&nbsp;<\/p>\n","protected":false},"excerpt":{"rendered":"<p>L\u012bdzeklis \u0101trai un efekt\u012bvai tauku, piedegu&scaron;as p\u0101rtikas, kv\u0113pu un notur\u012bgu net\u012brumu no\u0146em&scaron;anai. Ide\u0101li piem\u0113rots tauku no\u0146em&scaron;anai no pl\u012bt\u012bm, mikrovi\u013c\u0146u kr\u0101sn\u012bm, griliem, kr\u0101sn\u012bm un virtuves gr\u012bdu t\u012br\u012b&scaron;anai. Lieto&scaron;ana: pirms elektroier\u012b\u010du t\u012br\u012b&scaron;anas atvienojiet t\u0101s no str\u0101vas avotiem. Uzkl\u0101jiet l\u012bdzekli uz atdzisu&scaron;as t\u012br\u0101m\u0101s virsmas, \u013caujiet iedarboties 1 min., not\u012briet un noskalojiet ar \u016bdeni. Notur\u012bgu net\u012brumu gad\u012bjum\u0101 atk\u0101rtojiet proced\u016bru, [&#8230;]\n","protected":false},"featured_media":78782,"template":"","meta":[],"product_cat":[1466],"product_tag":[],"class_list":{"0":"post-74487","1":"product","2":"type-product","3":"status-publish","4":"has-post-thumbnail","6":"product_brand-malina-akcija","7":"product_cat-virtuvei","9":"first","10":"outofstock","11":"taxable","12":"shipping-taxable","13":"product-type-simple"},"_links":{"self":[{"href":"https:\/\/e.kosmolat.eu\/lv\/wp-json\/wp\/v2\/product\/74487","targetHints":{"allow":["GET"]}}],"collection":[{"href":"https:\/\/e.kosmolat.eu\/lv\/wp-json\/wp\/v2\/product"}],"about":[{"href":"https:\/\/e.kosmolat.eu\/lv\/wp-json\/wp\/v2\/types\/product"}],"wp:featuredmedia":[{"embeddable":true,"href":"https:\/\/e.kosmolat.eu\/lv\/wp-json\/wp\/v2\/media\/78782"}],"wp:attachment":[{"href":"https:\/\/e.kosmolat.eu\/lv\/wp-json\/wp\/v2\/media?parent=74487"}],"wp:term":[{"taxonomy":"product_cat","embeddable":true,"href":"https:\/\/e.kosmolat.eu\/lv\/wp-json\/wp\/v2\/product_cat?post=74487"},{"taxonomy":"product_tag","embeddable":true,"href":"https:\/\/e.kosmolat.eu\/lv\/wp-json\/wp\/v2\/product_tag?post=74487"}],"curies":[{"name":"wp","href":"https:\/\/api.w.org\/{rel}","templated":true}]}}