{"id":74471,"date":"2025-07-10T04:12:10","date_gmt":"2025-07-10T04:12:10","guid":{"rendered":"https:\/\/e.kosmolat.eu\/product\/topface-sensitive-stylo-lupu-krasa-010-3-5-g\/"},"modified":"2026-04-01T08:23:15","modified_gmt":"2026-04-01T08:23:15","slug":"topface-sensitive-stylo-lupu-krasa-010-3-5-g","status":"publish","type":"product","link":"https:\/\/e.kosmolat.eu\/lv\/product\/topface-sensitive-stylo-lupu-krasa-010-3-5-g\/","title":{"rendered":"Topface Sensitive Stylo L\u016bpu kr\u0101sa 010, 3.5 g"},"content":{"rendered":"<p>Maiga kr\u0113mveida tekst\u016bra un pies\u0101tin\u0101ta kr\u0101sa nodro\u0161ina ide\u0101lu l\u016bpu p\u0101rkl\u0101jumu ar vienu uzkl\u0101\u0161anu. Augu izcelsmes skval\u0101na e\u013c\u013ca dzi\u013ci mitrina l\u016bpu \u0101du un izl\u012bdzina s\u012bk\u0101s krunci\u0146as. Piem\u0113rota saus\u0101m un jut\u012bg\u0101m l\u016bp\u0101m. Nesatur dz\u012bvnieku izcelsmes sast\u0101vda\u013cas. Nav test\u0113ts uz dz\u012bvniekiem.<\/p>\n<p>P\u0113c katras lieto\u0161anas cie\u0161i aizveriet v\u0101ci\u0146u. Ja main\u0101s smar\u017ea vai izskats, p\u0101rtrauciet lieto\u0161anu. Tikai \u0101r\u012bgai lieto\u0161anai. Lietot tikai l\u016bp\u0101m. Uzglab\u0101t temperat\u016br\u0101 no 20 l\u012bdz 25\u202f\u00b0C, sarg\u0101jot no tie\u0161iem saules stariem. Uzglab\u0101t b\u0113rniem nepieejam\u0101 viet\u0101.<\/p>\n","protected":false},"excerpt":{"rendered":"<p>Maiga kr\u0113mveida tekst\u016bra un pies\u0101tin\u0101ta kr\u0101sa nodro\u0161ina ide\u0101lu l\u016bpu p\u0101rkl\u0101jumu ar vienu uzkl\u0101\u0161anu. Augu izcelsmes skval\u0101na e\u013c\u013ca dzi\u013ci mitrina l\u016bpu \u0101du un izl\u012bdzina s\u012bk\u0101s krunci\u0146as. Piem\u0113rota saus\u0101m un jut\u012bg\u0101m l\u016bp\u0101m. Nesatur dz\u012bvnieku izcelsmes sast\u0101vda\u013cas. Nav test\u0113ts uz dz\u012bvniekiem. P\u0113c katras lieto\u0161anas cie\u0161i aizveriet v\u0101ci\u0146u. Ja main\u0101s smar\u017ea vai izskats, p\u0101rtrauciet lieto\u0161anu. Tikai \u0101r\u012bgai lieto\u0161anai. Lietot [&#8230;]\n","protected":false},"featured_media":94610,"template":"","meta":[],"product_cat":[1999],"product_tag":[],"class_list":{"0":"post-74471","1":"product","2":"type-product","3":"status-publish","4":"has-post-thumbnail","6":"product_brand-top-face-tr","7":"product_cat-bez-kategorijas","9":"first","10":"instock","11":"taxable","12":"shipping-taxable","13":"product-type-simple"},"_links":{"self":[{"href":"https:\/\/e.kosmolat.eu\/lv\/wp-json\/wp\/v2\/product\/74471","targetHints":{"allow":["GET"]}}],"collection":[{"href":"https:\/\/e.kosmolat.eu\/lv\/wp-json\/wp\/v2\/product"}],"about":[{"href":"https:\/\/e.kosmolat.eu\/lv\/wp-json\/wp\/v2\/types\/product"}],"wp:featuredmedia":[{"embeddable":true,"href":"https:\/\/e.kosmolat.eu\/lv\/wp-json\/wp\/v2\/media\/94610"}],"wp:attachment":[{"href":"https:\/\/e.kosmolat.eu\/lv\/wp-json\/wp\/v2\/media?parent=74471"}],"wp:term":[{"taxonomy":"product_cat","embeddable":true,"href":"https:\/\/e.kosmolat.eu\/lv\/wp-json\/wp\/v2\/product_cat?post=74471"},{"taxonomy":"product_tag","embeddable":true,"href":"https:\/\/e.kosmolat.eu\/lv\/wp-json\/wp\/v2\/product_tag?post=74471"}],"curies":[{"name":"wp","href":"https:\/\/api.w.org\/{rel}","templated":true}]}}