{"id":74143,"date":"2025-07-09T04:06:32","date_gmt":"2025-07-09T04:06:32","guid":{"rendered":"https:\/\/e.kosmolat.eu\/product\/oily-hair-trihologiskais-kondicionieris-taukain-mat-natre-200-ml\/"},"modified":"2026-04-20T12:52:35","modified_gmt":"2026-04-20T12:52:35","slug":"oily-hair-trihologiskais-kondicionieris-taukain-mat-natre-200-ml","status":"publish","type":"product","link":"https:\/\/e.kosmolat.eu\/lv\/product\/oily-hair-trihologiskais-kondicionieris-taukain-mat-natre-200-ml\/","title":{"rendered":"Oily Hair Triholo\u0123iskais kondicionieris taukain. mat. N\u0101tre, 200 ml"},"content":{"rendered":"<p>Akt\u012bv\u0101s kondicioniera sast\u0101vda\u013cas lieliski mitrina, pie\u0161\u0137ir sp\u012bdumu, atvieglo \u0137emm\u0113\u0161anu un m\u012bkstina matus. L\u012bdzeklis ir piem\u0113rots kr\u0101sotiem, \u0161\u0137eltiem un trausliem matiem, pie\u0161\u0137irot tiem vesel\u012bgu izskatu.<\/p>\n<p>Lieto\u0161ana: p\u0113c galvas mazg\u0101\u0161anas ar trihilo\u0123isko \u0161amp\u016bnu no \u201cOily Hair Program\u201d s\u0113rijas uzkl\u0101jiet kondicionieri uz mitriem matiem, vienm\u0113r\u012bgi sadalot no vidus l\u012bdz galiem. Atst\u0101jiet uz 1\u20133 min\u016bt\u0113m, p\u0113c tam noskalojiet ar siltu \u016bdeni.<\/p>\n<p>Uzglab\u0101t temperat\u016br\u0101 no +5 \u00b0C l\u012bdz +25 \u00b0C.<\/p>\n","protected":false},"excerpt":{"rendered":"<p>Akt\u012bv\u0101s kondicioniera sast\u0101vda\u013cas lieliski mitrina, pie\u0161\u0137ir sp\u012bdumu, atvieglo \u0137emm\u0113\u0161anu un m\u012bkstina matus. L\u012bdzeklis ir piem\u0113rots kr\u0101sotiem, \u0161\u0137eltiem un trausliem matiem, pie\u0161\u0137irot tiem vesel\u012bgu izskatu. Lieto\u0161ana: p\u0113c galvas mazg\u0101\u0161anas ar trihilo\u0123isko \u0161amp\u016bnu no \u201cOily Hair Program\u201d s\u0113rijas uzkl\u0101jiet kondicionieri uz mitriem matiem, vienm\u0113r\u012bgi sadalot no vidus l\u012bdz galiem. Atst\u0101jiet uz 1\u20133 min\u016bt\u0113m, p\u0113c tam noskalojiet ar [&#8230;]\n","protected":false},"featured_media":96022,"template":"","meta":[],"product_cat":[1638],"product_tag":[],"class_list":{"0":"post-74143","1":"product","2":"type-product","3":"status-publish","4":"has-post-thumbnail","6":"product_brand-elfa_ua","7":"product_cat-balzami","9":"first","10":"instock","11":"taxable","12":"shipping-taxable","13":"product-type-simple"},"_links":{"self":[{"href":"https:\/\/e.kosmolat.eu\/lv\/wp-json\/wp\/v2\/product\/74143","targetHints":{"allow":["GET"]}}],"collection":[{"href":"https:\/\/e.kosmolat.eu\/lv\/wp-json\/wp\/v2\/product"}],"about":[{"href":"https:\/\/e.kosmolat.eu\/lv\/wp-json\/wp\/v2\/types\/product"}],"wp:featuredmedia":[{"embeddable":true,"href":"https:\/\/e.kosmolat.eu\/lv\/wp-json\/wp\/v2\/media\/96022"}],"wp:attachment":[{"href":"https:\/\/e.kosmolat.eu\/lv\/wp-json\/wp\/v2\/media?parent=74143"}],"wp:term":[{"taxonomy":"product_cat","embeddable":true,"href":"https:\/\/e.kosmolat.eu\/lv\/wp-json\/wp\/v2\/product_cat?post=74143"},{"taxonomy":"product_tag","embeddable":true,"href":"https:\/\/e.kosmolat.eu\/lv\/wp-json\/wp\/v2\/product_tag?post=74143"}],"curies":[{"name":"wp","href":"https:\/\/api.w.org\/{rel}","templated":true}]}}