{"id":74135,"date":"2025-07-09T04:06:16","date_gmt":"2025-07-09T04:06:16","guid":{"rendered":"https:\/\/e.kosmolat.eu\/product\/oily-hair-trihologiskais-galvas-adas-pilings-busteris-100-ml\/"},"modified":"2026-04-22T12:59:02","modified_gmt":"2026-04-22T12:59:02","slug":"oily-hair-trihologiskais-galvas-adas-pilings-busteris-100-ml","status":"publish","type":"product","link":"https:\/\/e.kosmolat.eu\/lv\/product\/oily-hair-trihologiskais-galvas-adas-pilings-busteris-100-ml\/","title":{"rendered":"Oily Hair Triholo\u0123iskais galvas \u0101das p\u012blings-b\u016bsteris, 100 ml"},"content":{"rendered":"<p>Inovat\u012bv\u0101 sk\u0101bju, augu ekstraktu un pla\u0161a spektra vitam\u012bnu kombin\u0101cija nodro\u0161ina \u0101tru un efekt\u012bvu galvas \u0101das eksfoli\u0101ciju un dzi\u013cu tauku dziedzeru att\u012br\u012b\u0161anu.<\/p>\n<p>Lieto\u0161ana: uzkl\u0101jiet uz galvas \u0101das 10 ml l\u012bdzek\u013ca. Ar mas\u0113jo\u0161\u0101m kust\u012bb\u0101m vienm\u0113r\u012bgi sadaliet pa visu skalpu. Atst\u0101jiet iedarboties uz 5\u201310 min\u016bt\u0113m, p\u0113c tam noskalojiet ar siltu \u016bdeni. Izmazg\u0101jiet galvu ar trihilo\u0123isko \u0161amp\u016bnu no \u201cOily Hair Program\u201d s\u0113rijas.<\/p>\n<p>Uzglab\u0101t temperat\u016br\u0101 no +5 \u00b0C l\u012bdz +25 \u00b0C.<\/p>\n","protected":false},"excerpt":{"rendered":"<p>Inovat\u012bv\u0101 sk\u0101bju, augu ekstraktu un pla\u0161a spektra vitam\u012bnu kombin\u0101cija nodro\u0161ina \u0101tru un efekt\u012bvu galvas \u0101das eksfoli\u0101ciju un dzi\u013cu tauku dziedzeru att\u012br\u012b\u0161anu. Lieto\u0161ana: uzkl\u0101jiet uz galvas \u0101das 10 ml l\u012bdzek\u013ca. Ar mas\u0113jo\u0161\u0101m kust\u012bb\u0101m vienm\u0113r\u012bgi sadaliet pa visu skalpu. Atst\u0101jiet iedarboties uz 5\u201310 min\u016bt\u0113m, p\u0113c tam noskalojiet ar siltu \u016bdeni. Izmazg\u0101jiet galvu ar trihilo\u0123isko \u0161amp\u016bnu no \u201cOily [&#8230;]\n","protected":false},"featured_media":96018,"template":"","meta":[],"product_cat":[1346],"product_tag":[],"class_list":{"0":"post-74135","1":"product","2":"type-product","3":"status-publish","4":"has-post-thumbnail","6":"product_brand-elfa_ua","7":"product_cat-1346","9":"first","10":"instock","11":"taxable","12":"shipping-taxable","13":"product-type-simple"},"_links":{"self":[{"href":"https:\/\/e.kosmolat.eu\/lv\/wp-json\/wp\/v2\/product\/74135","targetHints":{"allow":["GET"]}}],"collection":[{"href":"https:\/\/e.kosmolat.eu\/lv\/wp-json\/wp\/v2\/product"}],"about":[{"href":"https:\/\/e.kosmolat.eu\/lv\/wp-json\/wp\/v2\/types\/product"}],"wp:featuredmedia":[{"embeddable":true,"href":"https:\/\/e.kosmolat.eu\/lv\/wp-json\/wp\/v2\/media\/96018"}],"wp:attachment":[{"href":"https:\/\/e.kosmolat.eu\/lv\/wp-json\/wp\/v2\/media?parent=74135"}],"wp:term":[{"taxonomy":"product_cat","embeddable":true,"href":"https:\/\/e.kosmolat.eu\/lv\/wp-json\/wp\/v2\/product_cat?post=74135"},{"taxonomy":"product_tag","embeddable":true,"href":"https:\/\/e.kosmolat.eu\/lv\/wp-json\/wp\/v2\/product_tag?post=74135"}],"curies":[{"name":"wp","href":"https:\/\/api.w.org\/{rel}","templated":true}]}}