{"id":74127,"date":"2025-07-09T04:06:00","date_gmt":"2025-07-09T04:06:00","guid":{"rendered":"https:\/\/e.kosmolat.eu\/product\/oily-hair-trihologiskais-sampuns-taukain-mat-natre-200-ml\/"},"modified":"2026-04-23T05:58:38","modified_gmt":"2026-04-23T05:58:38","slug":"oily-hair-trihologiskais-sampuns-taukain-mat-natre-200-ml","status":"publish","type":"product","link":"https:\/\/e.kosmolat.eu\/lv\/product\/oily-hair-trihologiskais-sampuns-taukain-mat-natre-200-ml\/","title":{"rendered":"Oily Hair Triholo\u0123iskais \u0161amp\u016bns taukain. mat. N\u0101tre, 200 ml"},"content":{"rendered":"<p>Att\u012bra galvas \u0101du, no\u0146em lieko sebumu un r\u016bp\u012bgi att\u012bra tauku dziedzerus, ilgsto\u0161i saglab\u0101jot matu svaigumu.<\/p>\n<p>Lieto\u0161ana: vienm\u0113r\u012bgi uzkl\u0101jiet uz mitriem matiem, saputojiet un noskalojiet ar \u016bdeni. Lai pan\u0101ktu lab\u0101ku efektu, saputojiet un izmazg\u0101jiet matus v\u0113lreiz. Lietojiet 2-3 reizes ned\u0113\u013c\u0101.<\/p>\n<p>Uzglab\u0101t temperat\u016br\u0101 no +5 \u00b0C l\u012bdz +25 \u00b0C.<\/p>\n","protected":false},"excerpt":{"rendered":"<p>Att\u012bra galvas \u0101du, no\u0146em lieko sebumu un r\u016bp\u012bgi att\u012bra tauku dziedzerus, ilgsto\u0161i saglab\u0101jot matu svaigumu. Lieto\u0161ana: vienm\u0113r\u012bgi uzkl\u0101jiet uz mitriem matiem, saputojiet un noskalojiet ar \u016bdeni. Lai pan\u0101ktu lab\u0101ku efektu, saputojiet un izmazg\u0101jiet matus v\u0113lreiz. Lietojiet 2-3 reizes ned\u0113\u013c\u0101. Uzglab\u0101t temperat\u016br\u0101 no +5 \u00b0C l\u012bdz +25 \u00b0C.<\/p>\n","protected":false},"featured_media":96014,"template":"","meta":[],"product_cat":[1248],"product_tag":[],"class_list":{"0":"post-74127","1":"product","2":"type-product","3":"status-publish","4":"has-post-thumbnail","6":"product_brand-elfa_ua","7":"product_cat-sampuni","9":"first","10":"instock","11":"taxable","12":"shipping-taxable","13":"product-type-simple"},"_links":{"self":[{"href":"https:\/\/e.kosmolat.eu\/lv\/wp-json\/wp\/v2\/product\/74127","targetHints":{"allow":["GET"]}}],"collection":[{"href":"https:\/\/e.kosmolat.eu\/lv\/wp-json\/wp\/v2\/product"}],"about":[{"href":"https:\/\/e.kosmolat.eu\/lv\/wp-json\/wp\/v2\/types\/product"}],"wp:featuredmedia":[{"embeddable":true,"href":"https:\/\/e.kosmolat.eu\/lv\/wp-json\/wp\/v2\/media\/96014"}],"wp:attachment":[{"href":"https:\/\/e.kosmolat.eu\/lv\/wp-json\/wp\/v2\/media?parent=74127"}],"wp:term":[{"taxonomy":"product_cat","embeddable":true,"href":"https:\/\/e.kosmolat.eu\/lv\/wp-json\/wp\/v2\/product_cat?post=74127"},{"taxonomy":"product_tag","embeddable":true,"href":"https:\/\/e.kosmolat.eu\/lv\/wp-json\/wp\/v2\/product_tag?post=74127"}],"curies":[{"name":"wp","href":"https:\/\/api.w.org\/{rel}","templated":true}]}}