{"id":74031,"date":"2025-07-09T04:02:32","date_gmt":"2025-07-09T04:02:32","guid":{"rendered":"https:\/\/e.kosmolat.eu\/product\/topface-jelly-effect-nagu-laka-028-9-ml\/"},"modified":"2026-04-08T05:59:54","modified_gmt":"2026-04-08T05:59:54","slug":"topface-jelly-effect-nagu-laka-028-9-ml","status":"publish","type":"product","link":"https:\/\/e.kosmolat.eu\/lv\/product\/topface-jelly-effect-nagu-laka-028-9-ml\/","title":{"rendered":"Topface Jelly Effect Nagu laka 028, 9 ml"},"content":{"rendered":"<p>Br\u012bdin\u0101jums: viegli uzliesmojo\u0161s. Sarg\u0101t no b\u0113rniem. Neieelpot.<\/p>\n","protected":false},"excerpt":{"rendered":"<p>Br\u012bdin\u0101jums: viegli uzliesmojo\u0161s. Sarg\u0101t no b\u0113rniem. Neieelpot.<\/p>\n","protected":false},"featured_media":94658,"template":"","meta":[],"product_cat":[1515],"product_tag":[],"class_list":{"0":"post-74031","1":"product","2":"type-product","3":"status-publish","4":"has-post-thumbnail","6":"product_brand-top-face-tr","7":"product_cat-nagu-lakas","9":"first","10":"outofstock","11":"taxable","12":"shipping-taxable","13":"product-type-simple"},"_links":{"self":[{"href":"https:\/\/e.kosmolat.eu\/lv\/wp-json\/wp\/v2\/product\/74031","targetHints":{"allow":["GET"]}}],"collection":[{"href":"https:\/\/e.kosmolat.eu\/lv\/wp-json\/wp\/v2\/product"}],"about":[{"href":"https:\/\/e.kosmolat.eu\/lv\/wp-json\/wp\/v2\/types\/product"}],"wp:featuredmedia":[{"embeddable":true,"href":"https:\/\/e.kosmolat.eu\/lv\/wp-json\/wp\/v2\/media\/94658"}],"wp:attachment":[{"href":"https:\/\/e.kosmolat.eu\/lv\/wp-json\/wp\/v2\/media?parent=74031"}],"wp:term":[{"taxonomy":"product_cat","embeddable":true,"href":"https:\/\/e.kosmolat.eu\/lv\/wp-json\/wp\/v2\/product_cat?post=74031"},{"taxonomy":"product_tag","embeddable":true,"href":"https:\/\/e.kosmolat.eu\/lv\/wp-json\/wp\/v2\/product_tag?post=74031"}],"curies":[{"name":"wp","href":"https:\/\/api.w.org\/{rel}","templated":true}]}}