{"id":73991,"date":"2025-07-09T04:01:09","date_gmt":"2025-07-09T04:01:09","guid":{"rendered":"https:\/\/e.kosmolat.eu\/product\/topface-jelly-effect-nagu-laka-004-9-ml\/"},"modified":"2026-04-20T05:57:26","modified_gmt":"2026-04-20T05:57:26","slug":"topface-jelly-effect-nagu-laka-004-9-ml","status":"publish","type":"product","link":"https:\/\/e.kosmolat.eu\/lv\/product\/topface-jelly-effect-nagu-laka-004-9-ml\/","title":{"rendered":"Topface Jelly Effect Nagu laka 004, 9 ml"},"content":{"rendered":"<p>Br\u012bdin\u0101jums: viegli uzliesmojo\u0161s. Sarg\u0101t no b\u0113rniem. Neieelpot.<\/p>\n","protected":false},"excerpt":{"rendered":"<p>Br\u012bdin\u0101jums: viegli uzliesmojo\u0161s. Sarg\u0101t no b\u0113rniem. Neieelpot.<\/p>\n","protected":false},"featured_media":94638,"template":"","meta":[],"product_cat":[1515],"product_tag":[],"class_list":{"0":"post-73991","1":"product","2":"type-product","3":"status-publish","4":"has-post-thumbnail","6":"product_brand-top-face-tr","7":"product_cat-nagu-lakas","9":"first","10":"outofstock","11":"taxable","12":"shipping-taxable","13":"product-type-simple"},"_links":{"self":[{"href":"https:\/\/e.kosmolat.eu\/lv\/wp-json\/wp\/v2\/product\/73991","targetHints":{"allow":["GET"]}}],"collection":[{"href":"https:\/\/e.kosmolat.eu\/lv\/wp-json\/wp\/v2\/product"}],"about":[{"href":"https:\/\/e.kosmolat.eu\/lv\/wp-json\/wp\/v2\/types\/product"}],"wp:featuredmedia":[{"embeddable":true,"href":"https:\/\/e.kosmolat.eu\/lv\/wp-json\/wp\/v2\/media\/94638"}],"wp:attachment":[{"href":"https:\/\/e.kosmolat.eu\/lv\/wp-json\/wp\/v2\/media?parent=73991"}],"wp:term":[{"taxonomy":"product_cat","embeddable":true,"href":"https:\/\/e.kosmolat.eu\/lv\/wp-json\/wp\/v2\/product_cat?post=73991"},{"taxonomy":"product_tag","embeddable":true,"href":"https:\/\/e.kosmolat.eu\/lv\/wp-json\/wp\/v2\/product_tag?post=73991"}],"curies":[{"name":"wp","href":"https:\/\/api.w.org\/{rel}","templated":true}]}}