{"id":73935,"date":"2025-07-08T04:37:49","date_gmt":"2025-07-08T04:37:49","guid":{"rendered":"https:\/\/e.kosmolat.eu\/product\/pasta-del-capitano-zobu-pasta-pret-aplikumu-un-kariesu-75-ml\/"},"modified":"2026-04-22T11:27:06","modified_gmt":"2026-04-22T11:27:06","slug":"pasta-del-capitano-zobu-pasta-pret-aplikumu-un-kariesu-75-ml","status":"publish","type":"product","link":"https:\/\/e.kosmolat.eu\/lv\/product\/pasta-del-capitano-zobu-pasta-pret-aplikumu-un-kariesu-75-ml\/","title":{"rendered":"Pasta del Capitano Zobu pasta pret aplikumu un kariesu, 75 ml"},"content":{"rendered":"<p>Pal\u012bdz nov\u0113rst aplikuma veido\u0161anos un kariesa att\u012bst\u012bbu, k\u0101 ar\u012b aizsarg\u0101 mutes dobumu. Satur unik\u0101lu molekulu Sulfetal Zn\u00ae, kurai piem\u012bt cinka att\u012bro\u0161\u0101s \u012bpa\u0161\u012bbas, fluora s\u0101li, kas veicina zobu emaljas remineraliz\u0101ciju, un organiskas izcelsmes piparm\u0113tru.<\/p>\n<p>Nesatur parab\u0113nus, trikloz\u0101nu, n\u0101trija laurilsulf\u0101tu (SLS) un konservantus, kas izdala formaldeh\u012bdu.<\/p>\n<p>Br\u012bdin\u0101jums: Satur n\u0101trija monofluorfosf\u0101tu. B\u0113rniem vecum\u0101 l\u012bdz se\u0161iem gadiem: lietot pastu zir\u0146a lielum\u0101 un t\u012br\u012bt zobus pieaugu\u0161\u0101 uzraudz\u012bb\u0101, lai samazin\u0101tu nor\u012b\u0161anas iesp\u0113ju. Ja lietojat citus fluoru saturo\u0161us l\u012bdzek\u013cus, konsult\u0113jieties ar zob\u0101rstu vai \u0101rstu. P\u0113c lieto\u0161anas cie\u0161i aizveriet t\u016bbi\u0146u. P\u0101rtrauciet lieto\u0161anu, ja rodas aler\u0123iska reakcija.<\/p>\n<p>Der\u012bguma termi\u0146\u0161 p\u0113c atv\u0113r\u0161anas ir nor\u0101d\u012bts m\u0113ne\u0161os un ir sp\u0113k\u0101, ja produkts tiek uzglab\u0101ts pareizi un tiek lietots paredz\u0113tajos apst\u0101k\u013cos.<\/p>\n","protected":false},"excerpt":{"rendered":"<p>Pal\u012bdz nov\u0113rst aplikuma veido\u0161anos un kariesa att\u012bst\u012bbu, k\u0101 ar\u012b aizsarg\u0101 mutes dobumu. Satur unik\u0101lu molekulu Sulfetal Zn\u00ae, kurai piem\u012bt cinka att\u012bro\u0161\u0101s \u012bpa\u0161\u012bbas, fluora s\u0101li, kas veicina zobu emaljas remineraliz\u0101ciju, un organiskas izcelsmes piparm\u0113tru. Nesatur parab\u0113nus, trikloz\u0101nu, n\u0101trija laurilsulf\u0101tu (SLS) un konservantus, kas izdala formaldeh\u012bdu. Br\u012bdin\u0101jums: Satur n\u0101trija monofluorfosf\u0101tu. B\u0113rniem vecum\u0101 l\u012bdz se\u0161iem gadiem: lietot pastu [&#8230;]\n","protected":false},"featured_media":96058,"template":"","meta":[],"product_cat":[2181],"product_tag":[],"class_list":{"0":"post-73935","1":"product","2":"type-product","3":"status-publish","4":"has-post-thumbnail","6":"product_brand-ciccarelli_it","7":"product_cat-bez-kategorijas-lt","9":"first","10":"instock","11":"taxable","12":"shipping-taxable","13":"product-type-simple"},"_links":{"self":[{"href":"https:\/\/e.kosmolat.eu\/lv\/wp-json\/wp\/v2\/product\/73935","targetHints":{"allow":["GET"]}}],"collection":[{"href":"https:\/\/e.kosmolat.eu\/lv\/wp-json\/wp\/v2\/product"}],"about":[{"href":"https:\/\/e.kosmolat.eu\/lv\/wp-json\/wp\/v2\/types\/product"}],"wp:featuredmedia":[{"embeddable":true,"href":"https:\/\/e.kosmolat.eu\/lv\/wp-json\/wp\/v2\/media\/96058"}],"wp:attachment":[{"href":"https:\/\/e.kosmolat.eu\/lv\/wp-json\/wp\/v2\/media?parent=73935"}],"wp:term":[{"taxonomy":"product_cat","embeddable":true,"href":"https:\/\/e.kosmolat.eu\/lv\/wp-json\/wp\/v2\/product_cat?post=73935"},{"taxonomy":"product_tag","embeddable":true,"href":"https:\/\/e.kosmolat.eu\/lv\/wp-json\/wp\/v2\/product_tag?post=73935"}],"curies":[{"name":"wp","href":"https:\/\/api.w.org\/{rel}","templated":true}]}}