{"id":73927,"date":"2025-07-08T04:37:30","date_gmt":"2025-07-08T04:37:30","guid":{"rendered":"https:\/\/e.kosmolat.eu\/product\/pasta-del-capitano-zobu-pasta-ar-aktiveto-ogli-75-ml\/"},"modified":"2026-04-24T05:53:43","modified_gmt":"2026-04-24T05:53:43","slug":"pasta-del-capitano-zobu-pasta-ar-aktiveto-ogli-75-ml","status":"publish","type":"product","link":"https:\/\/e.kosmolat.eu\/lv\/product\/pasta-del-capitano-zobu-pasta-ar-aktiveto-ogli-75-ml\/","title":{"rendered":"Pasta del Capitano Zobu pasta ar aktiv\u0113to ogli, 75 ml"},"content":{"rendered":"<p>Pal\u012bdz atjaunot dabisko zobu baltumu, nodro\u0161inot svaigu elpu un neboj\u0101jot emalju, pateicoties:<br \/>\n\u2022 Sulfetal Zn\u00ae \u2013 ori\u0123in\u0101lai molekulai ar cinku, kam piem\u012bt att\u012bro\u0161as \u012bpa\u0161\u012bbas;<br \/>\n\u2022 Aktiv\u0113tai augu oglei \u2013 ar absorb\u0113jo\u0161\u0101m \u012bpa\u0161\u012bb\u0101m, kas efekt\u012bvi balina zobus.<\/p>\n<p>Nesatur parab\u0113nus, trikloz\u0101nu, n\u0101trija laurilsulf\u0101tu (SLS) un konservantus, kas izdala formaldeh\u012bdu.<\/p>\n<p>Piesardz\u012bbas pas\u0101kumi: p\u0113c lieto\u0161anas cie\u0161i aizveriet t\u016bbi\u0146u. P\u0101rtrauciet lieto\u0161anu, ja rodas aler\u0123iska reakcija.<\/p>\n<p>Der\u012bguma termi\u0146\u0161 p\u0113c atv\u0113r\u0161anas ir nor\u0101d\u012bts m\u0113ne\u0161os un ir sp\u0113k\u0101, ja produkts tiek uzglab\u0101ts pareizi un tiek lietots paredz\u0113tajos apst\u0101k\u013cos.<\/p>\n","protected":false},"excerpt":{"rendered":"<p>Pal\u012bdz atjaunot dabisko zobu baltumu, nodro\u0161inot svaigu elpu un neboj\u0101jot emalju, pateicoties: \u2022 Sulfetal Zn\u00ae \u2013 ori\u0123in\u0101lai molekulai ar cinku, kam piem\u012bt att\u012bro\u0161as \u012bpa\u0161\u012bbas; \u2022 Aktiv\u0113tai augu oglei \u2013 ar absorb\u0113jo\u0161\u0101m \u012bpa\u0161\u012bb\u0101m, kas efekt\u012bvi balina zobus. Nesatur parab\u0113nus, trikloz\u0101nu, n\u0101trija laurilsulf\u0101tu (SLS) un konservantus, kas izdala formaldeh\u012bdu. Piesardz\u012bbas pas\u0101kumi: p\u0113c lieto\u0161anas cie\u0161i aizveriet t\u016bbi\u0146u. P\u0101rtrauciet [&#8230;]\n","protected":false},"featured_media":96054,"template":"","meta":[],"product_cat":[1308],"product_tag":[],"class_list":{"0":"post-73927","1":"product","2":"type-product","3":"status-publish","4":"has-post-thumbnail","6":"product_brand-ciccarelli_it","7":"product_cat-dantu-pastos-ir-geliai","9":"first","10":"instock","11":"taxable","12":"shipping-taxable","13":"product-type-simple"},"_links":{"self":[{"href":"https:\/\/e.kosmolat.eu\/lv\/wp-json\/wp\/v2\/product\/73927","targetHints":{"allow":["GET"]}}],"collection":[{"href":"https:\/\/e.kosmolat.eu\/lv\/wp-json\/wp\/v2\/product"}],"about":[{"href":"https:\/\/e.kosmolat.eu\/lv\/wp-json\/wp\/v2\/types\/product"}],"wp:featuredmedia":[{"embeddable":true,"href":"https:\/\/e.kosmolat.eu\/lv\/wp-json\/wp\/v2\/media\/96054"}],"wp:attachment":[{"href":"https:\/\/e.kosmolat.eu\/lv\/wp-json\/wp\/v2\/media?parent=73927"}],"wp:term":[{"taxonomy":"product_cat","embeddable":true,"href":"https:\/\/e.kosmolat.eu\/lv\/wp-json\/wp\/v2\/product_cat?post=73927"},{"taxonomy":"product_tag","embeddable":true,"href":"https:\/\/e.kosmolat.eu\/lv\/wp-json\/wp\/v2\/product_tag?post=73927"}],"curies":[{"name":"wp","href":"https:\/\/api.w.org\/{rel}","templated":true}]}}