{"id":73919,"date":"2025-07-08T04:37:13","date_gmt":"2025-07-08T04:37:13","guid":{"rendered":"https:\/\/e.kosmolat.eu\/product\/evoluderm-matejoss-sejas-kops-lidz-pret-adas-nepiln-kombin-un-taukain-adai-50-ml\/"},"modified":"2026-04-08T13:44:03","modified_gmt":"2026-04-08T13:44:03","slug":"evoluderm-matejoss-sejas-kops-lidz-pret-adas-nepiln-kombin-un-taukain-adai-50-ml","status":"publish","type":"product","link":"https:\/\/e.kosmolat.eu\/lv\/product\/evoluderm-matejoss-sejas-kops-lidz-pret-adas-nepiln-kombin-un-taukain-adai-50-ml\/","title":{"rendered":"EVOLUDERM Mat\u0113jo\u0161s sejas kop\u0161. l\u012bdz. pret \u0101das nepiln. kombin. un taukain. \u0101dai, 50 ml"},"content":{"rendered":"<p>Mat\u0113jo\u0161s sejas kop\u0161anas l\u012bdzeklis pal\u012bdz samazin\u0101t kombin\u0113tas un taukainas \u0101das nepiln\u012bbas. Roz\u0101 greipfr\u016bta ekstrakta un cinka att\u012bro\u0161\u0101s \u012bpa\u0161\u012bbas nodro\u0161ina dzi\u013cu att\u012br\u012b\u0161anu un \u0101das mitrin\u0101\u0161anu, uzlabojot t\u0101s tekst\u016bru. R\u012bsu pulveris pie\u0161\u0137ir \u0101dai mat\u0113tu un samtainu izskatu.<\/p>\n<p>Rezult\u0101ts: dienu no dienas \u0101da k\u013c\u016bst vienm\u0113r\u012bg\u0101ka, un poras \u2013 maz\u0101k paman\u0101mas.<\/p>\n<p>Lieto\u0161ana: uzkl\u0101t no r\u012bta un vakar\u0101 uz iepriek\u0161 att\u012br\u012btas sejas \u0101das, izvairoties no acu zonas.<\/p>\n<p>Piesardz\u012bbas pas\u0101kumi: ja nok\u013c\u016bst ac\u012bs, nekav\u0113joties izskalot ar lielu daudzumu \u016bdens.<\/p>\n<p>Dermatolo\u0123iski p\u0101rbaud\u012bts.<\/p>\n","protected":false},"excerpt":{"rendered":"<p>Mat\u0113jo\u0161s sejas kop\u0161anas l\u012bdzeklis pal\u012bdz samazin\u0101t kombin\u0113tas un taukainas \u0101das nepiln\u012bbas. Roz\u0101 greipfr\u016bta ekstrakta un cinka att\u012bro\u0161\u0101s \u012bpa\u0161\u012bbas nodro\u0161ina dzi\u013cu att\u012br\u012b\u0161anu un \u0101das mitrin\u0101\u0161anu, uzlabojot t\u0101s tekst\u016bru. R\u012bsu pulveris pie\u0161\u0137ir \u0101dai mat\u0113tu un samtainu izskatu. Rezult\u0101ts: dienu no dienas \u0101da k\u013c\u016bst vienm\u0113r\u012bg\u0101ka, un poras \u2013 maz\u0101k paman\u0101mas. Lieto\u0161ana: uzkl\u0101t no r\u012bta un vakar\u0101 uz iepriek\u0161 [&#8230;]\n","protected":false},"featured_media":94298,"template":"","meta":[],"product_cat":[1999],"product_tag":[],"class_list":{"0":"post-73919","1":"product","2":"type-product","3":"status-publish","4":"has-post-thumbnail","6":"product_brand-evoluderm","7":"product_cat-bez-kategorijas","9":"first","10":"instock","11":"taxable","12":"shipping-taxable","13":"product-type-simple"},"_links":{"self":[{"href":"https:\/\/e.kosmolat.eu\/lv\/wp-json\/wp\/v2\/product\/73919","targetHints":{"allow":["GET"]}}],"collection":[{"href":"https:\/\/e.kosmolat.eu\/lv\/wp-json\/wp\/v2\/product"}],"about":[{"href":"https:\/\/e.kosmolat.eu\/lv\/wp-json\/wp\/v2\/types\/product"}],"wp:featuredmedia":[{"embeddable":true,"href":"https:\/\/e.kosmolat.eu\/lv\/wp-json\/wp\/v2\/media\/94298"}],"wp:attachment":[{"href":"https:\/\/e.kosmolat.eu\/lv\/wp-json\/wp\/v2\/media?parent=73919"}],"wp:term":[{"taxonomy":"product_cat","embeddable":true,"href":"https:\/\/e.kosmolat.eu\/lv\/wp-json\/wp\/v2\/product_cat?post=73919"},{"taxonomy":"product_tag","embeddable":true,"href":"https:\/\/e.kosmolat.eu\/lv\/wp-json\/wp\/v2\/product_tag?post=73919"}],"curies":[{"name":"wp","href":"https:\/\/api.w.org\/{rel}","templated":true}]}}