{"id":73911,"date":"2025-07-08T04:36:56","date_gmt":"2025-07-08T04:36:56","guid":{"rendered":"https:\/\/e.kosmolat.eu\/product\/evoluderm-saldo-mandelu-ella-berniem-0-100-ml\/"},"modified":"2026-04-15T09:34:32","modified_gmt":"2026-04-15T09:34:32","slug":"evoluderm-saldo-mandelu-ella-berniem-0-100-ml","status":"publish","type":"product","link":"https:\/\/e.kosmolat.eu\/lv\/product\/evoluderm-saldo-mandelu-ella-berniem-0-100-ml\/","title":{"rendered":"EVOLUDERM Saldo mande\u013cu e\u013cla b\u0113rniem 0+, 100 ml"},"content":{"rendered":"<p>Saldo mande\u013cu e\u013c\u013ca b\u0113rniem no pirmaj\u0101m dz\u012bves dien\u0101m \u2013 piem\u0113rota mas\u0101\u017eai, \u0137ermenim un matiem. Baro, m\u012bkstina un aizsarg\u0101 \u0101du. Oftalmolo\u0123iski p\u0101rbaud\u012bta.<\/p>\n<p>Piesardz\u012bbas pas\u0101kumi: tikai \u0101r\u012bgai lieto\u0161anai. Uzglab\u0101t b\u0113rniem nepieejam\u0101 viet\u0101. Izvair\u012bties no saskares ar ac\u012bm. Ja nok\u013c\u016bst ac\u012bs, izskalot ar lielu daudzumu \u016bdens.<\/p>\n","protected":false},"excerpt":{"rendered":"<p>Saldo mande\u013cu e\u013c\u013ca b\u0113rniem no pirmaj\u0101m dz\u012bves dien\u0101m \u2013 piem\u0113rota mas\u0101\u017eai, \u0137ermenim un matiem. Baro, m\u012bkstina un aizsarg\u0101 \u0101du. Oftalmolo\u0123iski p\u0101rbaud\u012bta. Piesardz\u012bbas pas\u0101kumi: tikai \u0101r\u012bgai lieto\u0161anai. Uzglab\u0101t b\u0113rniem nepieejam\u0101 viet\u0101. Izvair\u012bties no saskares ar ac\u012bm. Ja nok\u013c\u016bst ac\u012bs, izskalot ar lielu daudzumu \u016bdens.<\/p>\n","protected":false},"featured_media":94454,"template":"","meta":[],"product_cat":[1361],"product_tag":[],"class_list":{"0":"post-73911","1":"product","2":"type-product","3":"status-publish","4":"has-post-thumbnail","6":"product_brand-evoluderm","7":"product_cat-adas-kopsanas-kosmetika","9":"first","10":"instock","11":"taxable","12":"shipping-taxable","13":"product-type-simple"},"_links":{"self":[{"href":"https:\/\/e.kosmolat.eu\/lv\/wp-json\/wp\/v2\/product\/73911","targetHints":{"allow":["GET"]}}],"collection":[{"href":"https:\/\/e.kosmolat.eu\/lv\/wp-json\/wp\/v2\/product"}],"about":[{"href":"https:\/\/e.kosmolat.eu\/lv\/wp-json\/wp\/v2\/types\/product"}],"wp:featuredmedia":[{"embeddable":true,"href":"https:\/\/e.kosmolat.eu\/lv\/wp-json\/wp\/v2\/media\/94454"}],"wp:attachment":[{"href":"https:\/\/e.kosmolat.eu\/lv\/wp-json\/wp\/v2\/media?parent=73911"}],"wp:term":[{"taxonomy":"product_cat","embeddable":true,"href":"https:\/\/e.kosmolat.eu\/lv\/wp-json\/wp\/v2\/product_cat?post=73911"},{"taxonomy":"product_tag","embeddable":true,"href":"https:\/\/e.kosmolat.eu\/lv\/wp-json\/wp\/v2\/product_tag?post=73911"}],"curies":[{"name":"wp","href":"https:\/\/api.w.org\/{rel}","templated":true}]}}