{"id":73903,"date":"2025-07-08T04:36:41","date_gmt":"2025-07-08T04:36:41","guid":{"rendered":"https:\/\/e.kosmolat.eu\/product\/evoluderm-maigs-mazulu-sejas-un-kerm-attiros-pienins-0-500-ml\/"},"modified":"2025-09-20T07:05:57","modified_gmt":"2025-09-20T07:05:57","slug":"evoluderm-maigs-mazulu-sejas-un-kerm-attiros-pienins-0-500-ml","status":"publish","type":"product","link":"https:\/\/e.kosmolat.eu\/lv\/product\/evoluderm-maigs-mazulu-sejas-un-kerm-attiros-pienins-0-500-ml\/","title":{"rendered":"EVOLUDERM Maigs mazu\u013cu sejas un kerm. att\u012bro\u0161. pieni\u0146\u0161 0+, 500 ml"},"content":{"rendered":"<p>Att\u012bra un mitrina. Nav j\u0101noskalo.<br \/>\nSatur kokvilnas ekstraktu, saldo mande\u013cu e\u013c\u013cu un augu izcelsmes glicer\u012bnu.<\/p>\n<p>\u2022 Piem\u0113rots ikdienas lieto\u0161anai;<br \/>\n\u2022 Nekairina \u0101du;<br \/>\n\u2022 Dermatolo\u0123iski un oftalmolo\u0123iski p\u0101rbaud\u012bts.<\/p>\n<p>\u0160is maigais pieni\u0146\u0161 ir \u012bpa\u0161i izstr\u0101d\u0101ts jut\u012bgai mazu\u013cu \u0101dai \u2013 tas maigi no\u0146em net\u012brumus un pal\u012bdz saglab\u0101t \u0101das dabisko aizsargbarjeru.<\/p>\n<p>Lieto\u0161ana: uzkl\u0101jiet pieni\u0146u uz vates diska un maigi not\u012briet mazu\u013ca \u0101du. Nav nepiecie\u0161ams noskalot.<\/p>\n<p>Piesardz\u012bbas pas\u0101kumi: tikai \u0101r\u012bgai lieto\u0161anai. Uzglab\u0101t b\u0113rniem nepieejam\u0101 viet\u0101. Izvair\u012bties no saskares ar ac\u012bm.<\/p>\n","protected":false},"excerpt":{"rendered":"<p>Att\u012bra un mitrina. Nav j\u0101noskalo. Satur kokvilnas ekstraktu, saldo mande\u013cu e\u013c\u013cu un augu izcelsmes glicer\u012bnu. \u2022 Piem\u0113rots ikdienas lieto\u0161anai; \u2022 Nekairina \u0101du; \u2022 Dermatolo\u0123iski un oftalmolo\u0123iski p\u0101rbaud\u012bts. \u0160is maigais pieni\u0146\u0161 ir \u012bpa\u0161i izstr\u0101d\u0101ts jut\u012bgai mazu\u013cu \u0101dai \u2013 tas maigi no\u0146em net\u012brumus un pal\u012bdz saglab\u0101t \u0101das dabisko aizsargbarjeru. Lieto\u0161ana: uzkl\u0101jiet pieni\u0146u uz vates diska un maigi [&#8230;]\n","protected":false},"featured_media":94450,"template":"","meta":[],"product_cat":[1361],"product_tag":[],"class_list":{"0":"post-73903","1":"product","2":"type-product","3":"status-publish","4":"has-post-thumbnail","6":"product_brand-evoluderm","7":"product_cat-adas-kopsanas-kosmetika","9":"first","10":"outofstock","11":"taxable","12":"shipping-taxable","13":"product-type-simple"},"_links":{"self":[{"href":"https:\/\/e.kosmolat.eu\/lv\/wp-json\/wp\/v2\/product\/73903","targetHints":{"allow":["GET"]}}],"collection":[{"href":"https:\/\/e.kosmolat.eu\/lv\/wp-json\/wp\/v2\/product"}],"about":[{"href":"https:\/\/e.kosmolat.eu\/lv\/wp-json\/wp\/v2\/types\/product"}],"wp:featuredmedia":[{"embeddable":true,"href":"https:\/\/e.kosmolat.eu\/lv\/wp-json\/wp\/v2\/media\/94450"}],"wp:attachment":[{"href":"https:\/\/e.kosmolat.eu\/lv\/wp-json\/wp\/v2\/media?parent=73903"}],"wp:term":[{"taxonomy":"product_cat","embeddable":true,"href":"https:\/\/e.kosmolat.eu\/lv\/wp-json\/wp\/v2\/product_cat?post=73903"},{"taxonomy":"product_tag","embeddable":true,"href":"https:\/\/e.kosmolat.eu\/lv\/wp-json\/wp\/v2\/product_tag?post=73903"}],"curies":[{"name":"wp","href":"https:\/\/api.w.org\/{rel}","templated":true}]}}