{"id":73895,"date":"2025-07-08T04:36:25","date_gmt":"2025-07-08T04:36:25","guid":{"rendered":"https:\/\/e.kosmolat.eu\/product\/evoluderm-maiga-attir-zeleja-mazulu-sejai-un-kerm-0-500-ml\/"},"modified":"2025-09-20T07:05:45","modified_gmt":"2025-09-20T07:05:45","slug":"evoluderm-maiga-attir-zeleja-mazulu-sejai-un-kerm-0-500-ml","status":"publish","type":"product","link":"https:\/\/e.kosmolat.eu\/lv\/product\/evoluderm-maiga-attir-zeleja-mazulu-sejai-un-kerm-0-500-ml\/","title":{"rendered":"EVOLUDERM Maiga att\u012br. \u017eeleja mazu\u013cu sejai un \u0137erm. 0+, 500 ml"},"content":{"rendered":"<p>Maiga att\u012bro\u0161a \u017eeleja no pirmaj\u0101m dz\u012bves dien\u0101m efekt\u012bvi att\u012bra, mitrina un m\u012bkstina \u0101du. Satur kokvilnas ekstraktu un augu izcelsmes glicer\u012bnu.<\/p>\n<p>\u2022 Piem\u0113rota ikdienas lieto\u0161anai;<br \/>\n\u2022 Piem\u0113rota b\u0113rniem no dzim\u0161anas;<br \/>\n\u2022 Oftalmolo\u0123iski p\u0101rbaud\u012bta.<\/p>\n<p>Lieto\u0161ana: uzkl\u0101jiet \u017eeleju uz mitras b\u0113rna \u0101das un matiem, piev\u0113r\u0161ot \u012bpa\u0161u uzman\u012bbu \u0101das krok\u0101m. Noskalojiet ar t\u012bru \u016bdeni un uzman\u012bgi nosusiniet.<\/p>\n<p>Piesardz\u012bbas pas\u0101kumi: tikai \u0101r\u012bgai lieto\u0161anai. Uzglab\u0101t b\u0113rniem nepieejam\u0101 viet\u0101. Izvair\u012bties no saskares ar ac\u012bm.<\/p>\n","protected":false},"excerpt":{"rendered":"<p>Maiga att\u012bro\u0161a \u017eeleja no pirmaj\u0101m dz\u012bves dien\u0101m efekt\u012bvi att\u012bra, mitrina un m\u012bkstina \u0101du. Satur kokvilnas ekstraktu un augu izcelsmes glicer\u012bnu. \u2022 Piem\u0113rota ikdienas lieto\u0161anai; \u2022 Piem\u0113rota b\u0113rniem no dzim\u0161anas; \u2022 Oftalmolo\u0123iski p\u0101rbaud\u012bta. Lieto\u0161ana: uzkl\u0101jiet \u017eeleju uz mitras b\u0113rna \u0101das un matiem, piev\u0113r\u0161ot \u012bpa\u0161u uzman\u012bbu \u0101das krok\u0101m. Noskalojiet ar t\u012bru \u016bdeni un uzman\u012bgi nosusiniet. Piesardz\u012bbas pas\u0101kumi: [&#8230;]\n","protected":false},"featured_media":94446,"template":"","meta":[],"product_cat":[1361],"product_tag":[],"class_list":{"0":"post-73895","1":"product","2":"type-product","3":"status-publish","4":"has-post-thumbnail","6":"product_brand-evoluderm","7":"product_cat-adas-kopsanas-kosmetika","9":"first","10":"outofstock","11":"taxable","12":"shipping-taxable","13":"product-type-simple"},"_links":{"self":[{"href":"https:\/\/e.kosmolat.eu\/lv\/wp-json\/wp\/v2\/product\/73895","targetHints":{"allow":["GET"]}}],"collection":[{"href":"https:\/\/e.kosmolat.eu\/lv\/wp-json\/wp\/v2\/product"}],"about":[{"href":"https:\/\/e.kosmolat.eu\/lv\/wp-json\/wp\/v2\/types\/product"}],"wp:featuredmedia":[{"embeddable":true,"href":"https:\/\/e.kosmolat.eu\/lv\/wp-json\/wp\/v2\/media\/94446"}],"wp:attachment":[{"href":"https:\/\/e.kosmolat.eu\/lv\/wp-json\/wp\/v2\/media?parent=73895"}],"wp:term":[{"taxonomy":"product_cat","embeddable":true,"href":"https:\/\/e.kosmolat.eu\/lv\/wp-json\/wp\/v2\/product_cat?post=73895"},{"taxonomy":"product_tag","embeddable":true,"href":"https:\/\/e.kosmolat.eu\/lv\/wp-json\/wp\/v2\/product_tag?post=73895"}],"curies":[{"name":"wp","href":"https:\/\/api.w.org\/{rel}","templated":true}]}}