{"id":73887,"date":"2025-07-08T04:36:09","date_gmt":"2025-07-08T04:36:09","guid":{"rendered":"https:\/\/e.kosmolat.eu\/product\/evoluderm-mens-care-barojos-bardas-ella-ar-ricinellu-un-saldo-mand-ellu-30-ml\/"},"modified":"2026-04-22T12:23:47","modified_gmt":"2026-04-22T12:23:47","slug":"evoluderm-mens-care-barojos-bardas-ella-ar-ricinellu-un-saldo-mand-ellu-30-ml","status":"publish","type":"product","link":"https:\/\/e.kosmolat.eu\/lv\/product\/evoluderm-mens-care-barojos-bardas-ella-ar-ricinellu-un-saldo-mand-ellu-30-ml\/","title":{"rendered":"EVOLUDERM Men&#8217;s Care Barojo\u0161. b\u0101rdas e\u013cla ar r\u012bcine\u013clu un saldo mand. e\u013c\u013cu, 30 ml"},"content":{"rendered":"<p>E\u013c\u013ca 2\u202fin 1 sejai un b\u0101rdai. Piem\u0113rota visiem b\u0101rdas tipiem.<\/p>\n<p>Lieto\u0161ana: uzkl\u0101jiet da\u017eus pilienus uz t\u012bras, sausas b\u0101rdas katru dienu. Maigi iemas\u0113jiet un iz\u0137emm\u0113jiet, lai vienm\u0113r\u012bgi sadal\u012btu l\u012bdzekli. Izvairieties no saskares ar ac\u012bm. Izvairieties no saskares ar ac\u012bm.<\/p>\n<p>Dermatolo\u0123iski p\u0101rbaud\u012bts.<\/p>\n","protected":false},"excerpt":{"rendered":"<p>E\u013c\u013ca 2\u202fin 1 sejai un b\u0101rdai. Piem\u0113rota visiem b\u0101rdas tipiem. Lieto\u0161ana: uzkl\u0101jiet da\u017eus pilienus uz t\u012bras, sausas b\u0101rdas katru dienu. Maigi iemas\u0113jiet un iz\u0137emm\u0113jiet, lai vienm\u0113r\u012bgi sadal\u012btu l\u012bdzekli. Izvairieties no saskares ar ac\u012bm. Izvairieties no saskares ar ac\u012bm. Dermatolo\u0123iski p\u0101rbaud\u012bts.<\/p>\n","protected":false},"featured_media":94442,"template":"","meta":[],"product_cat":[1999],"product_tag":[],"class_list":{"0":"post-73887","1":"product","2":"type-product","3":"status-publish","4":"has-post-thumbnail","6":"product_brand-evoluderm","7":"product_cat-bez-kategorijas","9":"first","10":"instock","11":"taxable","12":"shipping-taxable","13":"product-type-simple"},"_links":{"self":[{"href":"https:\/\/e.kosmolat.eu\/lv\/wp-json\/wp\/v2\/product\/73887","targetHints":{"allow":["GET"]}}],"collection":[{"href":"https:\/\/e.kosmolat.eu\/lv\/wp-json\/wp\/v2\/product"}],"about":[{"href":"https:\/\/e.kosmolat.eu\/lv\/wp-json\/wp\/v2\/types\/product"}],"wp:featuredmedia":[{"embeddable":true,"href":"https:\/\/e.kosmolat.eu\/lv\/wp-json\/wp\/v2\/media\/94442"}],"wp:attachment":[{"href":"https:\/\/e.kosmolat.eu\/lv\/wp-json\/wp\/v2\/media?parent=73887"}],"wp:term":[{"taxonomy":"product_cat","embeddable":true,"href":"https:\/\/e.kosmolat.eu\/lv\/wp-json\/wp\/v2\/product_cat?post=73887"},{"taxonomy":"product_tag","embeddable":true,"href":"https:\/\/e.kosmolat.eu\/lv\/wp-json\/wp\/v2\/product_tag?post=73887"}],"curies":[{"name":"wp","href":"https:\/\/api.w.org\/{rel}","templated":true}]}}