{"id":73879,"date":"2025-07-08T04:35:50","date_gmt":"2025-07-08T04:35:50","guid":{"rendered":"https:\/\/e.kosmolat.eu\/product\/evoluderm-mens-care-energ-piesk-un-mitr-sejas-kops-lidzeklis-50-ml\/"},"modified":"2025-09-20T07:05:17","modified_gmt":"2025-09-20T07:05:17","slug":"evoluderm-mens-care-energ-piesk-un-mitr-sejas-kops-lidzeklis-50-ml","status":"publish","type":"product","link":"https:\/\/e.kosmolat.eu\/lv\/product\/evoluderm-mens-care-energ-piesk-un-mitr-sejas-kops-lidzeklis-50-ml\/","title":{"rendered":"EVOLUDERM Men&#8217;s Care Ener\u0123. pie\u0161\u0137. un mitr. sejas kop\u0161. l\u012bdzeklis, 50 ml"},"content":{"rendered":"<p>Mitrino\u0161s sejas kop\u0161anas l\u012bdzeklis v\u012brie\u0161iem pie\u0161\u0137ir \u0101dai mirdzumu un ener\u0123iju. Ide\u0101li piem\u0113rots lieto\u0161anai p\u0113c sk\u016b\u0161an\u0101s: t\u0101 kr\u0113m\u012bg\u0101, \u017eelejveida tekst\u016bra baro un nomierina \u0101du, sniedzot t\u016bl\u012bt\u0113ju komforta saj\u016btu.<\/p>\n<p>Lieto\u0161ana: nelielu l\u012bdzek\u013ca daudzumu (rieksta lielum\u0101) uzkl\u0101jiet uz sejas un kakla \u0101das ar ap\u013cveida kust\u012bb\u0101m. Izvairieties no acu zonas.<\/p>\n<p>Rezult\u0101ts: \u0101da k\u013c\u016bst svaiga, toniz\u0113ta un ieg\u016bst dabisku mirdzumu.<\/p>\n<p>Dermatolo\u0123iski p\u0101rbaud\u012bts.<\/p>\n","protected":false},"excerpt":{"rendered":"<p>Mitrino\u0161s sejas kop\u0161anas l\u012bdzeklis v\u012brie\u0161iem pie\u0161\u0137ir \u0101dai mirdzumu un ener\u0123iju. Ide\u0101li piem\u0113rots lieto\u0161anai p\u0113c sk\u016b\u0161an\u0101s: t\u0101 kr\u0113m\u012bg\u0101, \u017eelejveida tekst\u016bra baro un nomierina \u0101du, sniedzot t\u016bl\u012bt\u0113ju komforta saj\u016btu. Lieto\u0161ana: nelielu l\u012bdzek\u013ca daudzumu (rieksta lielum\u0101) uzkl\u0101jiet uz sejas un kakla \u0101das ar ap\u013cveida kust\u012bb\u0101m. Izvairieties no acu zonas. Rezult\u0101ts: \u0101da k\u013c\u016bst svaiga, toniz\u0113ta un ieg\u016bst dabisku mirdzumu. [&#8230;]\n","protected":false},"featured_media":94438,"template":"","meta":[],"product_cat":[1676],"product_tag":[],"class_list":{"0":"post-73879","1":"product","2":"type-product","3":"status-publish","4":"has-post-thumbnail","6":"product_brand-evoluderm","7":"product_cat-sejas-kopsanai-viriesiem","9":"first","10":"outofstock","11":"taxable","12":"shipping-taxable","13":"product-type-simple"},"_links":{"self":[{"href":"https:\/\/e.kosmolat.eu\/lv\/wp-json\/wp\/v2\/product\/73879","targetHints":{"allow":["GET"]}}],"collection":[{"href":"https:\/\/e.kosmolat.eu\/lv\/wp-json\/wp\/v2\/product"}],"about":[{"href":"https:\/\/e.kosmolat.eu\/lv\/wp-json\/wp\/v2\/types\/product"}],"wp:featuredmedia":[{"embeddable":true,"href":"https:\/\/e.kosmolat.eu\/lv\/wp-json\/wp\/v2\/media\/94438"}],"wp:attachment":[{"href":"https:\/\/e.kosmolat.eu\/lv\/wp-json\/wp\/v2\/media?parent=73879"}],"wp:term":[{"taxonomy":"product_cat","embeddable":true,"href":"https:\/\/e.kosmolat.eu\/lv\/wp-json\/wp\/v2\/product_cat?post=73879"},{"taxonomy":"product_tag","embeddable":true,"href":"https:\/\/e.kosmolat.eu\/lv\/wp-json\/wp\/v2\/product_tag?post=73879"}],"curies":[{"name":"wp","href":"https:\/\/api.w.org\/{rel}","templated":true}]}}