{"id":73871,"date":"2025-07-08T04:35:33","date_gmt":"2025-07-08T04:35:33","guid":{"rendered":"https:\/\/e.kosmolat.eu\/product\/evoluderm-tonizejosa-attir-zeleja-viriesiem-c-vit-un-zens-ekstraktu-100-ml\/"},"modified":"2026-02-25T09:28:09","modified_gmt":"2026-02-25T09:28:09","slug":"evoluderm-tonizejosa-attir-zeleja-viriesiem-c-vit-un-zens-ekstraktu-100-ml","status":"publish","type":"product","link":"https:\/\/e.kosmolat.eu\/lv\/product\/evoluderm-tonizejosa-attir-zeleja-viriesiem-c-vit-un-zens-ekstraktu-100-ml\/","title":{"rendered":"EVOLUDERM Toniz\u0113jo\u0161a att\u012br. \u017eeleja v\u012brie\u0161iem C vit. un \u017ee\u0146\u0161. ekstraktu, 100 ml"},"content":{"rendered":"<p>Lieto\u0161ana: no r\u012bta un vakar\u0101 uzkl\u0101jiet nelielu daudzumu l\u012bdzek\u013ca uz mitras sejas un\/vai b\u0101rdas. Saputojiet, izvairoties no acu zonas, p\u0113c tam r\u016bp\u012bgi noskalojiet.<\/p>\n<p>Piesardz\u012bbas pas\u0101kumi: ja nok\u013c\u016bst ac\u012bs, nekav\u0113joties izskalot ar lielu daudzumu \u016bdens.<\/p>\n<p>Dermatolo\u0123iski p\u0101rbaud\u012bts.<\/p>\n","protected":false},"excerpt":{"rendered":"<p>Lieto\u0161ana: no r\u012bta un vakar\u0101 uzkl\u0101jiet nelielu daudzumu l\u012bdzek\u013ca uz mitras sejas un\/vai b\u0101rdas. Saputojiet, izvairoties no acu zonas, p\u0113c tam r\u016bp\u012bgi noskalojiet. Piesardz\u012bbas pas\u0101kumi: ja nok\u013c\u016bst ac\u012bs, nekav\u0113joties izskalot ar lielu daudzumu \u016bdens. Dermatolo\u0123iski p\u0101rbaud\u012bts.<\/p>\n","protected":false},"featured_media":94434,"template":"","meta":[],"product_cat":[1676],"product_tag":[],"class_list":{"0":"post-73871","1":"product","2":"type-product","3":"status-publish","4":"has-post-thumbnail","6":"product_brand-evoluderm","7":"product_cat-sejas-kopsanai-viriesiem","9":"first","10":"instock","11":"taxable","12":"shipping-taxable","13":"product-type-simple"},"_links":{"self":[{"href":"https:\/\/e.kosmolat.eu\/lv\/wp-json\/wp\/v2\/product\/73871","targetHints":{"allow":["GET"]}}],"collection":[{"href":"https:\/\/e.kosmolat.eu\/lv\/wp-json\/wp\/v2\/product"}],"about":[{"href":"https:\/\/e.kosmolat.eu\/lv\/wp-json\/wp\/v2\/types\/product"}],"wp:featuredmedia":[{"embeddable":true,"href":"https:\/\/e.kosmolat.eu\/lv\/wp-json\/wp\/v2\/media\/94434"}],"wp:attachment":[{"href":"https:\/\/e.kosmolat.eu\/lv\/wp-json\/wp\/v2\/media?parent=73871"}],"wp:term":[{"taxonomy":"product_cat","embeddable":true,"href":"https:\/\/e.kosmolat.eu\/lv\/wp-json\/wp\/v2\/product_cat?post=73871"},{"taxonomy":"product_tag","embeddable":true,"href":"https:\/\/e.kosmolat.eu\/lv\/wp-json\/wp\/v2\/product_tag?post=73871"}],"curies":[{"name":"wp","href":"https:\/\/api.w.org\/{rel}","templated":true}]}}