{"id":73863,"date":"2025-07-08T04:35:17","date_gmt":"2025-07-08T04:35:17","guid":{"rendered":"https:\/\/e.kosmolat.eu\/product\/evoluderm-sos-sos-lidz-punktveida-uzkl-pret-adas-nepiln-roza-greipfr-15-ml\/"},"modified":"2025-09-20T07:04:21","modified_gmt":"2025-09-20T07:04:21","slug":"evoluderm-sos-sos-lidz-punktveida-uzkl-pret-adas-nepiln-roza-greipfr-15-ml","status":"publish","type":"product","link":"https:\/\/e.kosmolat.eu\/lv\/product\/evoluderm-sos-sos-lidz-punktveida-uzkl-pret-adas-nepiln-roza-greipfr-15-ml\/","title":{"rendered":"EVOLUDERM SOS SOS l\u012bdz. punktveida uzkl. pret \u0101das nepiln. Roz\u0101 greipfr., 15 ml"},"content":{"rendered":"<p>SOS l\u012bdzeklis punktveida uzkl\u0101\u0161anai ir bag\u0101tin\u0101ts ar t\u0113jas koka e\u013c\u013cu un cinku. Tas sausina, kori\u0123\u0113 un samazina \u0101das nepiln\u012bbas. Svaig\u0101 \u017eelejveida formula \u0101tri uzs\u016bcas, att\u012bra \u0101du un uzlabo t\u0101s tekst\u016bru. Kli\u0146\u0123er\u012bte jau p\u0113c pirm\u0101s lieto\u0161anas reizes m\u012bkstina un nomierina \u0101du.<\/p>\n<p>Rezult\u0101ts: \u0101da k\u013c\u016bst gluda un t\u012bra.<\/p>\n<p>Lieto\u0161ana: uzkl\u0101jiet l\u012bdzekli lok\u0101li uz att\u012br\u012btas \u0101das divas reizes dien\u0101. Izvairieties no zonas ap ac\u012bm.<\/p>\n<p>Dermatolo\u0123iski p\u0101rbaud\u012bts.<\/p>\n","protected":false},"excerpt":{"rendered":"<p>SOS l\u012bdzeklis punktveida uzkl\u0101\u0161anai ir bag\u0101tin\u0101ts ar t\u0113jas koka e\u013c\u013cu un cinku. Tas sausina, kori\u0123\u0113 un samazina \u0101das nepiln\u012bbas. Svaig\u0101 \u017eelejveida formula \u0101tri uzs\u016bcas, att\u012bra \u0101du un uzlabo t\u0101s tekst\u016bru. Kli\u0146\u0123er\u012bte jau p\u0113c pirm\u0101s lieto\u0161anas reizes m\u012bkstina un nomierina \u0101du. Rezult\u0101ts: \u0101da k\u013c\u016bst gluda un t\u012bra. Lieto\u0161ana: uzkl\u0101jiet l\u012bdzekli lok\u0101li uz att\u012br\u012btas \u0101das divas reizes [&#8230;]\n","protected":false},"featured_media":94422,"template":"","meta":[],"product_cat":[1322],"product_tag":[],"class_list":{"0":"post-73863","1":"product","2":"type-product","3":"status-publish","4":"has-post-thumbnail","6":"product_brand-evoluderm","7":"product_cat-veido-kremai","9":"first","10":"outofstock","11":"taxable","12":"shipping-taxable","13":"product-type-simple"},"_links":{"self":[{"href":"https:\/\/e.kosmolat.eu\/lv\/wp-json\/wp\/v2\/product\/73863","targetHints":{"allow":["GET"]}}],"collection":[{"href":"https:\/\/e.kosmolat.eu\/lv\/wp-json\/wp\/v2\/product"}],"about":[{"href":"https:\/\/e.kosmolat.eu\/lv\/wp-json\/wp\/v2\/types\/product"}],"wp:featuredmedia":[{"embeddable":true,"href":"https:\/\/e.kosmolat.eu\/lv\/wp-json\/wp\/v2\/media\/94422"}],"wp:attachment":[{"href":"https:\/\/e.kosmolat.eu\/lv\/wp-json\/wp\/v2\/media?parent=73863"}],"wp:term":[{"taxonomy":"product_cat","embeddable":true,"href":"https:\/\/e.kosmolat.eu\/lv\/wp-json\/wp\/v2\/product_cat?post=73863"},{"taxonomy":"product_tag","embeddable":true,"href":"https:\/\/e.kosmolat.eu\/lv\/wp-json\/wp\/v2\/product_tag?post=73863"}],"curies":[{"name":"wp","href":"https:\/\/api.w.org\/{rel}","templated":true}]}}