{"id":73855,"date":"2025-07-08T04:08:13","date_gmt":"2025-07-08T04:08:13","guid":{"rendered":"https:\/\/e.kosmolat.eu\/product\/evoluderm-2-in-1-attir-lidz-sejas-maska-pret-adas-nepilnibam-roza-greipfr-150-ml\/"},"modified":"2026-04-17T08:23:23","modified_gmt":"2026-04-17T08:23:23","slug":"evoluderm-2-in-1-attir-lidz-sejas-maska-pret-adas-nepilnibam-roza-greipfr-150-ml","status":"publish","type":"product","link":"https:\/\/e.kosmolat.eu\/lv\/product\/evoluderm-2-in-1-attir-lidz-sejas-maska-pret-adas-nepilnibam-roza-greipfr-150-ml\/","title":{"rendered":"EVOLUDERM 2 in 1 Att\u012br. l\u012bdz.\/sejas maska pret \u0101das nepiln\u012bb\u0101m Roz\u0101 greipfr., 150 ml"},"content":{"rendered":"<p>Att\u012bro\u0161s l\u012bdzeklis\/sejas maska, bag\u0101tin\u0101ts ar cinku un roz\u0101 greipfr\u016bta ekstraktu, maigi att\u012bra \u0101du, no\u0146em net\u012brumus un pal\u012bdz samazin\u0101t \u0101das nepiln\u012bbas. T\u0101 m\u0101la formula ar absorb\u0113jo\u0161\u0101m \u012bpa\u0161\u012bb\u0101m dzi\u013ci att\u012bra poras un uzs\u016bc lieko sebumu.<\/p>\n<p>Rezult\u0101ts: \u0101das tekst\u016bra redzami uzlabojas, nepiln\u012bbas k\u013c\u016bst maz\u0101k paman\u0101mas.<\/p>\n<p>Lieto\u0161ana: uzkl\u0101jiet katru dienu uz mitras \u0101das, iemas\u0113jiet un noskalojiet. 1\u20132 reizes ned\u0113\u013c\u0101 lietojiet k\u0101 masku: uzkl\u0101jiet uz sausas \u0101das, atst\u0101jiet iedarboties 5\u201310 min\u016btes, p\u0113c tam r\u016bp\u012bgi noskalojiet. Izvairieties no acu zonas.<\/p>\n<p>Dermatolo\u0123iski p\u0101rbaud\u012bts.<\/p>\n","protected":false},"excerpt":{"rendered":"<p>Att\u012bro\u0161s l\u012bdzeklis\/sejas maska, bag\u0101tin\u0101ts ar cinku un roz\u0101 greipfr\u016bta ekstraktu, maigi att\u012bra \u0101du, no\u0146em net\u012brumus un pal\u012bdz samazin\u0101t \u0101das nepiln\u012bbas. T\u0101 m\u0101la formula ar absorb\u0113jo\u0161\u0101m \u012bpa\u0161\u012bb\u0101m dzi\u013ci att\u012bra poras un uzs\u016bc lieko sebumu. Rezult\u0101ts: \u0101das tekst\u016bra redzami uzlabojas, nepiln\u012bbas k\u013c\u016bst maz\u0101k paman\u0101mas. Lieto\u0161ana: uzkl\u0101jiet katru dienu uz mitras \u0101das, iemas\u0113jiet un noskalojiet. 1\u20132 reizes ned\u0113\u013c\u0101 [&#8230;]\n","protected":false},"featured_media":80494,"template":"","meta":[],"product_cat":[1999],"product_tag":[],"class_list":{"0":"post-73855","1":"product","2":"type-product","3":"status-publish","4":"has-post-thumbnail","6":"product_brand-evoluderm","7":"product_cat-bez-kategorijas","9":"first","10":"instock","11":"taxable","12":"shipping-taxable","13":"product-type-simple"},"_links":{"self":[{"href":"https:\/\/e.kosmolat.eu\/lv\/wp-json\/wp\/v2\/product\/73855","targetHints":{"allow":["GET"]}}],"collection":[{"href":"https:\/\/e.kosmolat.eu\/lv\/wp-json\/wp\/v2\/product"}],"about":[{"href":"https:\/\/e.kosmolat.eu\/lv\/wp-json\/wp\/v2\/types\/product"}],"wp:featuredmedia":[{"embeddable":true,"href":"https:\/\/e.kosmolat.eu\/lv\/wp-json\/wp\/v2\/media\/80494"}],"wp:attachment":[{"href":"https:\/\/e.kosmolat.eu\/lv\/wp-json\/wp\/v2\/media?parent=73855"}],"wp:term":[{"taxonomy":"product_cat","embeddable":true,"href":"https:\/\/e.kosmolat.eu\/lv\/wp-json\/wp\/v2\/product_cat?post=73855"},{"taxonomy":"product_tag","embeddable":true,"href":"https:\/\/e.kosmolat.eu\/lv\/wp-json\/wp\/v2\/product_tag?post=73855"}],"curies":[{"name":"wp","href":"https:\/\/api.w.org\/{rel}","templated":true}]}}