{"id":73847,"date":"2025-07-08T04:07:56","date_gmt":"2025-07-08T04:07:56","guid":{"rendered":"https:\/\/e.kosmolat.eu\/product\/evoluderm-eksfol-attir-zeleja-pret-adas-nepiln-roza-greipfruts-150-ml\/"},"modified":"2026-04-09T15:55:52","modified_gmt":"2026-04-09T15:55:52","slug":"evoluderm-eksfol-attir-zeleja-pret-adas-nepiln-roza-greipfruts-150-ml","status":"publish","type":"product","link":"https:\/\/e.kosmolat.eu\/lv\/product\/evoluderm-eksfol-attir-zeleja-pret-adas-nepiln-roza-greipfruts-150-ml\/","title":{"rendered":"EVOLUDERM Eksfol. att\u012br. \u017eeleja pret \u0101das nepiln. Roz\u0101 greipfr\u016bts, 150 ml"},"content":{"rendered":"<p>Eksfoli\u0113jo\u0161a att\u012bro\u0161a \u017eeleja satur roz\u0101 greipfr\u016bta ekstraktu un cinku. Maigi att\u012bra un atsvaidzina \u0101du, pal\u012bdz samazin\u0101t \u0101das nepiln\u012bbas un no\u0146emt lieko sebumu. R\u012bsu mikroda\u013ci\u0146as maigi noloba \u0101du, padarot to t\u012bru un svaigu.<\/p>\n<p>Lieto\u0161ana: uzkl\u0101jiet uz mitras sejas \u0101das, viegli iemas\u0113jiet, izvairoties no zonas ap ac\u012bm, p\u0113c tam r\u016bp\u012bgi noskalojiet.<\/p>\n<p>Piesardz\u012bbas pas\u0101kumi: Ja nok\u013c\u016bst ac\u012bs, nekav\u0113joties izskalot ar lielu daudzumu \u016bdens.<\/p>\n<p>Dermatolo\u0123iski p\u0101rbaud\u012bts.<\/p>\n","protected":false},"excerpt":{"rendered":"<p>Eksfoli\u0113jo\u0161a att\u012bro\u0161a \u017eeleja satur roz\u0101 greipfr\u016bta ekstraktu un cinku. Maigi att\u012bra un atsvaidzina \u0101du, pal\u012bdz samazin\u0101t \u0101das nepiln\u012bbas un no\u0146emt lieko sebumu. R\u012bsu mikroda\u013ci\u0146as maigi noloba \u0101du, padarot to t\u012bru un svaigu. Lieto\u0161ana: uzkl\u0101jiet uz mitras sejas \u0101das, viegli iemas\u0113jiet, izvairoties no zonas ap ac\u012bm, p\u0113c tam r\u016bp\u012bgi noskalojiet. Piesardz\u012bbas pas\u0101kumi: Ja nok\u013c\u016bst ac\u012bs, nekav\u0113joties [&#8230;]\n","protected":false},"featured_media":80490,"template":"","meta":[],"product_cat":[1396],"product_tag":[],"class_list":{"0":"post-73847","1":"product","2":"type-product","3":"status-publish","4":"has-post-thumbnail","6":"product_brand-evoluderm","7":"product_cat-veido-sveitikliai-ir-pilingai","9":"first","10":"instock","11":"taxable","12":"shipping-taxable","13":"product-type-simple"},"_links":{"self":[{"href":"https:\/\/e.kosmolat.eu\/lv\/wp-json\/wp\/v2\/product\/73847","targetHints":{"allow":["GET"]}}],"collection":[{"href":"https:\/\/e.kosmolat.eu\/lv\/wp-json\/wp\/v2\/product"}],"about":[{"href":"https:\/\/e.kosmolat.eu\/lv\/wp-json\/wp\/v2\/types\/product"}],"wp:featuredmedia":[{"embeddable":true,"href":"https:\/\/e.kosmolat.eu\/lv\/wp-json\/wp\/v2\/media\/80490"}],"wp:attachment":[{"href":"https:\/\/e.kosmolat.eu\/lv\/wp-json\/wp\/v2\/media?parent=73847"}],"wp:term":[{"taxonomy":"product_cat","embeddable":true,"href":"https:\/\/e.kosmolat.eu\/lv\/wp-json\/wp\/v2\/product_cat?post=73847"},{"taxonomy":"product_tag","embeddable":true,"href":"https:\/\/e.kosmolat.eu\/lv\/wp-json\/wp\/v2\/product_tag?post=73847"}],"curies":[{"name":"wp","href":"https:\/\/api.w.org\/{rel}","templated":true}]}}