{"id":73839,"date":"2025-07-08T04:07:39","date_gmt":"2025-07-08T04:07:39","guid":{"rendered":"https:\/\/e.kosmolat.eu\/product\/evoluderm-attir-losjons-pret-adas-nepiln-roza-greipfruts-200-ml\/"},"modified":"2026-05-08T19:17:36","modified_gmt":"2026-05-08T19:17:36","slug":"evoluderm-attir-losjons-pret-adas-nepiln-roza-greipfruts-200-ml","status":"publish","type":"product","link":"https:\/\/e.kosmolat.eu\/lv\/product\/evoluderm-attir-losjons-pret-adas-nepiln-roza-greipfruts-200-ml\/","title":{"rendered":"EVOLUDERM Att\u012br. losjons pret \u0101das nepiln. Roz\u0101 greipfr\u016bts, 200 ml"},"content":{"rendered":"<p>Att\u012bro\u0161s losjons tika \u012bpa\u0161i izstr\u0101d\u0101ts dzi\u013cai \u0101das att\u012br\u012b\u0161anai un t\u0101s tekst\u016bras uzlabo\u0161anai. Pateicoties akt\u012bvaj\u0101m sast\u0101vda\u013c\u0101m un roz\u0101 greipfr\u016bta ekstraktam, tas att\u012bra poras un samazina sebuma izstr\u0101di \u2014 galveno nepiln\u012bbu un sp\u012bduma c\u0113loni. Losjons nesausina \u0101du, atst\u0101jot to t\u012bru un mirdzo\u0161u.<\/p>\n<p>Rezult\u0101ts: \u0101da k\u013c\u016bst svaiga un ide\u0101li t\u012bra.<\/p>\n<p>Lieto\u0161ana: uzkl\u0101jiet no r\u012bta un vakar\u0101 uz r\u016bp\u012bgi att\u012br\u012btas \u0101das pirms mitrino\u0161\u0101 l\u012bdzek\u013ca lieto\u0161anas, izvairoties no acu zonas.<br \/>\nNepak\u013caujiet temperat\u016brai virs 40\u202f\u00b0C.<\/p>\n<p>Dermatolo\u0123iski p\u0101rbaud\u012bts.<\/p>\n","protected":false},"excerpt":{"rendered":"<p>Att\u012bro\u0161s losjons tika \u012bpa\u0161i izstr\u0101d\u0101ts dzi\u013cai \u0101das att\u012br\u012b\u0161anai un t\u0101s tekst\u016bras uzlabo\u0161anai. Pateicoties akt\u012bvaj\u0101m sast\u0101vda\u013c\u0101m un roz\u0101 greipfr\u016bta ekstraktam, tas att\u012bra poras un samazina sebuma izstr\u0101di \u2014 galveno nepiln\u012bbu un sp\u012bduma c\u0113loni. Losjons nesausina \u0101du, atst\u0101jot to t\u012bru un mirdzo\u0161u. Rezult\u0101ts: \u0101da k\u013c\u016bst svaiga un ide\u0101li t\u012bra. Lieto\u0161ana: uzkl\u0101jiet no r\u012bta un vakar\u0101 uz r\u016bp\u012bgi [&#8230;]\n","protected":false},"featured_media":80486,"template":"","meta":[],"product_cat":[1580],"product_tag":[],"class_list":{"0":"post-73839","1":"product","2":"type-product","3":"status-publish","4":"has-post-thumbnail","6":"product_brand-evoluderm","7":"product_cat-losjonai-ir-tonikai","9":"first","10":"instock","11":"taxable","12":"shipping-taxable","13":"product-type-simple"},"_links":{"self":[{"href":"https:\/\/e.kosmolat.eu\/lv\/wp-json\/wp\/v2\/product\/73839","targetHints":{"allow":["GET"]}}],"collection":[{"href":"https:\/\/e.kosmolat.eu\/lv\/wp-json\/wp\/v2\/product"}],"about":[{"href":"https:\/\/e.kosmolat.eu\/lv\/wp-json\/wp\/v2\/types\/product"}],"wp:featuredmedia":[{"embeddable":true,"href":"https:\/\/e.kosmolat.eu\/lv\/wp-json\/wp\/v2\/media\/80486"}],"wp:attachment":[{"href":"https:\/\/e.kosmolat.eu\/lv\/wp-json\/wp\/v2\/media?parent=73839"}],"wp:term":[{"taxonomy":"product_cat","embeddable":true,"href":"https:\/\/e.kosmolat.eu\/lv\/wp-json\/wp\/v2\/product_cat?post=73839"},{"taxonomy":"product_tag","embeddable":true,"href":"https:\/\/e.kosmolat.eu\/lv\/wp-json\/wp\/v2\/product_tag?post=73839"}],"curies":[{"name":"wp","href":"https:\/\/api.w.org\/{rel}","templated":true}]}}