{"id":73830,"date":"2025-07-05T04:37:39","date_gmt":"2025-07-05T04:37:39","guid":{"rendered":"https:\/\/e.kosmolat.eu\/product\/evoluderm-attirosa-zeleja-pret-adas-nepilnibam-250-ml\/"},"modified":"2025-09-20T07:04:52","modified_gmt":"2025-09-20T07:04:52","slug":"evoluderm-attirosa-zeleja-pret-adas-nepilnibam-250-ml","status":"publish","type":"product","link":"https:\/\/e.kosmolat.eu\/lv\/product\/evoluderm-attirosa-zeleja-pret-adas-nepilnibam-250-ml\/","title":{"rendered":"EVOLUDERM Att\u012bro\u0161a \u017eeleja pret \u0101das nepiln\u012bb\u0101m, 250 ml"},"content":{"rendered":"<p>\u017deleja efekt\u012bvi att\u012bra poras un pal\u012bdz nov\u0113rst melno punktu veido\u0161anos. Bag\u0101tin\u0101ta ar cinku un roz\u0101 v\u012bnogu ekstraktu, t\u0101 no\u0146em lieko sebumu un net\u012brumus. Pateicoties kli\u0146\u0123er\u012b\u0161u un E vitam\u012bna nomierino\u0161aj\u0101m \u012bpa\u0161\u012bb\u0101m, t\u0101 samazina nepiln\u012bbas un pie\u0161\u0137ir \u0101dai svaigu un t\u012bru izskatu.<\/p>\n<p>Lieto\u0161ana: uzkl\u0101jiet uz mitras \u0101das no r\u012bta un vakar\u0101, saputojiet, izvairoties no acu zonas, p\u0113c tam r\u016bp\u012bgi noskalojiet.<\/p>\n<p>Nesatur ziepes. Dermatolo\u0123iski p\u0101rbaud\u012bts.<\/p>\n","protected":false},"excerpt":{"rendered":"<p>\u017deleja efekt\u012bvi att\u012bra poras un pal\u012bdz nov\u0113rst melno punktu veido\u0161anos. Bag\u0101tin\u0101ta ar cinku un roz\u0101 v\u012bnogu ekstraktu, t\u0101 no\u0146em lieko sebumu un net\u012brumus. Pateicoties kli\u0146\u0123er\u012b\u0161u un E vitam\u012bna nomierino\u0161aj\u0101m \u012bpa\u0161\u012bb\u0101m, t\u0101 samazina nepiln\u012bbas un pie\u0161\u0137ir \u0101dai svaigu un t\u012bru izskatu. Lieto\u0161ana: uzkl\u0101jiet uz mitras \u0101das no r\u012bta un vakar\u0101, saputojiet, izvairoties no acu zonas, p\u0113c [&#8230;]\n","protected":false},"featured_media":94430,"template":"","meta":[],"product_cat":[1575],"product_tag":[],"class_list":{"0":"post-73830","1":"product","2":"type-product","3":"status-publish","4":"has-post-thumbnail","6":"product_brand-evoluderm","7":"product_cat-zelejas","9":"first","10":"instock","11":"taxable","12":"shipping-taxable","13":"product-type-simple"},"_links":{"self":[{"href":"https:\/\/e.kosmolat.eu\/lv\/wp-json\/wp\/v2\/product\/73830","targetHints":{"allow":["GET"]}}],"collection":[{"href":"https:\/\/e.kosmolat.eu\/lv\/wp-json\/wp\/v2\/product"}],"about":[{"href":"https:\/\/e.kosmolat.eu\/lv\/wp-json\/wp\/v2\/types\/product"}],"wp:featuredmedia":[{"embeddable":true,"href":"https:\/\/e.kosmolat.eu\/lv\/wp-json\/wp\/v2\/media\/94430"}],"wp:attachment":[{"href":"https:\/\/e.kosmolat.eu\/lv\/wp-json\/wp\/v2\/media?parent=73830"}],"wp:term":[{"taxonomy":"product_cat","embeddable":true,"href":"https:\/\/e.kosmolat.eu\/lv\/wp-json\/wp\/v2\/product_cat?post=73830"},{"taxonomy":"product_tag","embeddable":true,"href":"https:\/\/e.kosmolat.eu\/lv\/wp-json\/wp\/v2\/product_tag?post=73830"}],"curies":[{"name":"wp","href":"https:\/\/api.w.org\/{rel}","templated":true}]}}