{"id":73822,"date":"2025-07-05T04:37:19","date_gmt":"2025-07-05T04:37:19","guid":{"rendered":"https:\/\/e.kosmolat.eu\/product\/evoluderm-attiir-micelar-skid-pret-adas-nepilnibam-250-ml\/"},"modified":"2026-04-07T10:03:57","modified_gmt":"2026-04-07T10:03:57","slug":"evoluderm-attiir-micelar-skid-pret-adas-nepilnibam-250-ml","status":"publish","type":"product","link":"https:\/\/e.kosmolat.eu\/lv\/product\/evoluderm-attiir-micelar-skid-pret-adas-nepilnibam-250-ml\/","title":{"rendered":"EVOLUDERM Atti\u012br. micel\u0101r. \u0161k\u012bd. pret \u0101das nepiln\u012bb\u0101m, 250 ml"},"content":{"rendered":"<p>Att\u012bro\u0161s micel\u0101rais \u0161\u0137\u012bdums maigi no\u0146em kosm\u0113tiku no sejas, ac\u012bm un l\u016bp\u0101m. Micellas efekt\u012bvi piesaista un no\u0146em net\u012brumus un kosm\u0113tikas paliekas. Formula bag\u0101tin\u0101ta ar att\u012bro\u0161u cinku un roz\u0101 greipfr\u016bta ekstraktu, kas pal\u012bdz samazin\u0101t \u0101das nepiln\u012bbas un savilkt poras. Pateicoties alanto\u012bna un pantenola m\u012bkstino\u0161aj\u0101m \u012bpa\u0161\u012bb\u0101m, l\u012bdzeklis nomierina \u0101du.<\/p>\n<p>Rezult\u0101ts: \u0101da ir att\u012br\u012bta un svaiga.<\/p>\n<p>Lieto\u0161ana: no r\u012bta un vakar\u0101 uzkl\u0101jiet uz sejas \u0101das ar vates pl\u0101ksn\u012bti. Nav nepiecie\u0161ams noskalot. Nesatur alkoholu. Dermatolo\u0123iski p\u0101rbaud\u012bts.<\/p>\n","protected":false},"excerpt":{"rendered":"<p>Att\u012bro\u0161s micel\u0101rais \u0161\u0137\u012bdums maigi no\u0146em kosm\u0113tiku no sejas, ac\u012bm un l\u016bp\u0101m. Micellas efekt\u012bvi piesaista un no\u0146em net\u012brumus un kosm\u0113tikas paliekas. Formula bag\u0101tin\u0101ta ar att\u012bro\u0161u cinku un roz\u0101 greipfr\u016bta ekstraktu, kas pal\u012bdz samazin\u0101t \u0101das nepiln\u012bbas un savilkt poras. Pateicoties alanto\u012bna un pantenola m\u012bkstino\u0161aj\u0101m \u012bpa\u0161\u012bb\u0101m, l\u012bdzeklis nomierina \u0101du. Rezult\u0101ts: \u0101da ir att\u012br\u012bta un svaiga. Lieto\u0161ana: no r\u012bta [&#8230;]\n","protected":false},"featured_media":94426,"template":"","meta":[],"product_cat":[1999],"product_tag":[],"class_list":{"0":"post-73822","1":"product","2":"type-product","3":"status-publish","4":"has-post-thumbnail","6":"product_brand-evoluderm","7":"product_cat-bez-kategorijas","9":"first","10":"instock","11":"taxable","12":"shipping-taxable","13":"product-type-simple"},"_links":{"self":[{"href":"https:\/\/e.kosmolat.eu\/lv\/wp-json\/wp\/v2\/product\/73822","targetHints":{"allow":["GET"]}}],"collection":[{"href":"https:\/\/e.kosmolat.eu\/lv\/wp-json\/wp\/v2\/product"}],"about":[{"href":"https:\/\/e.kosmolat.eu\/lv\/wp-json\/wp\/v2\/types\/product"}],"wp:featuredmedia":[{"embeddable":true,"href":"https:\/\/e.kosmolat.eu\/lv\/wp-json\/wp\/v2\/media\/94426"}],"wp:attachment":[{"href":"https:\/\/e.kosmolat.eu\/lv\/wp-json\/wp\/v2\/media?parent=73822"}],"wp:term":[{"taxonomy":"product_cat","embeddable":true,"href":"https:\/\/e.kosmolat.eu\/lv\/wp-json\/wp\/v2\/product_cat?post=73822"},{"taxonomy":"product_tag","embeddable":true,"href":"https:\/\/e.kosmolat.eu\/lv\/wp-json\/wp\/v2\/product_tag?post=73822"}],"curies":[{"name":"wp","href":"https:\/\/api.w.org\/{rel}","templated":true}]}}