{"id":73761,"date":"2025-07-04T04:00:24","date_gmt":"2025-07-04T04:00:24","guid":{"rendered":"https:\/\/e.kosmolat.eu\/product\/evoluderm-matu-putas-ar-keratinu-250-ml\/"},"modified":"2026-04-22T07:20:47","modified_gmt":"2026-04-22T07:20:47","slug":"evoluderm-matu-putas-ar-keratinu-250-ml","status":"publish","type":"product","link":"https:\/\/e.kosmolat.eu\/lv\/product\/evoluderm-matu-putas-ar-keratinu-250-ml\/","title":{"rendered":"EVOLUDERM Matu putas ar Kerat\u012bnu, 250 ml"},"content":{"rendered":"<p>&bull; P\u016bkainuma kontrole<br \/>\n&bull; Cirtu izcel&scaron;ana<\/p>\n<p>Matu putu formula \u012bpa&scaron;i izstr\u0101d\u0101ta, lai pie&scaron;\u0137irtu lok\u0101m papildu elast\u012bbu un izteikt\u012bbu. Pateicoties kerat\u012bnam un provitam\u012bnam B5, &scaron;\u012bs matu veido&scaron;anas putas padara matus m\u012bkstus un sp\u012bd\u012bgus. Unik\u0101l\u0101 formula nov\u0113r&scaron; matu salip&scaron;anu un atvieglo ieveido&scaron;anu.<\/p>\n<p><strong>Lieto&scaron;ana: <\/strong>pirms lieto&scaron;anas sakrat\u012bt. Turiet pudeli ar dozatoru uz leju. Izspiediet daudzumu putu plaukst\u0101 un vienm\u0113r\u012bgi uzkl\u0101jiet uz matiem no sakn\u0113m l\u012bdz galiem, veidojot un saspie\u017eot cirtas ar pirkstiem vai izmantojot \u0137emmi ar retiem zari\u0146iem. Nenoskalot. Ieveidojiet matus ar f\u0113nu, pace\u013cot tos pie sakn\u0113m.<\/p>\n<p>Dermatolo\u0123iski p\u0101rbaud\u012bts.<\/p>\n<p>&nbsp;<\/p>\n<p><img decoding=\"async\" alt=\"\" src=\"data:image\/png;base64,iVBORw0KGgoAAAANSUhEUgAAAD4AAAA+CAYAAAEExpjSAAAAAXNSR0IArs4c6QAAAARnQU1BAACxjwv8YQUAAAAJcEhZcwAAFxEAABcRAcom8z8AAA4LSURBVFhHvVl5bFRVFx+UGlwQ0rgESAFFEc0nfILaskYRKf5NIBhDNCLRhM0QYrQRxA2iBGj4ZKmllG6UEhIWGw2BkKqJJQokRtFAAolgjEBhBqW8KbS93\/n93r133rx5M\/NmaPklL2+775579nPPiyg\/Ojv1hYukAdGJo92L69fds8AOiE4cw3NNTQ3P6sYNnjjAvDx27JiKRCKJQR0dMsAzXZ8+fXgeOXIkz7HpEzQJzyCD6LRinhOLvJEYFJtWoq98XGBh0dIJ+sZF8oAAJA8QIUUnaFloJAZ4JBid8KS+MgO63JeQAQ7ASDUSnTKWF++884565plnVEVFBe8Bp6bSncGMrqqqUhs2bOC1U1vFs12DVZQgXl+tr7yLFEQnjVGO5yWQNMAPzBqd\/JTVbBACJwAlw7kB5edRl0HyEmE2Hnl2yjXEtnr1av1Ej+mI6zs9gf\/DDtiZlvnFixd5vuOOO\/RbFxQa7REQc\/NKEbjtttvUV199xevy8nJVUFDAayD2QrFy6rbxOlkGwqOZaN26dTzWrl3Lc3V1tdhwiajI\/dAgUIhcEQSpERPjNxT9CJ7AQNTn7ND+lwYZJ3CqNumrYKT9GMuNvjje+m0QAj\/mh9qfnQYRmkg7CCkfOzVb7YdXr17lOd5UFzhB0sdOdQWXavD888\/rK5lgZ+oE9mOneotQTHwIS3vooYcY+f79918+80\/Aj0lRop3Bu+++a022uLhYHTp0SL\/RLEx1J4g42ysYJg1uiH5bWlr44ejRo+0kXpgVRCAcp84NHwYYXFRUpI4fP64GDBjA+40bN+q3SnV3SgAVB+OUNHyP\/d59993qyJEjvI7FYqqwsJDXQDfips4Edj0xEZZTn1jBTz\/9pNra2lR9fb1+kqBokMRM7MUJEgG30jWNh5mDkdrnxsmSEEB4Tm2lvtPweZtByscAJojLCggGjtQPgcCPAbIgavQv1Yu0HwOYIBMyfpwJ9DyRA7TU7YmyuSBn4oiHhig06DTg\/r+0tVwXEZq4s71SE5VwEVBsxBtr+B5u0x0Pt4isxJHWwRljlCdfAa+\/\/rq+SoB+i0VgfBZJpCXucirihNF4UnB3d7dqbm7m9dSpU5nvAMdxeDbgIsTEGcLSSCKFOOMiiYoh+fL+33\/\/zTMCzTfffGMjVllZmXruuedUa2sr33vhLmI006CsUD91YYkzpmqifvEaIJODGLjFeejQoWrQoEF2EZWVUnnJOQhGErAZYxORa5vKEzoVkabDww8\/zFjdr18\/lr0g0tTUxHdmMThWrVqlzp07x+dBcBplEVKWxV4o0ZxLEYOQBEPxx3aD06dPWwI4gPb2dp6BOXPm2He\/\/fabfuqBqBBSBfcIvkCyjK5LyBYJQBLe\/GDw559\/MrkgQ\/mxcOFCEv7111\/1Ew3UUiAawFiwgrBKvYi454OdO3eqlStXqg8++EB9\/PHHvP7www\/VJ598oj766CNeb968mWNhrC4j4DRYmsHEDUTHcDV3Ap0lsgF5S6Ifxeur0f3ITFwDXPj1lQKJemZMPE1l6Uco4gbdkAS4giQk8hEkKuINwakfORE36O7qctUhuy0EkGylcDrkRZyQmOBUJsqpfJAf5xA1xS8uacSfB3InjvINhCVK0X+hayl38kFuBmcsGhyjwoPuERkny70kpFwRnrixdFq1x5VkF4win89zXEAo4shCluOAsEt3mz7Rfb8t\/AKyEzcRS\/b1fsJm30OICqJYACUQzgYyE5cyKCqpj0HFR\/i6cPvee+\/pOw0xRjc7igRCGGF64qJjJgYEEdmU+oE+gymhkkAJGBvIvIBg4qJjm5GkNPbi6NGj8jquLly4wBS6bZv7HrWdhaiKNpBlAanEr3dojiVBBIRNpNWZM2eqU6dOkfiQIUP4\/JVXXuHZAhIoneRKbpubZv1IJg6rlkKPK\/aJGjrukgkXLFjAggK53FQueN6\/f3890gNIoFRLoCp1AQni4FjKXHLcWKsfJuORRx5Rb731liWK4\/bbb1ePPfYYF4Qa76+\/\/tKjNSgBWQC8xScBEsc2h5ULVrhjO18EAcTuv\/9+S3jevHn2esqUKeqJJ55QDQ0NerQHRgK+OBBxOdY6li1PEEw1+sADD1hiOFDTjR07NunZvn37ODYFIgFrhHoBEWzwkJedhvQcHz58WK1fv54tZEPE6Liurs4+M51k2Ec6mGR07Yu1KuLUfMkbiAUNh3QwBHBs2rRJ3XfffXy+e\/du9fbbb6t7772XHZ8777yTz4OAhgezoagYIZk6RwsBPs1tb5pVP\/7445b4ihUraFwAfB4w74YPH857P5w6lwYJS00IWGtHTU0JiP7Rq\/Fj\/\/79nPzll19WW7ZsUdeuXdNvFHvRn3\/+Od\/v2rVLP03Azg3m9KKBJD\/nIKxO9OLdmRosXbqUBE6cOKGfuEBrD8+nTZumnySAnADCRtReJBEHUOC7g2WTH2ADMCZwjjCLkArCixYtUj\/\/\/LMekQB1zB1qsDpTiANcgNaP2SZDt++\/\/75avnw5dys4sHPBLuXTTz+lHeDdpUuX3PGUoux6PTr2I5A4wN4LJIA2h3wMjj\/77DN209C3Nr1r77FmzRp1VTad2FhQx77Ggh9piQPYBLgqSO8FfpAwPIeE07sukJE4gB8mrhumGowfKCqpY8nnmTg2yEocwN7LFWN6CRhDxRh\/OyUdQhEH2GLH5Oit+BZggxRdNLOovQhNHDA+i42hWYDbKjMchycM5EQcsEYoemVekDxNHYc0SC9yJg4g58OwkA3JsaTLfJAXcQDb4jDulAl5E88boh7YDiSG+OFs\/zIvld0sbh3jkqPIsMQq2iuaGjgQ\/iWCc4MjFd2tQu8zTg1L7IOGwTByJZxUch6jhq7q+RwWgD5Hnv8tckGvMd4t2kN6Y8tKM4awCGaTTFv81JF6nVtbjMMBC6jeIpuJ3rOAnmccGpa0SkYk7DK9SkHKn+SZgpEUrHGJmvR9RE5xAWxkuLnoBQvoMcaRzBCooi88azUHJqjhXKKvCABpI1bauxZw04yjXmHhJP5JLSG5SgDjzj7Dxmvv3r38yZsWnV3K2VkrsQEC8FhAdUWPCCB\/xlEbSyCiaSIwQTMIWqLhbMXb5cuXuZEfP368On\/+vH6aBmItcQiAvRWhgVghNdzNZoHcGdcaZlqCFqANmLRoONPW2ou2tjY1ffp07usmT56c2kIJAmJAY60bLBE7KACxAAggDwsIz7gEGPhZbGqxZtjVcBwMZ9Hwjh072MJpbGzkvb+Lgo5ah178wYMH1ffff8\/rQEAA+Cmpu2tYC+sA9JpzCILZGUdaAsNoFdGkhRiiNFpG4odhgL9tYHDMmDE085aWFnXXXXdZxtFE27jR\/VGyePFiNWzYMLYWM0JoQwBuGpQ1IbZAAOjyhbCA9IxTwxWMqNQw8\/B4zXDwr2UD7KHRG0EjDl2DV1991TI5adIk9eijj9p7c0A4X3\/9tbrnnnsoFPwXB5IauUFADGgSAcwwMQBBUAvA95\/ci1TGZdFx8ZuED4NhMWkwnMNuBM0BMAQzfu211+yvbnP07ds36Xe390AD+ZdffmHkHzVqlGptbdWzZoCsDTHAzQJP0goQBOOsA1ItIME4orQwbDUMhuHD6HR7K62QqK6uJnNBjOGAOf\/4449s4XifQ0BDhw5NauuiuxYasIBdDVIHJLKALYR0mxCI0KQtwzJo8lM0Gza6c9AwTBKmjVYQOu7\/\/POPmjFjRhJT3uPNN9+0Zrxs2bLAMTjQ6zxz5gzHYd7Q6JIg2FSvYi9NcZusyARwAQrAURHnyy\/cFAEtY7ekq62gnmc2XLlyRZWUlNBPZ82apd544w12\/cEAnqEBj+uioiL1+++\/66+Uam5utmb\/9NNPs1uM6+LiYvp9eXm5qq2tze7vPnQL89wIodbw7gQr\/qdNHVtGFCNmywgzR47EH\/+QudkAfllQUMCFe48HH3yQpo226JIlS9QPP\/ygv1Dq22+\/VZs3u788qqqqUr7HfVADOS1QPsvuz\/JDcxeGZdNk+EkKbvi1gi4WU4TxcwhAtpVhG0vofM+dO9cuGn4+btw4+jT+ihw4cECPTMXWrVvVwIEDObawsNDOga66aednAkpZMsxqUtYPDcOChSf88PYiOJ1BYugfQmLcYbmpDE2vbKkMaG9vV\/Pnz7cLHzx4sPruu+\/4rlO+D\/JVPIcpO5KCZs+encQ0mugZId9ibWQYGsaaoTDhAbwEIZhxA24xtcl4LUCkGqaZiny+Z88e\/tfE3x\/U53AF\/PH1++vJkyc5DsyOGDFClZWVqbNnz+q3weAGyWvSVJBmOEsmysy4ASSKRi4JuFUSJSouEMYCvIC2UZ56tQ4hQKvQehBSgho1rC2SDGM9YpGMSeHWE45xA1iASJhR0mcBXgkjlZWWllpzvZkD\/n72jz\/ciTV9q2GsAS7oox8GuTFuIFLF5gSbFEqbEoeJSdQMGQRzAnwfaclqWA69QcrV4gzyY9xApIw\/PW4WgAbkoAAq5V3+e2UL9u3Q5BCG9fysJhFkc9SwHzfHuAGqJNGIjarGAmCC+VgAsgpcihqGRblZhX07odUT6BnGNZAr8avNVoLIowg6sIAQW0XuF1BHmDYWNIwNkmjYn4dvFj3KuAWiLgQABrTGXBdIEwOgYZs1YDGuSbNRmacPZ0PvMK6B3nq8YbswYX4aeCwA6UyOYA2jb9cLQdKDXmXcAhYgEZguAAvAbmnqszpoCcPj\/0MfdjuzvaNhP24N4xpoRrJn7o0Bco1nYRuVPYVbyrgXMHG0tmTvqJ\/cSij1fz8Grtdd8Jr3AAAAAElFTkSuQmCC\" \/><strong>GHS02 B\u012bstami<\/strong><\/p>\n<p><strong>H222<\/strong> \u012apa&scaron;i viegli uzliesmojo&scaron;s aerosols.<\/p>\n<p><strong>H229 <\/strong>Tvertne zem spiediena: karstum\u0101 var eksplod\u0113t.<\/p>\n<p>Dro&scaron;\u012bbas pras\u012bbu apz\u012bm\u0113jumi:<\/p>\n<p>P102 Sarg\u0101t no b\u0113rniem.<\/p>\n<p>P210 Sarg\u0101t no karstuma, karst\u0101m virsm\u0101m, dzirkstel\u0113m, atkl\u0101tas uguns un citiem aizdeg&scaron;an\u0101s avotiem. Nesm\u0113\u0137\u0113t.<\/p>\n<p>P211 Neizsmidzin\u0101t uz atkl\u0101tas uguns vai citiem aizdeg&scaron;an\u0101s avotiem.<\/p>\n<p>P251 Nedurt vai nededzin\u0101t, ar\u012b p\u0113c izlieto&scaron;anas.<\/p>\n<p>P410+P412 Aizsarg\u0101t no saules gaismas. Nepak\u013caut temperat\u016brai, kas p\u0101rsniedz 50 &deg;C \/ 122 &deg;F.<\/p>\n","protected":false},"excerpt":{"rendered":"<p>&bull; P\u016bkainuma kontrole &bull; Cirtu izcel&scaron;ana Matu putu formula \u012bpa&scaron;i izstr\u0101d\u0101ta, lai pie&scaron;\u0137irtu lok\u0101m papildu elast\u012bbu un izteikt\u012bbu. Pateicoties kerat\u012bnam un provitam\u012bnam B5, &scaron;\u012bs matu veido&scaron;anas putas padara matus m\u012bkstus un sp\u012bd\u012bgus. Unik\u0101l\u0101 formula nov\u0113r&scaron; matu salip&scaron;anu un atvieglo ieveido&scaron;anu. Lieto&scaron;ana: pirms lieto&scaron;anas sakrat\u012bt. Turiet pudeli ar dozatoru uz leju. Izspiediet daudzumu putu plaukst\u0101 un [&#8230;]\n","protected":false},"featured_media":80522,"template":"","meta":[],"product_cat":[1999],"product_tag":[],"class_list":{"0":"post-73761","1":"product","2":"type-product","3":"status-publish","4":"has-post-thumbnail","6":"product_brand-evoluderm","7":"product_cat-bez-kategorijas","9":"first","10":"instock","11":"taxable","12":"shipping-taxable","13":"product-type-simple"},"_links":{"self":[{"href":"https:\/\/e.kosmolat.eu\/lv\/wp-json\/wp\/v2\/product\/73761","targetHints":{"allow":["GET"]}}],"collection":[{"href":"https:\/\/e.kosmolat.eu\/lv\/wp-json\/wp\/v2\/product"}],"about":[{"href":"https:\/\/e.kosmolat.eu\/lv\/wp-json\/wp\/v2\/types\/product"}],"wp:featuredmedia":[{"embeddable":true,"href":"https:\/\/e.kosmolat.eu\/lv\/wp-json\/wp\/v2\/media\/80522"}],"wp:attachment":[{"href":"https:\/\/e.kosmolat.eu\/lv\/wp-json\/wp\/v2\/media?parent=73761"}],"wp:term":[{"taxonomy":"product_cat","embeddable":true,"href":"https:\/\/e.kosmolat.eu\/lv\/wp-json\/wp\/v2\/product_cat?post=73761"},{"taxonomy":"product_tag","embeddable":true,"href":"https:\/\/e.kosmolat.eu\/lv\/wp-json\/wp\/v2\/product_tag?post=73761"}],"curies":[{"name":"wp","href":"https:\/\/api.w.org\/{rel}","templated":true}]}}