{"id":73757,"date":"2025-07-03T14:20:55","date_gmt":"2025-07-03T14:20:55","guid":{"rendered":"https:\/\/e.kosmolat.eu\/product\/dsc-rosemary-mint-conditioner-30-6fl-oz-907ml-bottle\/"},"modified":"2026-04-23T09:28:51","modified_gmt":"2026-04-23T09:28:51","slug":"dsc-rosemary-mint-kondic-ar-naves-jur-miner-rozm-un-piparm-907-ml","status":"publish","type":"product","link":"https:\/\/e.kosmolat.eu\/lv\/product\/dsc-rosemary-mint-kondic-ar-naves-jur-miner-rozm-un-piparm-907-ml\/","title":{"rendered":"DSC Rosemary &#038; Mint Kondic. ar N\u0101ves j\u016br. miner., rozm. un piparm., 907 ml"},"content":{"rendered":"<p>Mitrin\u0101\u0161ana un atjauno\u0161ana. Kondicionieris ir bag\u0101tin\u0101ts ar N\u0101ves j\u016bras miner\u0101liem, kas paz\u012bstami ar sav\u0101m \u0101rstnieciskaj\u0101m \u012bpa\u0161\u012bb\u0101m, un pastiprin\u0101ts ar rozmar\u012bna stimul\u0113jo\u0161o un piparm\u0113tras nomierino\u0161o iedarb\u012bbu. \u0160\u012b uzlabot\u0101 kondicioniera formula stiprina matus, padara tos biez\u0101kus un vesel\u012bg\u0101kus, pie\u0161\u0137ir apjomu, sp\u012bdumu un mirdzumu.<\/p>\n<p>Lieto\u0161ana: p\u0113c \u0161amp\u016bna lieto\u0161anas maigi no\u0146emiet lieko mitrumu no matiem. Uzkl\u0101jiet kondicionieri no matu vidusda\u013cas l\u012bdz galiem, atst\u0101jiet uz 2\u20134 min\u016bt\u0113m, p\u0113c tam r\u016bp\u012bgi izskalojiet.<\/p>\n","protected":false},"excerpt":{"rendered":"<p>Mitrin\u0101\u0161ana un atjauno\u0161ana. Kondicionieris ir bag\u0101tin\u0101ts ar N\u0101ves j\u016bras miner\u0101liem, kas paz\u012bstami ar sav\u0101m \u0101rstnieciskaj\u0101m \u012bpa\u0161\u012bb\u0101m, un pastiprin\u0101ts ar rozmar\u012bna stimul\u0113jo\u0161o un piparm\u0113tras nomierino\u0161o iedarb\u012bbu. \u0160\u012b uzlabot\u0101 kondicioniera formula stiprina matus, padara tos biez\u0101kus un vesel\u012bg\u0101kus, pie\u0161\u0137ir apjomu, sp\u012bdumu un mirdzumu. Lieto\u0161ana: p\u0113c \u0161amp\u016bna lieto\u0161anas maigi no\u0146emiet lieko mitrumu no matiem. Uzkl\u0101jiet kondicionieri no matu [&#8230;]\n","protected":false},"featured_media":93890,"template":"","meta":[],"product_cat":[1639],"product_tag":[],"class_list":{"0":"post-73757","1":"product","2":"type-product","3":"status-publish","4":"has-post-thumbnail","6":"product_brand-dead-sea_il","7":"product_cat-1639","9":"first","10":"instock","11":"taxable","12":"shipping-taxable","13":"product-type-simple"},"_links":{"self":[{"href":"https:\/\/e.kosmolat.eu\/lv\/wp-json\/wp\/v2\/product\/73757","targetHints":{"allow":["GET"]}}],"collection":[{"href":"https:\/\/e.kosmolat.eu\/lv\/wp-json\/wp\/v2\/product"}],"about":[{"href":"https:\/\/e.kosmolat.eu\/lv\/wp-json\/wp\/v2\/types\/product"}],"wp:featuredmedia":[{"embeddable":true,"href":"https:\/\/e.kosmolat.eu\/lv\/wp-json\/wp\/v2\/media\/93890"}],"wp:attachment":[{"href":"https:\/\/e.kosmolat.eu\/lv\/wp-json\/wp\/v2\/media?parent=73757"}],"wp:term":[{"taxonomy":"product_cat","embeddable":true,"href":"https:\/\/e.kosmolat.eu\/lv\/wp-json\/wp\/v2\/product_cat?post=73757"},{"taxonomy":"product_tag","embeddable":true,"href":"https:\/\/e.kosmolat.eu\/lv\/wp-json\/wp\/v2\/product_tag?post=73757"}],"curies":[{"name":"wp","href":"https:\/\/api.w.org\/{rel}","templated":true}]}}