{"id":73749,"date":"2025-07-03T13:50:56","date_gmt":"2025-07-03T13:50:56","guid":{"rendered":"https:\/\/e.kosmolat.eu\/product\/dsc-rosemary-mint-shampoo-33-8fl-oz-1000ml-bottle\/"},"modified":"2026-04-20T10:59:57","modified_gmt":"2026-04-20T10:59:57","slug":"dsc-rosemary-mint-samp-ar-naves-jur-miner-rozm-un-piparm-1-l","status":"publish","type":"product","link":"https:\/\/e.kosmolat.eu\/lv\/product\/dsc-rosemary-mint-samp-ar-naves-jur-miner-rozm-un-piparm-1-l\/","title":{"rendered":"DSC Rosemary &#038; Mint \u0160amp. ar N\u0101ves j\u016br. miner., rozm. un piparm., 1 l"},"content":{"rendered":"<p>Mitrin\u0101\u0161ana un atjauno\u0161ana. \u0160amp\u016bns ir bag\u0101tin\u0101ts ar N\u0101ves j\u016bras miner\u0101liem, kas paz\u012bstami ar sav\u0101m \u0101rstnieciskaj\u0101m \u012bpa\u0161\u012bb\u0101m, un pastiprin\u0101ts ar rozmar\u012bna stimul\u0113jo\u0161o un piparm\u0113tras nomierino\u0161o iedarb\u012bbu. Uzlabot\u0101 formula stiprina matus, padara tos biez\u0101kus un vesel\u012bg\u0101kus, atjauno sp\u012bdumu un mirdzumu, stimul\u0113 matu folikulus un pie\u0161\u0137ir apjomu.<\/p>\n<p>Lieto\u0161ana: uzkl\u0101jiet pietiekamu daudzumu \u0161amp\u016bna uz mitriem matiem, saputojiet, iemas\u0113jiet galvas \u0101d\u0101 un matos, p\u0113c tam r\u016bp\u012bgi izskalojiet. Lai sasniegtu lab\u0101kus rezult\u0101tus, izmantojiet kondicionieri, lai pie\u0161\u0137irtu matiem sp\u012bdumu, kuplumu un maigumu.<\/p>\n","protected":false},"excerpt":{"rendered":"<p>Mitrin\u0101\u0161ana un atjauno\u0161ana. \u0160amp\u016bns ir bag\u0101tin\u0101ts ar N\u0101ves j\u016bras miner\u0101liem, kas paz\u012bstami ar sav\u0101m \u0101rstnieciskaj\u0101m \u012bpa\u0161\u012bb\u0101m, un pastiprin\u0101ts ar rozmar\u012bna stimul\u0113jo\u0161o un piparm\u0113tras nomierino\u0161o iedarb\u012bbu. Uzlabot\u0101 formula stiprina matus, padara tos biez\u0101kus un vesel\u012bg\u0101kus, atjauno sp\u012bdumu un mirdzumu, stimul\u0113 matu folikulus un pie\u0161\u0137ir apjomu. Lieto\u0161ana: uzkl\u0101jiet pietiekamu daudzumu \u0161amp\u016bna uz mitriem matiem, saputojiet, iemas\u0113jiet galvas [&#8230;]\n","protected":false},"featured_media":93886,"template":"","meta":[],"product_cat":[1248],"product_tag":[],"class_list":{"0":"post-73749","1":"product","2":"type-product","3":"status-publish","4":"has-post-thumbnail","6":"product_brand-dead-sea_il","7":"product_cat-sampuni","9":"first","10":"outofstock","11":"taxable","12":"shipping-taxable","13":"product-type-simple"},"_links":{"self":[{"href":"https:\/\/e.kosmolat.eu\/lv\/wp-json\/wp\/v2\/product\/73749","targetHints":{"allow":["GET"]}}],"collection":[{"href":"https:\/\/e.kosmolat.eu\/lv\/wp-json\/wp\/v2\/product"}],"about":[{"href":"https:\/\/e.kosmolat.eu\/lv\/wp-json\/wp\/v2\/types\/product"}],"wp:featuredmedia":[{"embeddable":true,"href":"https:\/\/e.kosmolat.eu\/lv\/wp-json\/wp\/v2\/media\/93886"}],"wp:attachment":[{"href":"https:\/\/e.kosmolat.eu\/lv\/wp-json\/wp\/v2\/media?parent=73749"}],"wp:term":[{"taxonomy":"product_cat","embeddable":true,"href":"https:\/\/e.kosmolat.eu\/lv\/wp-json\/wp\/v2\/product_cat?post=73749"},{"taxonomy":"product_tag","embeddable":true,"href":"https:\/\/e.kosmolat.eu\/lv\/wp-json\/wp\/v2\/product_tag?post=73749"}],"curies":[{"name":"wp","href":"https:\/\/api.w.org\/{rel}","templated":true}]}}