{"id":73745,"date":"2025-07-03T12:50:46","date_gmt":"2025-07-03T12:50:46","guid":{"rendered":"https:\/\/e.kosmolat.eu\/product\/dsc-keratin-mineralu-kondicionieris-ar-naves-juiras-miner-un-kerat-1-l\/"},"modified":"2026-04-23T13:08:40","modified_gmt":"2026-04-23T13:08:40","slug":"dsc-keratin-kondic-ar-naves-juiras-miner-un-kerat-907-ml","status":"publish","type":"product","link":"https:\/\/e.kosmolat.eu\/lv\/product\/dsc-keratin-kondic-ar-naves-juiras-miner-un-kerat-907-ml\/","title":{"rendered":"DSC Keratin Kondic. ar N\u0101ves j\u016biras miner. un kerat., 907 ml"},"content":{"rendered":"<p>Mitrin\u0101\u0161ana un baro\u0161ana. Kerat\u012bna kondicionieris pal\u012bdz mitrin\u0101t un barot matus. Bag\u0101tin\u0101ts ar N\u0101ves j\u016bras miner\u0101liem, kas paz\u012bstami ar sav\u0101m \u0101rstnieciskaj\u0101m \u012bpa\u0161\u012bb\u0101m, un pastiprin\u0101ts ar kerat\u012bna prote\u012bniem. Kondicionieris stiprina un aizsarg\u0101 matus, pie\u0161\u0137ir tiem sp\u012bdumu un mirdzumu. Atvieglo matu veido\u0161anu un samazina l\u016b\u0161anu.<\/p>\n<p>Lieto\u0161ana: p\u0113c \u0161amp\u016bna lieto\u0161anas maigi no\u0146emiet lieko mitrumu no matiem. Uzkl\u0101jiet kondicionieri no matu vidusda\u013cas l\u012bdz galiem, atst\u0101jiet uz 2\u20134 min\u016bt\u0113m, p\u0113c tam r\u016bp\u012bgi izskalojiet.<\/p>\n","protected":false},"excerpt":{"rendered":"<p>Mitrin\u0101\u0161ana un baro\u0161ana. Kerat\u012bna kondicionieris pal\u012bdz mitrin\u0101t un barot matus. Bag\u0101tin\u0101ts ar N\u0101ves j\u016bras miner\u0101liem, kas paz\u012bstami ar sav\u0101m \u0101rstnieciskaj\u0101m \u012bpa\u0161\u012bb\u0101m, un pastiprin\u0101ts ar kerat\u012bna prote\u012bniem. Kondicionieris stiprina un aizsarg\u0101 matus, pie\u0161\u0137ir tiem sp\u012bdumu un mirdzumu. Atvieglo matu veido\u0161anu un samazina l\u016b\u0161anu. Lieto\u0161ana: p\u0113c \u0161amp\u016bna lieto\u0161anas maigi no\u0146emiet lieko mitrumu no matiem. Uzkl\u0101jiet kondicionieri no [&#8230;]\n","protected":false},"featured_media":93898,"template":"","meta":[],"product_cat":[1639],"product_tag":[],"class_list":{"0":"post-73745","1":"product","2":"type-product","3":"status-publish","4":"has-post-thumbnail","6":"product_brand-dead-sea_il","7":"product_cat-1639","9":"first","10":"instock","11":"taxable","12":"shipping-taxable","13":"product-type-simple"},"_links":{"self":[{"href":"https:\/\/e.kosmolat.eu\/lv\/wp-json\/wp\/v2\/product\/73745","targetHints":{"allow":["GET"]}}],"collection":[{"href":"https:\/\/e.kosmolat.eu\/lv\/wp-json\/wp\/v2\/product"}],"about":[{"href":"https:\/\/e.kosmolat.eu\/lv\/wp-json\/wp\/v2\/types\/product"}],"wp:featuredmedia":[{"embeddable":true,"href":"https:\/\/e.kosmolat.eu\/lv\/wp-json\/wp\/v2\/media\/93898"}],"wp:attachment":[{"href":"https:\/\/e.kosmolat.eu\/lv\/wp-json\/wp\/v2\/media?parent=73745"}],"wp:term":[{"taxonomy":"product_cat","embeddable":true,"href":"https:\/\/e.kosmolat.eu\/lv\/wp-json\/wp\/v2\/product_cat?post=73745"},{"taxonomy":"product_tag","embeddable":true,"href":"https:\/\/e.kosmolat.eu\/lv\/wp-json\/wp\/v2\/product_tag?post=73745"}],"curies":[{"name":"wp","href":"https:\/\/api.w.org\/{rel}","templated":true}]}}