{"id":73741,"date":"2025-07-03T12:36:47","date_gmt":"2025-07-03T12:36:47","guid":{"rendered":"https:\/\/e.kosmolat.eu\/product\/dsc-keratin-shampoo-33-8fl-oz-1000ml-bottle\/"},"modified":"2026-04-24T05:57:00","modified_gmt":"2026-04-24T05:57:00","slug":"dsc-keratin-mineralu-samp-ar-naves-juiras-miner-un-kerat-1-l","status":"publish","type":"product","link":"https:\/\/e.kosmolat.eu\/lv\/product\/dsc-keratin-mineralu-samp-ar-naves-juiras-miner-un-kerat-1-l\/","title":{"rendered":"DSC Keratin Miner\u0101lu \u0161amp. ar N\u0101ves j\u016biras miner. un kerat., 1 l"},"content":{"rendered":"<p>Mitrin\u0101\u0161ana un baro\u0161ana. Kerat\u012bna \u0161amp\u016bns mitrina un baro matus. Tas ir bag\u0101tin\u0101ts ar N\u0101ves j\u016bras miner\u0101liem, kas paz\u012bstami ar sav\u0101m \u0101rstnieciskaj\u0101m \u012bpa\u0161\u012bb\u0101m, un pastiprin\u0101ts ar kerat\u012bna atjaunojo\u0161o iedarb\u012bbu. \u0160amp\u016bns maigi att\u012bra matus, saudz\u012bgi no\u0146emot net\u012brumus un matu veido\u0161anas l\u012bdzek\u013cu paliekas, stiprina matus un veicina to atjauno\u0161anos. Pie\u0161\u0137ir matiem sp\u012bdumu un mirdzumu, padarot tos dz\u012bv\u012bg\u0101kus un vesel\u012bg\u0101kus.<\/p>\n<p>Lieto\u0161ana: uzkl\u0101jiet pietiekamu daudzumu \u0161amp\u016bna uz mitriem matiem, saputojiet, iemas\u0113jiet galvas \u0101d\u0101 un matos, p\u0113c tam r\u016bp\u012bgi izskalojiet. Lai sasniegtu lab\u0101kus rezult\u0101tus, izmantojiet kondicionieri, lai pie\u0161\u0137irtu matiem sp\u012bdumu, kuplumu un maigumu.<\/p>\n","protected":false},"excerpt":{"rendered":"<p>Mitrin\u0101\u0161ana un baro\u0161ana. Kerat\u012bna \u0161amp\u016bns mitrina un baro matus. Tas ir bag\u0101tin\u0101ts ar N\u0101ves j\u016bras miner\u0101liem, kas paz\u012bstami ar sav\u0101m \u0101rstnieciskaj\u0101m \u012bpa\u0161\u012bb\u0101m, un pastiprin\u0101ts ar kerat\u012bna atjaunojo\u0161o iedarb\u012bbu. \u0160amp\u016bns maigi att\u012bra matus, saudz\u012bgi no\u0146emot net\u012brumus un matu veido\u0161anas l\u012bdzek\u013cu paliekas, stiprina matus un veicina to atjauno\u0161anos. Pie\u0161\u0137ir matiem sp\u012bdumu un mirdzumu, padarot tos dz\u012bv\u012bg\u0101kus un [&#8230;]\n","protected":false},"featured_media":93894,"template":"","meta":[],"product_cat":[1252],"product_tag":[],"class_list":{"0":"post-73741","1":"product","2":"type-product","3":"status-publish","4":"has-post-thumbnail","6":"product_brand-dead-sea_il","7":"product_cat-1252","9":"first","10":"instock","11":"taxable","12":"shipping-taxable","13":"product-type-simple"},"_links":{"self":[{"href":"https:\/\/e.kosmolat.eu\/lv\/wp-json\/wp\/v2\/product\/73741","targetHints":{"allow":["GET"]}}],"collection":[{"href":"https:\/\/e.kosmolat.eu\/lv\/wp-json\/wp\/v2\/product"}],"about":[{"href":"https:\/\/e.kosmolat.eu\/lv\/wp-json\/wp\/v2\/types\/product"}],"wp:featuredmedia":[{"embeddable":true,"href":"https:\/\/e.kosmolat.eu\/lv\/wp-json\/wp\/v2\/media\/93894"}],"wp:attachment":[{"href":"https:\/\/e.kosmolat.eu\/lv\/wp-json\/wp\/v2\/media?parent=73741"}],"wp:term":[{"taxonomy":"product_cat","embeddable":true,"href":"https:\/\/e.kosmolat.eu\/lv\/wp-json\/wp\/v2\/product_cat?post=73741"},{"taxonomy":"product_tag","embeddable":true,"href":"https:\/\/e.kosmolat.eu\/lv\/wp-json\/wp\/v2\/product_tag?post=73741"}],"curies":[{"name":"wp","href":"https:\/\/api.w.org\/{rel}","templated":true}]}}