{"id":73725,"date":"2025-07-03T09:50:44","date_gmt":"2025-07-03T09:50:44","guid":{"rendered":"https:\/\/e.kosmolat.eu\/product\/dsc-shampoo-with-biotin-33-8fl-oz-1000ml-bottle\/"},"modified":"2026-04-16T09:05:29","modified_gmt":"2026-04-16T09:05:29","slug":"dsc-biotin-mineralu-samp-ar-naves-juras-miner-un-biotinu-1-l","status":"publish","type":"product","link":"https:\/\/e.kosmolat.eu\/lv\/product\/dsc-biotin-mineralu-samp-ar-naves-juras-miner-un-biotinu-1-l\/","title":{"rendered":"DSC Biotin Miner\u0101lu \u0161amp. ar N\u0101ves j\u016bras miner. un biot\u012bnu, 1 l"},"content":{"rendered":"<p>Mitrin\u0101\u0161ana un atjauno\u0161ana. \u0160amp\u016bns ir bag\u0101tin\u0101ts ar N\u0101ves j\u016bras miner\u0101liem, kas paz\u012bstami ar sav\u0101m \u0101rstnieciskaj\u0101m \u012bpa\u0161\u012bb\u0101m, un pastiprin\u0101ts ar biot\u012bna e\u013c\u013cas stiprino\u0161o iedarb\u012bbu. Formula ap\u0146em katru matu, pal\u012bdzot to stiprin\u0101t un uzlabot st\u0101vokli no sakn\u0113m l\u012bdz galiem, vienlaikus maigi no\u0146emot matu veido\u0161anas l\u012bdzek\u013cu atliekas un net\u012brumus. Rezult\u0101t\u0101 mati k\u013c\u016bst stipr\u0101ki, biez\u0101ki un apjom\u012bg\u0101ki p\u0113c katras mazg\u0101\u0161anas reizes.<\/p>\n<p>Lieto\u0161ana: uzkl\u0101jiet pietiekamu daudzumu \u0161amp\u016bna uz mitriem matiem, saputojiet, iemas\u0113jiet galvas \u0101d\u0101 un matos, p\u0113c tam r\u016bp\u012bgi izskalojiet. Lai sasniegtu lab\u0101kus rezult\u0101tus, izmantojiet kondicionieri, lai pie\u0161\u0137irtu matiem sp\u012bdumu, kuplumu un maigumu.<\/p>\n","protected":false},"excerpt":{"rendered":"<p>Mitrin\u0101\u0161ana un atjauno\u0161ana. \u0160amp\u016bns ir bag\u0101tin\u0101ts ar N\u0101ves j\u016bras miner\u0101liem, kas paz\u012bstami ar sav\u0101m \u0101rstnieciskaj\u0101m \u012bpa\u0161\u012bb\u0101m, un pastiprin\u0101ts ar biot\u012bna e\u013c\u013cas stiprino\u0161o iedarb\u012bbu. Formula ap\u0146em katru matu, pal\u012bdzot to stiprin\u0101t un uzlabot st\u0101vokli no sakn\u0113m l\u012bdz galiem, vienlaikus maigi no\u0146emot matu veido\u0161anas l\u012bdzek\u013cu atliekas un net\u012brumus. Rezult\u0101t\u0101 mati k\u013c\u016bst stipr\u0101ki, biez\u0101ki un apjom\u012bg\u0101ki p\u0113c katras [&#8230;]\n","protected":false},"featured_media":93878,"template":"","meta":[],"product_cat":[1248],"product_tag":[],"class_list":{"0":"post-73725","1":"product","2":"type-product","3":"status-publish","4":"has-post-thumbnail","6":"product_brand-dead-sea_il","7":"product_cat-sampuni","9":"first","10":"outofstock","11":"taxable","12":"shipping-taxable","13":"product-type-simple"},"_links":{"self":[{"href":"https:\/\/e.kosmolat.eu\/lv\/wp-json\/wp\/v2\/product\/73725","targetHints":{"allow":["GET"]}}],"collection":[{"href":"https:\/\/e.kosmolat.eu\/lv\/wp-json\/wp\/v2\/product"}],"about":[{"href":"https:\/\/e.kosmolat.eu\/lv\/wp-json\/wp\/v2\/types\/product"}],"wp:featuredmedia":[{"embeddable":true,"href":"https:\/\/e.kosmolat.eu\/lv\/wp-json\/wp\/v2\/media\/93878"}],"wp:attachment":[{"href":"https:\/\/e.kosmolat.eu\/lv\/wp-json\/wp\/v2\/media?parent=73725"}],"wp:term":[{"taxonomy":"product_cat","embeddable":true,"href":"https:\/\/e.kosmolat.eu\/lv\/wp-json\/wp\/v2\/product_cat?post=73725"},{"taxonomy":"product_tag","embeddable":true,"href":"https:\/\/e.kosmolat.eu\/lv\/wp-json\/wp\/v2\/product_tag?post=73725"}],"curies":[{"name":"wp","href":"https:\/\/api.w.org\/{rel}","templated":true}]}}