{"id":73697,"date":"2025-07-03T04:02:56","date_gmt":"2025-07-03T04:02:56","guid":{"rendered":"https:\/\/e.kosmolat.eu\/product\/evoluderm-roku-krems-citrons-30-ml\/"},"modified":"2025-09-20T08:47:51","modified_gmt":"2025-09-20T08:47:51","slug":"evoluderm-roku-krems-citrons-30-ml","status":"publish","type":"product","link":"https:\/\/e.kosmolat.eu\/lv\/product\/evoluderm-roku-krems-citrons-30-ml\/","title":{"rendered":"EVOLUDERM Roku kr\u0113ms Citrons, 30 ml"},"content":{"rendered":"<p>97\u202f% dabiskas izcelsmes sast\u0101vda\u013cu. Dermatolo\u0123iski p\u0101rbaud\u012bts.<\/p>\n","protected":false},"excerpt":{"rendered":"<p>97\u202f% dabiskas izcelsmes sast\u0101vda\u013cu. Dermatolo\u0123iski p\u0101rbaud\u012bts.<\/p>\n","protected":false},"featured_media":78421,"template":"","meta":[],"product_cat":[1302],"product_tag":[],"class_list":{"0":"post-73697","1":"product","2":"type-product","3":"status-publish","4":"has-post-thumbnail","6":"product_brand-evoluderm","7":"product_cat-roku-kopsanas-kosmetika","9":"first","10":"outofstock","11":"taxable","12":"shipping-taxable","13":"product-type-simple"},"_links":{"self":[{"href":"https:\/\/e.kosmolat.eu\/lv\/wp-json\/wp\/v2\/product\/73697","targetHints":{"allow":["GET"]}}],"collection":[{"href":"https:\/\/e.kosmolat.eu\/lv\/wp-json\/wp\/v2\/product"}],"about":[{"href":"https:\/\/e.kosmolat.eu\/lv\/wp-json\/wp\/v2\/types\/product"}],"wp:featuredmedia":[{"embeddable":true,"href":"https:\/\/e.kosmolat.eu\/lv\/wp-json\/wp\/v2\/media\/78421"}],"wp:attachment":[{"href":"https:\/\/e.kosmolat.eu\/lv\/wp-json\/wp\/v2\/media?parent=73697"}],"wp:term":[{"taxonomy":"product_cat","embeddable":true,"href":"https:\/\/e.kosmolat.eu\/lv\/wp-json\/wp\/v2\/product_cat?post=73697"},{"taxonomy":"product_tag","embeddable":true,"href":"https:\/\/e.kosmolat.eu\/lv\/wp-json\/wp\/v2\/product_tag?post=73697"}],"curies":[{"name":"wp","href":"https:\/\/api.w.org\/{rel}","templated":true}]}}