{"id":73689,"date":"2025-07-03T04:02:37","date_gmt":"2025-07-03T04:02:37","guid":{"rendered":"https:\/\/e.kosmolat.eu\/product\/evoluderm-roku-krems-lavanda-30-ml\/"},"modified":"2025-09-20T08:47:40","modified_gmt":"2025-09-20T08:47:40","slug":"evoluderm-roku-krems-lavanda-30-ml","status":"publish","type":"product","link":"https:\/\/e.kosmolat.eu\/lv\/product\/evoluderm-roku-krems-lavanda-30-ml\/","title":{"rendered":"EVOLUDERM Roku kr\u0113ms Lavanda, 30 ml"},"content":{"rendered":"<p>97\u202f% dabiskas izcelsmes sast\u0101vda\u013cu. Dermatolo\u0123iski p\u0101rbaud\u012bts.<\/p>\n","protected":false},"excerpt":{"rendered":"<p>97\u202f% dabiskas izcelsmes sast\u0101vda\u013cu. Dermatolo\u0123iski p\u0101rbaud\u012bts.<\/p>\n","protected":false},"featured_media":96186,"template":"","meta":[],"product_cat":[1305],"product_tag":[],"class_list":{"0":"post-73689","1":"product","2":"type-product","3":"status-publish","4":"has-post-thumbnail","6":"product_brand-evoluderm","7":"product_cat-1305","9":"first","10":"instock","11":"taxable","12":"shipping-taxable","13":"product-type-simple"},"_links":{"self":[{"href":"https:\/\/e.kosmolat.eu\/lv\/wp-json\/wp\/v2\/product\/73689","targetHints":{"allow":["GET"]}}],"collection":[{"href":"https:\/\/e.kosmolat.eu\/lv\/wp-json\/wp\/v2\/product"}],"about":[{"href":"https:\/\/e.kosmolat.eu\/lv\/wp-json\/wp\/v2\/types\/product"}],"wp:featuredmedia":[{"embeddable":true,"href":"https:\/\/e.kosmolat.eu\/lv\/wp-json\/wp\/v2\/media\/96186"}],"wp:attachment":[{"href":"https:\/\/e.kosmolat.eu\/lv\/wp-json\/wp\/v2\/media?parent=73689"}],"wp:term":[{"taxonomy":"product_cat","embeddable":true,"href":"https:\/\/e.kosmolat.eu\/lv\/wp-json\/wp\/v2\/product_cat?post=73689"},{"taxonomy":"product_tag","embeddable":true,"href":"https:\/\/e.kosmolat.eu\/lv\/wp-json\/wp\/v2\/product_tag?post=73689"}],"curies":[{"name":"wp","href":"https:\/\/api.w.org\/{rel}","templated":true}]}}