{"id":73665,"date":"2025-07-03T04:01:46","date_gmt":"2025-07-03T04:01:46","guid":{"rendered":"https:\/\/e.kosmolat.eu\/product\/evoluderm-mitr-salvetes-kosm-nonems-visiem-adas-tip-t-sk-jutigai-adai-25-gab\/"},"modified":"2026-04-21T10:36:45","modified_gmt":"2026-04-21T10:36:45","slug":"evoluderm-mitr-salvetes-kosm-nonems-visiem-adas-tip-t-sk-jutigai-adai-25-gab","status":"publish","type":"product","link":"https:\/\/e.kosmolat.eu\/lv\/product\/evoluderm-mitr-salvetes-kosm-nonems-visiem-adas-tip-t-sk-jutigai-adai-25-gab\/","title":{"rendered":"EVOLUDERM Mitr. salvetes kosm. no\u0146em\u0161. visiem \u0101das tip., t.sk. jut\u012bgai \u0101dai, 25 gab."},"content":{"rendered":"<p>Pateicoties maigajai, bet efekt\u012bvajai formulai, salvetes saudz\u012bgi att\u012bra sejas un acu \u0101du vien\u0101 sol\u012b. T\u0101s ir bag\u0101tin\u0101tas ar kr\u0113mveida losjonu, kas satur mande\u013cu e\u013c\u013cu, ro\u017eu ziedlapu ekstraktu un glicer\u012bnu, kas paz\u012bstams ar sav\u0101m mitrino\u0161aj\u0101m \u012bpa\u0161\u012bb\u0101m. Salvetes efekt\u012bvi no\u0146em grimu un padara \u0101du p\u0101rsteidzo\u0161i maigu. Piem\u0113rotas visiem \u0101das tipiem, tostarp jut\u012bgai \u0101dai.<\/p>\n<p>Lieto\u0161ana: no\u0146emiet aizsarguzl\u012bmi, iz\u0146emiet salveti un uzman\u012bgi not\u012briet seju, iek\u013caujot acu un l\u016bpu zonu. Nav nepiecie\u0161ams noskalot. P\u0113c lieto\u0161anas cie\u0161i aizveriet iepakojumu, lai salvetes neiz\u017e\u016btu.<\/p>\n<p>Br\u012bdin\u0101jums: nelietot uz kairin\u0101tas vai boj\u0101tas \u0101das.<\/p>\n<p>Dermatolo\u0123iski un oftalmolo\u0123iski p\u0101rbaud\u012bts.<\/p>\n","protected":false},"excerpt":{"rendered":"<p>Pateicoties maigajai, bet efekt\u012bvajai formulai, salvetes saudz\u012bgi att\u012bra sejas un acu \u0101du vien\u0101 sol\u012b. T\u0101s ir bag\u0101tin\u0101tas ar kr\u0113mveida losjonu, kas satur mande\u013cu e\u013c\u013cu, ro\u017eu ziedlapu ekstraktu un glicer\u012bnu, kas paz\u012bstams ar sav\u0101m mitrino\u0161aj\u0101m \u012bpa\u0161\u012bb\u0101m. Salvetes efekt\u012bvi no\u0146em grimu un padara \u0101du p\u0101rsteidzo\u0161i maigu. Piem\u0113rotas visiem \u0101das tipiem, tostarp jut\u012bgai \u0101dai. Lieto\u0161ana: no\u0146emiet aizsarguzl\u012bmi, iz\u0146emiet [&#8230;]\n","protected":false},"featured_media":81318,"template":"","meta":[],"product_cat":[1808],"product_tag":[],"class_list":{"0":"post-73665","1":"product","2":"type-product","3":"status-publish","4":"has-post-thumbnail","6":"product_brand-evoluderm","7":"product_cat-dregnos-serveteles-ir-nosines","9":"first","10":"outofstock","11":"taxable","12":"shipping-taxable","13":"product-type-simple"},"_links":{"self":[{"href":"https:\/\/e.kosmolat.eu\/lv\/wp-json\/wp\/v2\/product\/73665","targetHints":{"allow":["GET"]}}],"collection":[{"href":"https:\/\/e.kosmolat.eu\/lv\/wp-json\/wp\/v2\/product"}],"about":[{"href":"https:\/\/e.kosmolat.eu\/lv\/wp-json\/wp\/v2\/types\/product"}],"wp:featuredmedia":[{"embeddable":true,"href":"https:\/\/e.kosmolat.eu\/lv\/wp-json\/wp\/v2\/media\/81318"}],"wp:attachment":[{"href":"https:\/\/e.kosmolat.eu\/lv\/wp-json\/wp\/v2\/media?parent=73665"}],"wp:term":[{"taxonomy":"product_cat","embeddable":true,"href":"https:\/\/e.kosmolat.eu\/lv\/wp-json\/wp\/v2\/product_cat?post=73665"},{"taxonomy":"product_tag","embeddable":true,"href":"https:\/\/e.kosmolat.eu\/lv\/wp-json\/wp\/v2\/product_tag?post=73665"}],"curies":[{"name":"wp","href":"https:\/\/api.w.org\/{rel}","templated":true}]}}