{"id":73619,"date":"2025-07-02T04:02:17","date_gmt":"2025-07-02T04:02:17","guid":{"rendered":"https:\/\/e.kosmolat.eu\/product\/evoluderm-brillance-matu-atsk-ekspress-sprejs-visiem-m-tip-250-ml\/"},"modified":"2025-09-20T06:54:33","modified_gmt":"2025-09-20T06:54:33","slug":"evoluderm-brillance-matu-atsk-ekspress-sprejs-visiem-m-tip-250-ml","status":"publish","type":"product","link":"https:\/\/e.kosmolat.eu\/lv\/product\/evoluderm-brillance-matu-atsk-ekspress-sprejs-visiem-m-tip-250-ml\/","title":{"rendered":"EVOLUDERM Brillance Matu at\u0161\u0137. ekspress-sprejs visiem m. tip., 250 ml"},"content":{"rendered":"<p>Sprejs pie\u0161\u0137ir matiem t\u016bl\u012bt\u0113ju mirdzumu un atvieglo to \u0137emm\u0113\u0161anu. Viegl\u0101, nenoskalojam\u0101 formula ar z\u012bdu padara matus m\u012bkstus, z\u012bdainus un sp\u012bd\u012bgus. P\u0113c lieto\u0161anas mati k\u013c\u016bst viegli \u0137emm\u0113jami un ieg\u016bst pat\u012bkamu aug\u013cu arom\u0101tu.<\/p>\n<p>Lieto\u0161ana: izsmidziniet uz sausiem vai mitriem matiem, \u012bpa\u0161u uzman\u012bbu piev\u0113r\u0161ot matu garumam un galiem. Nav j\u0101noskalo.<\/p>\n<p>Piesardz\u012bbas pas\u0101kumi: izvair\u012bties no saskares ar ac\u012bm. Ja nok\u013c\u016bst ac\u012bs, nekav\u0113joties izskalot t\u0101s ar lielu daudzumu \u016bdens. Neieelpot.<\/p>\n<p>Dermatolo\u0123iski p\u0101rbaud\u012bts.<\/p>\n","protected":false},"excerpt":{"rendered":"<p>Sprejs pie\u0161\u0137ir matiem t\u016bl\u012bt\u0113ju mirdzumu un atvieglo to \u0137emm\u0113\u0161anu. Viegl\u0101, nenoskalojam\u0101 formula ar z\u012bdu padara matus m\u012bkstus, z\u012bdainus un sp\u012bd\u012bgus. P\u0113c lieto\u0161anas mati k\u013c\u016bst viegli \u0137emm\u0113jami un ieg\u016bst pat\u012bkamu aug\u013cu arom\u0101tu. Lieto\u0161ana: izsmidziniet uz sausiem vai mitriem matiem, \u012bpa\u0161u uzman\u012bbu piev\u0113r\u0161ot matu garumam un galiem. Nav j\u0101noskalo. Piesardz\u012bbas pas\u0101kumi: izvair\u012bties no saskares ar ac\u012bm. Ja [&#8230;]\n","protected":false},"featured_media":94250,"template":"","meta":[],"product_cat":[1343],"product_tag":[],"class_list":{"0":"post-73619","1":"product","2":"type-product","3":"status-publish","4":"has-post-thumbnail","6":"product_brand-evoluderm","7":"product_cat-citi-matu-kopsanas-produkti","9":"first","10":"outofstock","11":"taxable","12":"shipping-taxable","13":"product-type-simple"},"_links":{"self":[{"href":"https:\/\/e.kosmolat.eu\/lv\/wp-json\/wp\/v2\/product\/73619","targetHints":{"allow":["GET"]}}],"collection":[{"href":"https:\/\/e.kosmolat.eu\/lv\/wp-json\/wp\/v2\/product"}],"about":[{"href":"https:\/\/e.kosmolat.eu\/lv\/wp-json\/wp\/v2\/types\/product"}],"wp:featuredmedia":[{"embeddable":true,"href":"https:\/\/e.kosmolat.eu\/lv\/wp-json\/wp\/v2\/media\/94250"}],"wp:attachment":[{"href":"https:\/\/e.kosmolat.eu\/lv\/wp-json\/wp\/v2\/media?parent=73619"}],"wp:term":[{"taxonomy":"product_cat","embeddable":true,"href":"https:\/\/e.kosmolat.eu\/lv\/wp-json\/wp\/v2\/product_cat?post=73619"},{"taxonomy":"product_tag","embeddable":true,"href":"https:\/\/e.kosmolat.eu\/lv\/wp-json\/wp\/v2\/product_tag?post=73619"}],"curies":[{"name":"wp","href":"https:\/\/api.w.org\/{rel}","templated":true}]}}