{"id":73611,"date":"2025-07-02T04:02:00","date_gmt":"2025-07-02T04:02:00","guid":{"rendered":"https:\/\/e.kosmolat.eu\/product\/evoluderm-attir-micel-putas-visiem-adas-t-tai-sk-jut-adai-150-ml\/"},"modified":"2026-04-13T12:56:33","modified_gmt":"2026-04-13T12:56:33","slug":"evoluderm-attir-micel-putas-visiem-adas-t-tai-sk-jut-adai-150-ml","status":"publish","type":"product","link":"https:\/\/e.kosmolat.eu\/lv\/product\/evoluderm-attir-micel-putas-visiem-adas-t-tai-sk-jut-adai-150-ml\/","title":{"rendered":"EVOLUDERM Att\u012br. micel. putas visiem \u0101das t., tai sk. jut. \u0101dai, 150 ml"},"content":{"rendered":"<p>Formula uz \u016bdens b\u0101zes p\u0101rv\u0113r\u0161as viegl\u0101s, gais\u012bg\u0101s put\u0101s ar pat\u012bkamu tekst\u016bru, kas saudz\u012bgi att\u012bra \u0101du, no\u0146em grimu un net\u012brumus, nekairinot to. Piem\u0113rota visiem \u0101das tipiem, tai skait\u0101  jut\u012bgai \u0101dai, padarot to maigu un koptu. \u012apa\u0161i saudz\u012bg\u0101s att\u012bro\u0161\u0101s sast\u0101vda\u013cas darbojas k\u0101 magn\u0113ti, piesaistot net\u012brumus un dekorat\u012bvo kosm\u0113tiku, savuk\u0101rt nomierino\u0161ais alvejas ekstrakts sniedz papildu kop\u0161anu. Pietiek ar vienu dozatora spiedienu, lai ieg\u016btu optim\u0101lu putu daudzumu.<\/p>\n<p>Rezult\u0101ts: svaiga \u0101da, perfekti att\u012br\u012bta no grima un net\u012brumiem.<\/p>\n<p>Lieto\u0161ana: uzkl\u0101jiet uz samitrin\u0101tas ar \u016bdeni sejas \u0101das, iemas\u0113jiet, izvairoties no zonas ap ac\u012bm, p\u0113c tam noskalojiet.<\/p>\n<p>Nesatur alkoholu. Dermatolo\u0123iski p\u0101rbaud\u012bts.<\/p>\n","protected":false},"excerpt":{"rendered":"<p>Formula uz \u016bdens b\u0101zes p\u0101rv\u0113r\u0161as viegl\u0101s, gais\u012bg\u0101s put\u0101s ar pat\u012bkamu tekst\u016bru, kas saudz\u012bgi att\u012bra \u0101du, no\u0146em grimu un net\u012brumus, nekairinot to. Piem\u0113rota visiem \u0101das tipiem, tai skait\u0101 jut\u012bgai \u0101dai, padarot to maigu un koptu. \u012apa\u0161i saudz\u012bg\u0101s att\u012bro\u0161\u0101s sast\u0101vda\u013cas darbojas k\u0101 magn\u0113ti, piesaistot net\u012brumus un dekorat\u012bvo kosm\u0113tiku, savuk\u0101rt nomierino\u0161ais alvejas ekstrakts sniedz papildu kop\u0161anu. Pietiek ar [&#8230;]\n","protected":false},"featured_media":94362,"template":"","meta":[],"product_cat":[1568],"product_tag":[],"class_list":{"0":"post-73611","1":"product","2":"type-product","3":"status-publish","4":"has-post-thumbnail","6":"product_brand-evoluderm","7":"product_cat-micelarais-udens","9":"first","10":"instock","11":"taxable","12":"shipping-taxable","13":"product-type-simple"},"_links":{"self":[{"href":"https:\/\/e.kosmolat.eu\/lv\/wp-json\/wp\/v2\/product\/73611","targetHints":{"allow":["GET"]}}],"collection":[{"href":"https:\/\/e.kosmolat.eu\/lv\/wp-json\/wp\/v2\/product"}],"about":[{"href":"https:\/\/e.kosmolat.eu\/lv\/wp-json\/wp\/v2\/types\/product"}],"wp:featuredmedia":[{"embeddable":true,"href":"https:\/\/e.kosmolat.eu\/lv\/wp-json\/wp\/v2\/media\/94362"}],"wp:attachment":[{"href":"https:\/\/e.kosmolat.eu\/lv\/wp-json\/wp\/v2\/media?parent=73611"}],"wp:term":[{"taxonomy":"product_cat","embeddable":true,"href":"https:\/\/e.kosmolat.eu\/lv\/wp-json\/wp\/v2\/product_cat?post=73611"},{"taxonomy":"product_tag","embeddable":true,"href":"https:\/\/e.kosmolat.eu\/lv\/wp-json\/wp\/v2\/product_tag?post=73611"}],"curies":[{"name":"wp","href":"https:\/\/api.w.org\/{rel}","templated":true}]}}