{"id":73603,"date":"2025-07-02T04:01:42","date_gmt":"2025-07-02T04:01:42","guid":{"rendered":"https:\/\/e.kosmolat.eu\/product\/evoluderm-micel-putas-ar-c-vit-blavai-adai-kurai-trukst-mirdz-150-ml\/"},"modified":"2025-09-20T06:57:30","modified_gmt":"2025-09-20T06:57:30","slug":"evoluderm-micel-putas-ar-c-vit-blavai-adai-kurai-trukst-mirdz-150-ml","status":"publish","type":"product","link":"https:\/\/e.kosmolat.eu\/lv\/product\/evoluderm-micel-putas-ar-c-vit-blavai-adai-kurai-trukst-mirdz-150-ml\/","title":{"rendered":"EVOLUDERM Micel. putas ar C vit. bl\u0101vai \u0101dai, kurai tr\u016bkst mirdz., 150 ml"},"content":{"rendered":"<p>Micel\u0101r\u0101s putas ar C vitam\u012bnu pie\u0161\u0137ir \u0101dai svaigu un mirdzo\u0161u izskatu. To formula ir bag\u0101tin\u0101ta ar C vitam\u012bnu, kas paz\u012bstams ar sav\u0101m antioksidanta \u012bpa\u0161\u012bb\u0101m un sp\u0113ju toniz\u0113t un atdz\u012bvin\u0101t \u0101du.<br \/>\nPateicoties maigajai, elast\u012bgajai birst\u012btei un gais\u012bgajai putu tekst\u016brai, l\u012bdzeklis efekt\u012bvi no\u0146em kosm\u0113tiku, att\u012bra un atsvaidzina \u0101du.<\/p>\n<p>Lieto\u0161ana:<br \/>\n1. No\u0146emiet aizsargv\u0101ci\u0146u no birst\u012btes.<br \/>\n2. Paceliet birst\u012bti uz aug\u0161u un nospiediet, lai izdal\u012btos putas.<br \/>\n3. Samitriniet seju un viegli pamas\u0113jiet \u0101du ar birst\u012bti.<br \/>\n4. Noskalojiet ar siltu \u016bdeni.<br \/>\n5. P\u0113c lieto\u0161anas no\u0146emiet aug\u0161\u0113jo da\u013cu, izskalojiet un r\u016bp\u012bgi nosusiniet.<\/p>\n<p>Dermatolo\u0123iski un oftalmolo\u0123iski p\u0101rbaud\u012bts.<\/p>\n","protected":false},"excerpt":{"rendered":"<p>Micel\u0101r\u0101s putas ar C vitam\u012bnu pie\u0161\u0137ir \u0101dai svaigu un mirdzo\u0161u izskatu. To formula ir bag\u0101tin\u0101ta ar C vitam\u012bnu, kas paz\u012bstams ar sav\u0101m antioksidanta \u012bpa\u0161\u012bb\u0101m un sp\u0113ju toniz\u0113t un atdz\u012bvin\u0101t \u0101du. Pateicoties maigajai, elast\u012bgajai birst\u012btei un gais\u012bgajai putu tekst\u016brai, l\u012bdzeklis efekt\u012bvi no\u0146em kosm\u0113tiku, att\u012bra un atsvaidzina \u0101du. Lieto\u0161ana: 1. No\u0146emiet aizsargv\u0101ci\u0146u no birst\u012btes. 2. Paceliet birst\u012bti [&#8230;]\n","protected":false},"featured_media":94306,"template":"","meta":[],"product_cat":[1833],"product_tag":[],"class_list":{"0":"post-73603","1":"product","2":"type-product","3":"status-publish","4":"has-post-thumbnail","6":"product_brand-evoluderm","7":"product_cat-putas-sejas-mazgasanai","9":"first","10":"outofstock","11":"taxable","12":"shipping-taxable","13":"product-type-simple"},"_links":{"self":[{"href":"https:\/\/e.kosmolat.eu\/lv\/wp-json\/wp\/v2\/product\/73603","targetHints":{"allow":["GET"]}}],"collection":[{"href":"https:\/\/e.kosmolat.eu\/lv\/wp-json\/wp\/v2\/product"}],"about":[{"href":"https:\/\/e.kosmolat.eu\/lv\/wp-json\/wp\/v2\/types\/product"}],"wp:featuredmedia":[{"embeddable":true,"href":"https:\/\/e.kosmolat.eu\/lv\/wp-json\/wp\/v2\/media\/94306"}],"wp:attachment":[{"href":"https:\/\/e.kosmolat.eu\/lv\/wp-json\/wp\/v2\/media?parent=73603"}],"wp:term":[{"taxonomy":"product_cat","embeddable":true,"href":"https:\/\/e.kosmolat.eu\/lv\/wp-json\/wp\/v2\/product_cat?post=73603"},{"taxonomy":"product_tag","embeddable":true,"href":"https:\/\/e.kosmolat.eu\/lv\/wp-json\/wp\/v2\/product_tag?post=73603"}],"curies":[{"name":"wp","href":"https:\/\/api.w.org\/{rel}","templated":true}]}}