{"id":73595,"date":"2025-07-02T04:01:25","date_gmt":"2025-07-02T04:01:25","guid":{"rendered":"https:\/\/e.kosmolat.eu\/product\/evoluderm-nogludin-skrubis-saus-un-raupj-pedu-adai-125-ml\/"},"modified":"2026-04-11T18:28:43","modified_gmt":"2026-04-11T18:28:43","slug":"evoluderm-nogludin-skrubis-saus-un-raupj-pedu-adai-125-ml","status":"publish","type":"product","link":"https:\/\/e.kosmolat.eu\/lv\/product\/evoluderm-nogludin-skrubis-saus-un-raupj-pedu-adai-125-ml\/","title":{"rendered":"EVOLUDERM Nogludin. skrubis saus. un raupj. p\u0113du \u0101dai, 125 ml"},"content":{"rendered":"<p>Skrubis, kas bag\u0101tin\u0101ts ar vulk\u0101nisk\u0101 ie\u017ea pulveri un \u0161\u012b sviestu, maigi un efekt\u012bvi noloba atmiru\u0161o \u0101du, nesausinot to. Kr\u0113mveida tekst\u016bra saudz\u012bgi kopj p\u0113das un sniedz komforta saj\u016btu.<\/p>\n<p>Rezult\u0101ts: p\u0113du \u0101da k\u013c\u016bst glud\u0101ka un maig\u0101ka. Lai sasniegtu maksim\u0101lu efektu, ieteicams lietot kop\u0101 ar barojo\u0161o p\u0113du kr\u0113mu.<\/p>\n<p>Lieto\u0161ana: uzkl\u0101jiet uz saus\u0101m vai mitr\u0101m p\u0113d\u0101m, \u012bpa\u0161u uzman\u012bbu piev\u0113r\u0161ot raupj\u0101kaj\u0101m viet\u0101m, p\u0113c tam r\u016bp\u012bgi noskalojiet.<\/p>\n<p>Dermatolo\u0123iski p\u0101rbaud\u012bts.<\/p>\n","protected":false},"excerpt":{"rendered":"<p>Skrubis, kas bag\u0101tin\u0101ts ar vulk\u0101nisk\u0101 ie\u017ea pulveri un \u0161\u012b sviestu, maigi un efekt\u012bvi noloba atmiru\u0161o \u0101du, nesausinot to. Kr\u0113mveida tekst\u016bra saudz\u012bgi kopj p\u0113das un sniedz komforta saj\u016btu. Rezult\u0101ts: p\u0113du \u0101da k\u013c\u016bst glud\u0101ka un maig\u0101ka. Lai sasniegtu maksim\u0101lu efektu, ieteicams lietot kop\u0101 ar barojo\u0161o p\u0113du kr\u0113mu. Lieto\u0161ana: uzkl\u0101jiet uz saus\u0101m vai mitr\u0101m p\u0113d\u0101m, \u012bpa\u0161u uzman\u012bbu piev\u0113r\u0161ot [&#8230;]\n","protected":false},"featured_media":81338,"template":"","meta":[],"product_cat":[1761],"product_tag":[],"class_list":{"0":"post-73595","1":"product","2":"type-product","3":"status-publish","4":"has-post-thumbnail","6":"product_brand-evoluderm","7":"product_cat-kaju-kopsanas-kosmetika","9":"first","10":"instock","11":"taxable","12":"shipping-taxable","13":"product-type-simple"},"_links":{"self":[{"href":"https:\/\/e.kosmolat.eu\/lv\/wp-json\/wp\/v2\/product\/73595","targetHints":{"allow":["GET"]}}],"collection":[{"href":"https:\/\/e.kosmolat.eu\/lv\/wp-json\/wp\/v2\/product"}],"about":[{"href":"https:\/\/e.kosmolat.eu\/lv\/wp-json\/wp\/v2\/types\/product"}],"wp:featuredmedia":[{"embeddable":true,"href":"https:\/\/e.kosmolat.eu\/lv\/wp-json\/wp\/v2\/media\/81338"}],"wp:attachment":[{"href":"https:\/\/e.kosmolat.eu\/lv\/wp-json\/wp\/v2\/media?parent=73595"}],"wp:term":[{"taxonomy":"product_cat","embeddable":true,"href":"https:\/\/e.kosmolat.eu\/lv\/wp-json\/wp\/v2\/product_cat?post=73595"},{"taxonomy":"product_tag","embeddable":true,"href":"https:\/\/e.kosmolat.eu\/lv\/wp-json\/wp\/v2\/product_tag?post=73595"}],"curies":[{"name":"wp","href":"https:\/\/api.w.org\/{rel}","templated":true}]}}