{"id":73587,"date":"2025-07-02T04:01:09","date_gmt":"2025-07-02T04:01:09","guid":{"rendered":"https:\/\/e.kosmolat.eu\/product\/evoluderm-uzmundr-dienas-kr-ar-hialuronsk-un-godzi-ogu-ekstr-50-ml\/"},"modified":"2026-04-22T07:21:02","modified_gmt":"2026-04-22T07:21:02","slug":"evoluderm-uzmundr-dienas-kr-ar-hialuronsk-un-godzi-ogu-ekstr-50-ml","status":"publish","type":"product","link":"https:\/\/e.kosmolat.eu\/lv\/product\/evoluderm-uzmundr-dienas-kr-ar-hialuronsk-un-godzi-ogu-ekstr-50-ml\/","title":{"rendered":"EVOLUDERM Uzmundr. dienas kr. ar hialuronsk. un god\u017ei ogu ekstr., 50 ml"},"content":{"rendered":"<p>P\u0113c 30 gadu vecuma \u0101da zaud\u0113 hialuronsk\u0101bi, k\u013c\u016bst bl\u0101va un nogurusi. Atjaunojiet t\u0101s mirdzumu ar uzmundrino\u0161u dienas kr\u0113mu ar tr\u012bsk\u0101r\u0161u iedarb\u012bbu:<\/p>\n<p>\u2022 Vitam\u012bnu kokteilis pie\u0161\u0137ir \u0101dai ener\u0123iju un vesel\u012bgu mirdzumu.<br \/>\n\u2022 God\u017ei ogu ekstrakts ar C vitam\u012bnu nodro\u0161ina antioksidantu iedarb\u012bbu \u2014 \u0101da k\u013c\u016bst tvirt\u0101ka, sejas vaibsti izl\u012bdzin\u0101s.<br \/>\n\u2022 Anti-pollution komplekss aizsarg\u0101 \u0101du no pies\u0101r\u0146ojuma, veidojot aizsargbarjeru.<\/p>\n<p>Rezult\u0101ts: \u0101da ir dzi\u013ci mitrin\u0101ta, aizsarg\u0101ta un mirdzo\u0161a.<\/p>\n<p>Priek\u0161roc\u012bbas: svaiga, k\u016bsto\u0161a tekst\u016bra \u2014 lieliski piem\u0113rota k\u0101 grima b\u0101ze.<\/p>\n<p>Lieto\u0161ana: uzkl\u0101jiet kr\u0113mu uz sejas un kakla \u0101das ar maig\u0101m ap\u013cveida kust\u012bb\u0101m.<\/p>\n<p>Piesardz\u012bbas pas\u0101kumi: izvair\u012bties no saskares ar ac\u012bm. Ja nok\u013c\u016bst ac\u012bs, nekav\u0113joties izskalot t\u0101s ar lielu daudzumu \u016bdens.<\/p>\n<p>Dermatolo\u0123iski p\u0101rbaud\u012bts.<\/p>\n","protected":false},"excerpt":{"rendered":"<p>P\u0113c 30 gadu vecuma \u0101da zaud\u0113 hialuronsk\u0101bi, k\u013c\u016bst bl\u0101va un nogurusi. Atjaunojiet t\u0101s mirdzumu ar uzmundrino\u0161u dienas kr\u0113mu ar tr\u012bsk\u0101r\u0161u iedarb\u012bbu: \u2022 Vitam\u012bnu kokteilis pie\u0161\u0137ir \u0101dai ener\u0123iju un vesel\u012bgu mirdzumu. \u2022 God\u017ei ogu ekstrakts ar C vitam\u012bnu nodro\u0161ina antioksidantu iedarb\u012bbu \u2014 \u0101da k\u013c\u016bst tvirt\u0101ka, sejas vaibsti izl\u012bdzin\u0101s. \u2022 Anti-pollution komplekss aizsarg\u0101 \u0101du no pies\u0101r\u0146ojuma, veidojot [&#8230;]\n","protected":false},"featured_media":81334,"template":"","meta":[],"product_cat":[2182],"product_tag":[],"class_list":{"0":"post-73587","1":"product","2":"type-product","3":"status-publish","4":"has-post-thumbnail","6":"product_brand-evoluderm","7":"product_cat-bez-kategorijas-ru","9":"first","10":"instock","11":"taxable","12":"shipping-taxable","13":"product-type-simple"},"_links":{"self":[{"href":"https:\/\/e.kosmolat.eu\/lv\/wp-json\/wp\/v2\/product\/73587","targetHints":{"allow":["GET"]}}],"collection":[{"href":"https:\/\/e.kosmolat.eu\/lv\/wp-json\/wp\/v2\/product"}],"about":[{"href":"https:\/\/e.kosmolat.eu\/lv\/wp-json\/wp\/v2\/types\/product"}],"wp:featuredmedia":[{"embeddable":true,"href":"https:\/\/e.kosmolat.eu\/lv\/wp-json\/wp\/v2\/media\/81334"}],"wp:attachment":[{"href":"https:\/\/e.kosmolat.eu\/lv\/wp-json\/wp\/v2\/media?parent=73587"}],"wp:term":[{"taxonomy":"product_cat","embeddable":true,"href":"https:\/\/e.kosmolat.eu\/lv\/wp-json\/wp\/v2\/product_cat?post=73587"},{"taxonomy":"product_tag","embeddable":true,"href":"https:\/\/e.kosmolat.eu\/lv\/wp-json\/wp\/v2\/product_tag?post=73587"}],"curies":[{"name":"wp","href":"https:\/\/api.w.org\/{rel}","templated":true}]}}