{"id":73579,"date":"2025-07-02T04:00:54","date_gmt":"2025-07-02T04:00:54","guid":{"rendered":"https:\/\/e.kosmolat.eu\/product\/evoluderm-attirosas-micelaras-salvetes-jutigai-adai-25-gab\/"},"modified":"2026-04-11T18:27:15","modified_gmt":"2026-04-11T18:27:15","slug":"evoluderm-attirosas-micelaras-salvetes-jutigai-adai-25-gab","status":"publish","type":"product","link":"https:\/\/e.kosmolat.eu\/lv\/product\/evoluderm-attirosas-micelaras-salvetes-jutigai-adai-25-gab\/","title":{"rendered":"EVOLUDERM Att\u012bro\u0161\u0101s micel\u0101r\u0101s salvetes jut\u012bgai \u0101dai, 25 gab."},"content":{"rendered":"<p>Izbaudiet visas micel\u0101r\u0101 \u016bdens priek\u0161roc\u012bbas \u0113rt\u0101 salve\u0161u form\u0101t\u0101. Micellas maigi piesaista net\u012brumus un dekorat\u012bvo kosm\u0113tiku, nodro\u0161inot saudz\u012bgu att\u012br\u012b\u0161anu. Tikai viens solis un \u0101da k\u013c\u016bst svaiga, t\u012bra un mitrin\u0101ta. Micel\u0101r\u0101s salvetes ir maigas un iztur\u012bgas, t\u0101s efekt\u012bvi no\u0146em pat notur\u012bgu grimu un atsvaidzina \u0101du jebkur\u0101 diennakts laik\u0101. T\u0101s pal\u012bdz saglab\u0101t dabisko \u0101das mitruma l\u012bdzsvaru, sniedzot komforta saj\u016btu.<\/p>\n<p>Lieto\u0161ana: no\u0146emiet aizsarg\u0101jo\u0161o uzl\u012bmi, iz\u0146emiet salveti un viegli not\u012briet seju, ieskaitot acu un l\u016bpu zonu. Nav nepiecie\u0161ams noskalot. P\u0113c lieto\u0161anas cie\u0161i aizveriet iepakojumu, lai nov\u0113rstu salve\u0161u iz\u017e\u016b\u0161anu.<\/p>\n<p>Br\u012bdin\u0101jums: nelietot uz kairin\u0101tas vai boj\u0101tas \u0101das.<\/p>\n<p>Dermatolo\u0123iski un oftalmolo\u0123iski p\u0101rbaud\u012bts.<\/p>\n","protected":false},"excerpt":{"rendered":"<p>Izbaudiet visas micel\u0101r\u0101 \u016bdens priek\u0161roc\u012bbas \u0113rt\u0101 salve\u0161u form\u0101t\u0101. Micellas maigi piesaista net\u012brumus un dekorat\u012bvo kosm\u0113tiku, nodro\u0161inot saudz\u012bgu att\u012br\u012b\u0161anu. Tikai viens solis un \u0101da k\u013c\u016bst svaiga, t\u012bra un mitrin\u0101ta. Micel\u0101r\u0101s salvetes ir maigas un iztur\u012bgas, t\u0101s efekt\u012bvi no\u0146em pat notur\u012bgu grimu un atsvaidzina \u0101du jebkur\u0101 diennakts laik\u0101. T\u0101s pal\u012bdz saglab\u0101t dabisko \u0101das mitruma l\u012bdzsvaru, sniedzot komforta [&#8230;]\n","protected":false},"featured_media":81322,"template":"","meta":[],"product_cat":[1806],"product_tag":[],"class_list":{"0":"post-73579","1":"product","2":"type-product","3":"status-publish","4":"has-post-thumbnail","6":"product_brand-evoluderm","7":"product_cat-mitras-salvetes-un-kabataslakatini","9":"first","10":"instock","11":"taxable","12":"shipping-taxable","13":"product-type-simple"},"_links":{"self":[{"href":"https:\/\/e.kosmolat.eu\/lv\/wp-json\/wp\/v2\/product\/73579","targetHints":{"allow":["GET"]}}],"collection":[{"href":"https:\/\/e.kosmolat.eu\/lv\/wp-json\/wp\/v2\/product"}],"about":[{"href":"https:\/\/e.kosmolat.eu\/lv\/wp-json\/wp\/v2\/types\/product"}],"wp:featuredmedia":[{"embeddable":true,"href":"https:\/\/e.kosmolat.eu\/lv\/wp-json\/wp\/v2\/media\/81322"}],"wp:attachment":[{"href":"https:\/\/e.kosmolat.eu\/lv\/wp-json\/wp\/v2\/media?parent=73579"}],"wp:term":[{"taxonomy":"product_cat","embeddable":true,"href":"https:\/\/e.kosmolat.eu\/lv\/wp-json\/wp\/v2\/product_cat?post=73579"},{"taxonomy":"product_tag","embeddable":true,"href":"https:\/\/e.kosmolat.eu\/lv\/wp-json\/wp\/v2\/product_tag?post=73579"}],"curies":[{"name":"wp","href":"https:\/\/api.w.org\/{rel}","templated":true}]}}