{"id":73571,"date":"2025-07-02T04:00:40","date_gmt":"2025-07-02T04:00:40","guid":{"rendered":"https:\/\/e.kosmolat.eu\/product\/evoluderm-tirs-udens-sejas-un-kerm-sprejs-150-ml\/"},"modified":"2026-04-11T18:25:47","modified_gmt":"2026-04-11T18:25:47","slug":"evoluderm-tirs-udens-sejas-un-kerm-sprejs-150-ml","status":"publish","type":"product","link":"https:\/\/e.kosmolat.eu\/lv\/product\/evoluderm-tirs-udens-sejas-un-kerm-sprejs-150-ml\/","title":{"rendered":"EVOLUDERM T\u012brs \u016bdens Sejas un \u0137erm. sprejs, 150 ml"},"content":{"rendered":"<p>Sejas un \u0137erme\u0146a sprejs no t\u012bra \u016bdens mitrina, atsvaidzina un toniz\u0113 \u0101du. Piem\u0113rots visiem \u0101das tipiem, tostarp visjut\u012bg\u0101kajai \u0101dai.<\/p>\n<p>Lieto\u0161ana: izsmidziniet uz sejas vai \u0137erme\u0146a \u0101das. Uzgaidiet da\u017eas sekundes, p\u0113c tam viegli nosusiniet. Lietojiet jebkur\u0101 laik\u0101 \u2014 no r\u012bta p\u0113c pamo\u0161an\u0101s, darb\u0101 vai \u0101r\u0101 (p\u0113c pludmales, treni\u0146a utt.).<\/p>\n<p>Piesardz\u012bbas pas\u0101kumi: nelietot baloni\u0146u sl\u012bpi. Izmantot tikai paredz\u0113tajam nol\u016bkam. Sarg\u0101t no sasal\u0161anas.<\/p>\n<p>Br\u012bdin\u0101jums.<br \/>\nH229 Tvertne zem spiediena: karstum\u0101 var eksplod\u0113t.<br \/>\nDro\u0161\u012bbas pras\u012bbu apz\u012bm\u0113jumi:<br \/>\nP102 Sarg\u0101t no b\u0113rniem.<br \/>\nP210 Sarg\u0101t no karstuma, karst\u0101m virsm\u0101m, dzirkstel\u0113m, atkl\u0101tas uguns un citiem aizdeg\u0161an\u0101s avotiem. Nesm\u0113\u0137\u0113t.<br \/>\nP251 Nedurt vai nededzin\u0101t, ar\u012b p\u0113c izlieto\u0161anas.<br \/>\nP410+P412 Aizsarg\u0101t no saules gaismas. Nepak\u013caut temperat\u016brai, kas p\u0101rsniedz 50 \u00b0C \/ 122 \u00b0F.<\/p>\n","protected":false},"excerpt":{"rendered":"<p>Sejas un \u0137erme\u0146a sprejs no t\u012bra \u016bdens mitrina, atsvaidzina un toniz\u0113 \u0101du. Piem\u0113rots visiem \u0101das tipiem, tostarp visjut\u012bg\u0101kajai \u0101dai. Lieto\u0161ana: izsmidziniet uz sejas vai \u0137erme\u0146a \u0101das. Uzgaidiet da\u017eas sekundes, p\u0113c tam viegli nosusiniet. Lietojiet jebkur\u0101 laik\u0101 \u2014 no r\u012bta p\u0113c pamo\u0161an\u0101s, darb\u0101 vai \u0101r\u0101 (p\u0113c pludmales, treni\u0146a utt.). Piesardz\u012bbas pas\u0101kumi: nelietot baloni\u0146u sl\u012bpi. Izmantot tikai [&#8230;]\n","protected":false},"featured_media":80506,"template":"","meta":[],"product_cat":[1599],"product_tag":[],"class_list":{"0":"post-73571","1":"product","2":"type-product","3":"status-publish","4":"has-post-thumbnail","6":"product_brand-evoluderm","7":"product_cat-aliejai-ir-kitos-specifines-priemones","9":"first","10":"instock","11":"taxable","12":"shipping-taxable","13":"product-type-simple"},"_links":{"self":[{"href":"https:\/\/e.kosmolat.eu\/lv\/wp-json\/wp\/v2\/product\/73571","targetHints":{"allow":["GET"]}}],"collection":[{"href":"https:\/\/e.kosmolat.eu\/lv\/wp-json\/wp\/v2\/product"}],"about":[{"href":"https:\/\/e.kosmolat.eu\/lv\/wp-json\/wp\/v2\/types\/product"}],"wp:featuredmedia":[{"embeddable":true,"href":"https:\/\/e.kosmolat.eu\/lv\/wp-json\/wp\/v2\/media\/80506"}],"wp:attachment":[{"href":"https:\/\/e.kosmolat.eu\/lv\/wp-json\/wp\/v2\/media?parent=73571"}],"wp:term":[{"taxonomy":"product_cat","embeddable":true,"href":"https:\/\/e.kosmolat.eu\/lv\/wp-json\/wp\/v2\/product_cat?post=73571"},{"taxonomy":"product_tag","embeddable":true,"href":"https:\/\/e.kosmolat.eu\/lv\/wp-json\/wp\/v2\/product_tag?post=73571"}],"curies":[{"name":"wp","href":"https:\/\/api.w.org\/{rel}","templated":true}]}}