{"id":73563,"date":"2025-07-02T04:00:22","date_gmt":"2025-07-02T04:00:22","guid":{"rendered":"https:\/\/e.kosmolat.eu\/product\/evoluderm-barojoss-dienas-krems-ar-rozud-saus-un-jut-adai-50-ml\/"},"modified":"2026-04-04T05:42:22","modified_gmt":"2026-04-04T05:42:22","slug":"evoluderm-barojoss-dienas-krems-ar-rozud-saus-un-jut-adai-50-ml","status":"publish","type":"product","link":"https:\/\/e.kosmolat.eu\/lv\/product\/evoluderm-barojoss-dienas-krems-ar-rozud-saus-un-jut-adai-50-ml\/","title":{"rendered":"EVOLUDERM Barojo\u0161s dienas kr\u0113ms ar ro\u017e\u016bd. saus. un jut. \u0101dai, 50 ml"},"content":{"rendered":"<p>Dienas kr\u0113ms baro, nomierina un aizsarg\u0101 sausu un jut\u012bgu \u0101du. Kr\u0113mveida tekst\u016bra maigi ap\u0146em \u0101du, padarot to maigu un elast\u012bgu.<\/p>\n<p>Piesardz\u012bbas pas\u0101kumi: izvair\u012bties no saskares ar ac\u012bm. Ja nok\u013c\u016bst ac\u012bs, nekav\u0113joties izskalot t\u0101s ar lielu daudzumu \u016bdens.<\/p>\n<p>Dermatolo\u0123iski p\u0101rbaud\u012bts.<\/p>\n","protected":false},"excerpt":{"rendered":"<p>Dienas kr\u0113ms baro, nomierina un aizsarg\u0101 sausu un jut\u012bgu \u0101du. Kr\u0113mveida tekst\u016bra maigi ap\u0146em \u0101du, padarot to maigu un elast\u012bgu. Piesardz\u012bbas pas\u0101kumi: izvair\u012bties no saskares ar ac\u012bm. Ja nok\u013c\u016bst ac\u012bs, nekav\u0113joties izskalot t\u0101s ar lielu daudzumu \u016bdens. Dermatolo\u0123iski p\u0101rbaud\u012bts.<\/p>\n","protected":false},"featured_media":81314,"template":"","meta":[],"product_cat":[1999],"product_tag":[],"class_list":{"0":"post-73563","1":"product","2":"type-product","3":"status-publish","4":"has-post-thumbnail","6":"product_brand-evoluderm","7":"product_cat-bez-kategorijas","9":"first","10":"instock","11":"taxable","12":"shipping-taxable","13":"product-type-simple"},"_links":{"self":[{"href":"https:\/\/e.kosmolat.eu\/lv\/wp-json\/wp\/v2\/product\/73563","targetHints":{"allow":["GET"]}}],"collection":[{"href":"https:\/\/e.kosmolat.eu\/lv\/wp-json\/wp\/v2\/product"}],"about":[{"href":"https:\/\/e.kosmolat.eu\/lv\/wp-json\/wp\/v2\/types\/product"}],"wp:featuredmedia":[{"embeddable":true,"href":"https:\/\/e.kosmolat.eu\/lv\/wp-json\/wp\/v2\/media\/81314"}],"wp:attachment":[{"href":"https:\/\/e.kosmolat.eu\/lv\/wp-json\/wp\/v2\/media?parent=73563"}],"wp:term":[{"taxonomy":"product_cat","embeddable":true,"href":"https:\/\/e.kosmolat.eu\/lv\/wp-json\/wp\/v2\/product_cat?post=73563"},{"taxonomy":"product_tag","embeddable":true,"href":"https:\/\/e.kosmolat.eu\/lv\/wp-json\/wp\/v2\/product_tag?post=73563"}],"curies":[{"name":"wp","href":"https:\/\/api.w.org\/{rel}","templated":true}]}}