{"id":73547,"date":"2025-07-01T08:39:53","date_gmt":"2025-07-01T08:39:53","guid":{"rendered":"https:\/\/e.kosmolat.eu\/product\/evoluderm-huile-de-ricin-stiprin-matu-kops-lidz-garum-un-gal-loti-saus-cirt-matiem-100-ml\/"},"modified":"2025-09-20T08:53:11","modified_gmt":"2025-09-20T08:53:11","slug":"evoluderm-huile-de-ricin-stiprin-matu-kops-lidz-garum-un-gal-loti-saus-cirt-matiem-100-ml","status":"publish","type":"product","link":"https:\/\/e.kosmolat.eu\/lv\/product\/evoluderm-huile-de-ricin-stiprin-matu-kops-lidz-garum-un-gal-loti-saus-cirt-matiem-100-ml\/","title":{"rendered":"EVOLUDERM Huile de Ricin Stiprin. matu kop\u0161. l\u012bdz. garum. un gal. \u013coti saus., cirt. matiem, 100 ml"},"content":{"rendered":"<p>Atjaunojiet matu mirdzumu un vitalit\u0101ti ar stiprino\u0161o kop\u0161anu EVOLUDERM Huile de Ricin ar r\u012bcine\u013c\u013cu matu garumam un galiem. L\u012bdzeklis \u012bpa\u0161i izstr\u0101d\u0101ts \u013coti sausiem, cirtainiem un nepak\u013c\u0101v\u012bgiem matiem. Neizskalojam\u0101 formula baro matus, padara tos pak\u013c\u0101v\u012bg\u0101kus un pal\u012bdz c\u012bn\u012bties ar \u0161\u0137eltiem galiem.<\/p>\n<p>Lieto\u0161ana: uzkl\u0101jiet nelielu daudzumu l\u012bdzek\u013ca uz mitriem vai sausiem matiem \u2014 garum\u0101 un galos, p\u0113c tam ieveidojiet k\u0101 parasti. Nenoslogo matus. Neatst\u0101j taukainu vai lip\u012bgu pl\u0113vi.<\/p>\n<p>Piesardz\u012bbas pas\u0101kumi: ja nok\u013c\u016bst ac\u012bs, nekav\u0113joties izskalot t\u0101s ar lielu daudzumu \u016bdens.<\/p>\n<p>Dermatolo\u0123iski p\u0101rbaud\u012bts.<\/p>\n","protected":false},"excerpt":{"rendered":"<p>Atjaunojiet matu mirdzumu un vitalit\u0101ti ar stiprino\u0161o kop\u0161anu EVOLUDERM Huile de Ricin ar r\u012bcine\u013c\u013cu matu garumam un galiem. L\u012bdzeklis \u012bpa\u0161i izstr\u0101d\u0101ts \u013coti sausiem, cirtainiem un nepak\u013c\u0101v\u012bgiem matiem. Neizskalojam\u0101 formula baro matus, padara tos pak\u013c\u0101v\u012bg\u0101kus un pal\u012bdz c\u012bn\u012bties ar \u0161\u0137eltiem galiem. Lieto\u0161ana: uzkl\u0101jiet nelielu daudzumu l\u012bdzek\u013ca uz mitriem vai sausiem matiem \u2014 garum\u0101 un galos, p\u0113c [&#8230;]\n","protected":false},"featured_media":96274,"template":"","meta":[],"product_cat":[1343],"product_tag":[],"class_list":{"0":"post-73547","1":"product","2":"type-product","3":"status-publish","4":"has-post-thumbnail","6":"product_brand-evoluderm","7":"product_cat-citi-matu-kopsanas-produkti","9":"first","10":"outofstock","11":"taxable","12":"shipping-taxable","13":"product-type-simple"},"_links":{"self":[{"href":"https:\/\/e.kosmolat.eu\/lv\/wp-json\/wp\/v2\/product\/73547","targetHints":{"allow":["GET"]}}],"collection":[{"href":"https:\/\/e.kosmolat.eu\/lv\/wp-json\/wp\/v2\/product"}],"about":[{"href":"https:\/\/e.kosmolat.eu\/lv\/wp-json\/wp\/v2\/types\/product"}],"wp:featuredmedia":[{"embeddable":true,"href":"https:\/\/e.kosmolat.eu\/lv\/wp-json\/wp\/v2\/media\/96274"}],"wp:attachment":[{"href":"https:\/\/e.kosmolat.eu\/lv\/wp-json\/wp\/v2\/media?parent=73547"}],"wp:term":[{"taxonomy":"product_cat","embeddable":true,"href":"https:\/\/e.kosmolat.eu\/lv\/wp-json\/wp\/v2\/product_cat?post=73547"},{"taxonomy":"product_tag","embeddable":true,"href":"https:\/\/e.kosmolat.eu\/lv\/wp-json\/wp\/v2\/product_tag?post=73547"}],"curies":[{"name":"wp","href":"https:\/\/api.w.org\/{rel}","templated":true}]}}