{"id":73461,"date":"2025-07-01T08:27:27","date_gmt":"2025-07-01T08:27:27","guid":{"rendered":"https:\/\/e.kosmolat.eu\/product\/evoluderm-huile-de-ricin-ricinella-matiem-skropstm-uzacm-un-nagiem-100-ml\/"},"modified":"2025-09-20T06:55:04","modified_gmt":"2025-09-20T06:55:04","slug":"evoluderm-huile-de-ricin-ricinella-matiem-skropstm-uzacm-un-nagiem-100-ml","status":"publish","type":"product","link":"https:\/\/e.kosmolat.eu\/lv\/product\/evoluderm-huile-de-ricin-ricinella-matiem-skropstm-uzacm-un-nagiem-100-ml\/","title":{"rendered":"EVOLUDERM Huile de Ricin R\u012bcine\u013cla matiem, skropst?m, uzac?m un nagiem, 100 ml"},"content":{"rendered":"<p>Evoluderm r\u012bcine\u013c\u013ca atjauno un stiprina matu strukt\u016bru.<\/p>\n<p>Lieto\u0161ana: reizi ned\u0113\u013c\u0101 uzkl\u0101jiet uz matiem vismaz uz 30 min\u016bt\u0113m. No r\u012bta un\/vai vakar\u0101 lietojiet skropstu, uzacu un nagu kop\u0161anai.<\/p>\n<p>Piesardz\u012bbas pas\u0101kumi: izvairieties no saskares ar ac\u012bm. Ja nok\u013c\u016bst ac\u012bs, nekav\u0113joties izskalot t\u0101s ar lielu daudzumu \u016bdens.<\/p>\n<p>Dermatolo\u0123iski p\u0101rbaud\u012bts.<\/p>\n","protected":false},"excerpt":{"rendered":"<p>Evoluderm r\u012bcine\u013c\u013ca atjauno un stiprina matu strukt\u016bru. Lieto\u0161ana: reizi ned\u0113\u013c\u0101 uzkl\u0101jiet uz matiem vismaz uz 30 min\u016bt\u0113m. No r\u012bta un\/vai vakar\u0101 lietojiet skropstu, uzacu un nagu kop\u0161anai. Piesardz\u012bbas pas\u0101kumi: izvairieties no saskares ar ac\u012bm. Ja nok\u013c\u016bst ac\u012bs, nekav\u0113joties izskalot t\u0101s ar lielu daudzumu \u016bdens. Dermatolo\u0123iski p\u0101rbaud\u012bts.<\/p>\n","protected":false},"featured_media":94258,"template":"","meta":[],"product_cat":[1343],"product_tag":[],"class_list":{"0":"post-73461","1":"product","2":"type-product","3":"status-publish","4":"has-post-thumbnail","6":"product_brand-evoluderm","7":"product_cat-citi-matu-kopsanas-produkti","9":"first","10":"outofstock","11":"taxable","12":"shipping-taxable","13":"product-type-simple"},"_links":{"self":[{"href":"https:\/\/e.kosmolat.eu\/lv\/wp-json\/wp\/v2\/product\/73461","targetHints":{"allow":["GET"]}}],"collection":[{"href":"https:\/\/e.kosmolat.eu\/lv\/wp-json\/wp\/v2\/product"}],"about":[{"href":"https:\/\/e.kosmolat.eu\/lv\/wp-json\/wp\/v2\/types\/product"}],"wp:featuredmedia":[{"embeddable":true,"href":"https:\/\/e.kosmolat.eu\/lv\/wp-json\/wp\/v2\/media\/94258"}],"wp:attachment":[{"href":"https:\/\/e.kosmolat.eu\/lv\/wp-json\/wp\/v2\/media?parent=73461"}],"wp:term":[{"taxonomy":"product_cat","embeddable":true,"href":"https:\/\/e.kosmolat.eu\/lv\/wp-json\/wp\/v2\/product_cat?post=73461"},{"taxonomy":"product_tag","embeddable":true,"href":"https:\/\/e.kosmolat.eu\/lv\/wp-json\/wp\/v2\/product_tag?post=73461"}],"curies":[{"name":"wp","href":"https:\/\/api.w.org\/{rel}","templated":true}]}}