{"id":73453,"date":"2025-07-01T08:27:10","date_gmt":"2025-07-01T08:27:10","guid":{"rendered":"https:\/\/e.kosmolat.eu\/product\/evoluderm-argan-divin-barojosa-ella-pirms-matu-mazg-loti-saus-un-boj-mat-150-ml\/"},"modified":"2025-09-20T06:54:50","modified_gmt":"2025-09-20T06:54:50","slug":"evoluderm-argan-divin-barojosa-ella-pirms-matu-mazg-loti-saus-un-boj-mat-150-ml","status":"publish","type":"product","link":"https:\/\/e.kosmolat.eu\/lv\/product\/evoluderm-argan-divin-barojosa-ella-pirms-matu-mazg-loti-saus-un-boj-mat-150-ml\/","title":{"rendered":"EVOLUDERM Argan Divin Barojo\u0161a e\u013cla pirms matu mazg. \u013coti saus. un boj.  mat., 150 ml"},"content":{"rendered":"<p>EVOLUDERM ir izstr\u0101d\u0101jis barojo\u0161u e\u013c\u013cu lieto\u0161anai pirms matu mazg\u0101\u0161anas \u013coti sausu un boj\u0101tu matu kop\u0161anai. Bag\u0101tin\u0101ta ar arg\u0101na e\u013c\u013cu un \u0161\u012b sviestu, t\u0101 intens\u012bvi atjauno un baro boj\u0101tus matus vis\u0101 garum\u0101.<\/p>\n<p>Lieto\u0161ana: uzkl\u0101jiet uz sausiem matiem vis\u0101 garum\u0101, piev\u0113r\u0161ot \u012bpa\u0161u uzman\u012bbu galiem. Atst\u0101jiet iedarboties uz 10 min\u016bt\u0113m, p\u0113c tam izmazg\u0101jiet matus k\u0101 parasti.<\/p>\n<p>Piesardz\u012bbas pas\u0101kumi: izvairieties no saskares ar ac\u012bm. Ja nok\u013c\u016bst ac\u012bs, nekav\u0113joties izskalot t\u0101s ar lielu daudzumu \u016bdens.<\/p>\n<p>Dermatolo\u0123iski p\u0101rbaud\u012bts.<\/p>\n","protected":false},"excerpt":{"rendered":"<p>EVOLUDERM ir izstr\u0101d\u0101jis barojo\u0161u e\u013c\u013cu lieto\u0161anai pirms matu mazg\u0101\u0161anas \u013coti sausu un boj\u0101tu matu kop\u0161anai. Bag\u0101tin\u0101ta ar arg\u0101na e\u013c\u013cu un \u0161\u012b sviestu, t\u0101 intens\u012bvi atjauno un baro boj\u0101tus matus vis\u0101 garum\u0101. Lieto\u0161ana: uzkl\u0101jiet uz sausiem matiem vis\u0101 garum\u0101, piev\u0113r\u0161ot \u012bpa\u0161u uzman\u012bbu galiem. Atst\u0101jiet iedarboties uz 10 min\u016bt\u0113m, p\u0113c tam izmazg\u0101jiet matus k\u0101 parasti. Piesardz\u012bbas pas\u0101kumi: [&#8230;]\n","protected":false},"featured_media":94254,"template":"","meta":[],"product_cat":[1651],"product_tag":[],"class_list":{"0":"post-73453","1":"product","2":"type-product","3":"status-publish","4":"has-post-thumbnail","6":"product_brand-evoluderm","7":"product_cat-zelejas-kremi-ellas-u-c","9":"first","10":"outofstock","11":"taxable","12":"shipping-taxable","13":"product-type-simple"},"_links":{"self":[{"href":"https:\/\/e.kosmolat.eu\/lv\/wp-json\/wp\/v2\/product\/73453","targetHints":{"allow":["GET"]}}],"collection":[{"href":"https:\/\/e.kosmolat.eu\/lv\/wp-json\/wp\/v2\/product"}],"about":[{"href":"https:\/\/e.kosmolat.eu\/lv\/wp-json\/wp\/v2\/types\/product"}],"wp:featuredmedia":[{"embeddable":true,"href":"https:\/\/e.kosmolat.eu\/lv\/wp-json\/wp\/v2\/media\/94254"}],"wp:attachment":[{"href":"https:\/\/e.kosmolat.eu\/lv\/wp-json\/wp\/v2\/media?parent=73453"}],"wp:term":[{"taxonomy":"product_cat","embeddable":true,"href":"https:\/\/e.kosmolat.eu\/lv\/wp-json\/wp\/v2\/product_cat?post=73453"},{"taxonomy":"product_tag","embeddable":true,"href":"https:\/\/e.kosmolat.eu\/lv\/wp-json\/wp\/v2\/product_tag?post=73453"}],"curies":[{"name":"wp","href":"https:\/\/api.w.org\/{rel}","templated":true}]}}