{"id":73433,"date":"2025-07-01T08:21:16","date_gmt":"2025-07-01T08:21:16","guid":{"rendered":"https:\/\/e.kosmolat.eu\/product\/evoluderm-mitrinoss-serums-ar-alveju-un-hialuronsk-visiem-adas-tip-30-ml\/"},"modified":"2026-04-22T13:20:52","modified_gmt":"2026-04-22T13:20:52","slug":"evoluderm-mitrinoss-serums-ar-alveju-un-hialuronsk-visiem-adas-tip-30-ml","status":"publish","type":"product","link":"https:\/\/e.kosmolat.eu\/lv\/product\/evoluderm-mitrinoss-serums-ar-alveju-un-hialuronsk-visiem-adas-tip-30-ml\/","title":{"rendered":"EVOLUDERM Mitrino\u0161s serums ar alveju un hialuronsk. visiem \u0101das tip., 30 ml"},"content":{"rendered":"<p>Mitrino\u0161s serums baro un nomierina \u0101du. Tam piem\u012bt antioksidanta iedarb\u012bba. Piem\u0113rots visiem \u0101das tipiem, tostarp jut\u012bgai \u0101dai. Pateicoties nomierino\u0161\u0101s alvejas un bag\u0101t\u012bg\u0101s hialuronsk\u0101bes kombin\u0101cijai, tas pie\u0161\u0137ir \u0101dai svaigumu un maigumu. Viegl\u0101, nelip\u012bg\u0101 tekst\u016bra padara dehidr\u0113tu \u0101du glud\u0101ku un pal\u012bdz atjaunot t\u0101s dabisko mirdzumu.<\/p>\n<p>Lieto\u0161ana: no r\u012bta un\/vai vakar\u0101 uzpiliniet 2\u20133 pilienus plaukst\u0101 un uzkl\u0101jiet uz sejas, kakla un dekolt\u0113 zonas \u0101das. Izvairieties no \u0101das ap ac\u012bm.<\/p>\n<p>Piesardz\u012bbas pas\u0101kumi: ja nok\u013c\u016bst ac\u012bs, nekav\u0113joties izskalot t\u0101s ar lielu daudzumu \u016bdens.<\/p>\n<p>Dermatolo\u0123iski p\u0101rbaud\u012bts.<\/p>\n","protected":false},"excerpt":{"rendered":"<p>Mitrino\u0161s serums baro un nomierina \u0101du. Tam piem\u012bt antioksidanta iedarb\u012bba. Piem\u0113rots visiem \u0101das tipiem, tostarp jut\u012bgai \u0101dai. Pateicoties nomierino\u0161\u0101s alvejas un bag\u0101t\u012bg\u0101s hialuronsk\u0101bes kombin\u0101cijai, tas pie\u0161\u0137ir \u0101dai svaigumu un maigumu. Viegl\u0101, nelip\u012bg\u0101 tekst\u016bra padara dehidr\u0113tu \u0101du glud\u0101ku un pal\u012bdz atjaunot t\u0101s dabisko mirdzumu. Lieto\u0161ana: no r\u012bta un\/vai vakar\u0101 uzpiliniet 2\u20133 pilienus plaukst\u0101 un uzkl\u0101jiet uz [&#8230;]\n","protected":false},"featured_media":94398,"template":"","meta":[],"product_cat":[2181],"product_tag":[],"class_list":{"0":"post-73433","1":"product","2":"type-product","3":"status-publish","4":"has-post-thumbnail","6":"product_brand-evoluderm","7":"product_cat-bez-kategorijas-lt","9":"first","10":"instock","11":"taxable","12":"shipping-taxable","13":"product-type-simple"},"_links":{"self":[{"href":"https:\/\/e.kosmolat.eu\/lv\/wp-json\/wp\/v2\/product\/73433","targetHints":{"allow":["GET"]}}],"collection":[{"href":"https:\/\/e.kosmolat.eu\/lv\/wp-json\/wp\/v2\/product"}],"about":[{"href":"https:\/\/e.kosmolat.eu\/lv\/wp-json\/wp\/v2\/types\/product"}],"wp:featuredmedia":[{"embeddable":true,"href":"https:\/\/e.kosmolat.eu\/lv\/wp-json\/wp\/v2\/media\/94398"}],"wp:attachment":[{"href":"https:\/\/e.kosmolat.eu\/lv\/wp-json\/wp\/v2\/media?parent=73433"}],"wp:term":[{"taxonomy":"product_cat","embeddable":true,"href":"https:\/\/e.kosmolat.eu\/lv\/wp-json\/wp\/v2\/product_cat?post=73433"},{"taxonomy":"product_tag","embeddable":true,"href":"https:\/\/e.kosmolat.eu\/lv\/wp-json\/wp\/v2\/product_tag?post=73433"}],"curies":[{"name":"wp","href":"https:\/\/api.w.org\/{rel}","templated":true}]}}