{"id":73425,"date":"2025-07-01T08:20:58","date_gmt":"2025-07-01T08:20:58","guid":{"rendered":"https:\/\/e.kosmolat.eu\/product\/evoluderm-ipasi-mitr-c-vitamina-serums-ar-apels-ekstr-un-hialuronsk-30-ml\/"},"modified":"2026-03-31T10:44:13","modified_gmt":"2026-03-31T10:44:13","slug":"evoluderm-ipasi-mitr-c-vitamina-serums-ar-apels-ekstr-un-hialuronsk-30-ml","status":"publish","type":"product","link":"https:\/\/e.kosmolat.eu\/lv\/product\/evoluderm-ipasi-mitr-c-vitamina-serums-ar-apels-ekstr-un-hialuronsk-30-ml\/","title":{"rendered":"EVOLUDERM \u012apa\u0161i mitr. C vitam\u012bna serums ar apels. ekstr. un hialuronsk., 30 ml"},"content":{"rendered":"<p>Antioksidantu serums mitrina \u0101du, pie\u0161\u0137ir tai ener\u0123iju un atjauno dabisko mirdzumu. Formula ir bag\u0101tin\u0101ta ar toniz\u0113jo\u0161u apels\u012bnu ekstraktu un mitrino\u0161u hialuronsk\u0101bi. Viegl\u0101, nelip\u012bg\u0101 tekst\u016bra ar aug\u013cu arom\u0101tu atsvaidzina un izgaismo \u0101du. Jau p\u0113c pirm\u0101s lieto\u0161anas sejas vaibsti izskat\u0101s atp\u016btu\u0161ies, bet \u0101das tonis k\u013c\u016bst vienm\u0113r\u012bg\u0101ks.<\/p>\n<p>Lieto\u0161ana: no r\u012bta un\/vai vakar\u0101 uzpiliniet 2\u20133 pilienus plaukst\u0101 un uzkl\u0101jiet uz sejas, kakla un dekolt\u0113 zonas \u0101das. Izvairieties no \u0101das ap ac\u012bm.<\/p>\n<p>Piesardz\u012bbas pas\u0101kumi: ja nok\u013c\u016bst ac\u012bs, nekav\u0113joties izskalot t\u0101s ar lielu daudzumu \u016bdens.<\/p>\n<p>Dermatolo\u0123iski p\u0101rbaud\u012bts.<\/p>\n","protected":false},"excerpt":{"rendered":"<p>Antioksidantu serums mitrina \u0101du, pie\u0161\u0137ir tai ener\u0123iju un atjauno dabisko mirdzumu. Formula ir bag\u0101tin\u0101ta ar toniz\u0113jo\u0161u apels\u012bnu ekstraktu un mitrino\u0161u hialuronsk\u0101bi. Viegl\u0101, nelip\u012bg\u0101 tekst\u016bra ar aug\u013cu arom\u0101tu atsvaidzina un izgaismo \u0101du. Jau p\u0113c pirm\u0101s lieto\u0161anas sejas vaibsti izskat\u0101s atp\u016btu\u0161ies, bet \u0101das tonis k\u013c\u016bst vienm\u0113r\u012bg\u0101ks. Lieto\u0161ana: no r\u012bta un\/vai vakar\u0101 uzpiliniet 2\u20133 pilienus plaukst\u0101 un uzkl\u0101jiet [&#8230;]\n","protected":false},"featured_media":94394,"template":"","meta":[],"product_cat":[1325],"product_tag":[],"class_list":{"0":"post-73425","1":"product","2":"type-product","3":"status-publish","4":"has-post-thumbnail","6":"product_brand-evoluderm","7":"product_cat-serumi","9":"first","10":"instock","11":"taxable","12":"shipping-taxable","13":"product-type-simple"},"_links":{"self":[{"href":"https:\/\/e.kosmolat.eu\/lv\/wp-json\/wp\/v2\/product\/73425","targetHints":{"allow":["GET"]}}],"collection":[{"href":"https:\/\/e.kosmolat.eu\/lv\/wp-json\/wp\/v2\/product"}],"about":[{"href":"https:\/\/e.kosmolat.eu\/lv\/wp-json\/wp\/v2\/types\/product"}],"wp:featuredmedia":[{"embeddable":true,"href":"https:\/\/e.kosmolat.eu\/lv\/wp-json\/wp\/v2\/media\/94394"}],"wp:attachment":[{"href":"https:\/\/e.kosmolat.eu\/lv\/wp-json\/wp\/v2\/media?parent=73425"}],"wp:term":[{"taxonomy":"product_cat","embeddable":true,"href":"https:\/\/e.kosmolat.eu\/lv\/wp-json\/wp\/v2\/product_cat?post=73425"},{"taxonomy":"product_tag","embeddable":true,"href":"https:\/\/e.kosmolat.eu\/lv\/wp-json\/wp\/v2\/product_tag?post=73425"}],"curies":[{"name":"wp","href":"https:\/\/api.w.org\/{rel}","templated":true}]}}