{"id":73395,"date":"2025-07-01T05:46:52","date_gmt":"2025-07-01T05:46:52","guid":{"rendered":"https:\/\/e.kosmolat.eu\/product\/lady-caramel-kermena-epilacijas-vasks-argana-16-gab\/"},"modified":"2026-04-15T11:55:51","modified_gmt":"2026-04-15T11:55:51","slug":"i_lady-caramel-kermena-epilacijas-vasks-argana-16-gab","status":"publish","type":"product","link":"https:\/\/e.kosmolat.eu\/lv\/product\/i_lady-caramel-kermena-epilacijas-vasks-argana-16-gab\/","title":{"rendered":"I_Lady Caramel \u0136erme\u0146a epil\u0101cijas vasks Argana, 16 gab"},"content":{"rendered":"<p><strong>Lieto&scaron;ana:&nbsp;<\/strong><br \/>\nDienu pirms proced\u016bras izmantojiet \u0137erme\u0146a skrubi, lai atjaunotu \u0101du un izt\u012br\u012btu poras, kas iev\u0113rojami paaugstin\u0101s epil\u0101cija efektivit\u0101ti. Pirms epil\u0101cijas \u0101dai j\u0101b\u016bt sausai un attaukotai. Lab\u0101kam efektam var uzkl\u0101t nelielu daudzumu kosm\u0113tisk\u0101 talka. Vasks ir efekt\u012bvs epil\u0101cijas l\u012bdzeklis, ja mati\u0146u garums ir vismaz 2-5 mm.&nbsp;<br \/>\n1. Uzman\u012bgi atdaliet str\u0113meles div\u0101s da\u013c\u0101s. Lietojamas abas str\u0113meles da\u013cas.<br \/>\n2. Uzman\u012bgi piel\u012bm\u0113jiet katru str\u0113meli cie&scaron;i \u0101dai matu aug&scaron;anas virzien\u0101 un piespiediet t\u0101s.<br \/>\n3. Ar vienu asu kust\u012bbu nopl\u0113siet str\u0113meli oblig\u0101ti pret\u0113ji matu aug&scaron;anas virzienam!<br \/>\n4. Not\u012briet vaska paliekas ar speci\u0101lo e\u013c\u013cu saturo&scaron;u vaska no\u0146em&scaron;anas salveti.<br \/>\nP\u0113c proced\u016bras ieteicams uzkl\u0101t mitrino&scaron;u p\u0113cepil\u0101cijas kr\u0113mu.&nbsp;<\/p>\n<p><strong>Piesardz\u012bbas pas\u0101kumi: <\/strong>iev\u0113rojiet lieto&scaron;anas instrukcijas un izlasiet piesardz\u012bbas pas\u0101kumus. Pirms katras proced\u016bras p\u0101rbaudiet \u0101das reakciju, uzkl\u0101jot vasku uz neliela \u0101das laukuma. Ja p\u0113c 24 stund\u0101m blakuspar\u0101d\u012bbas nerodas, l\u012bdzek\u013ca lieto&scaron;anu var turpin\u0101t. L\u012bdzeklis ir piem\u0113rots mati\u0146u no\u0146em&scaron;anai no k\u0101ju un roku \u0101das. Nelietot uz galvas un sejas, ac\u012bm, uzac\u012bm, deguna, aus\u012bm, kr\u016bt\u012bm, kr\u016b&scaron;u galiem, padus\u0113m, dzimumorg\u0101niem vai perian\u0101laj\u0101 zon\u0101. Proced\u016bra nav piem\u0113rota gados vec\u0101kiem cilv\u0113kiem, diab\u0113ta slimniekiem vai cilv\u0113kiem, kas lieto z\u0101les pret akni. Nelietot br\u016b\u010du, varikozo v\u0113nu, p\u016bt\u012b&scaron;u, kairin\u0101tas vai apdegu&scaron;as \u0101das gad\u012bjum\u0101, vai, ja iepriek&scaron; jau ir bijusi nev\u0113lama reakcija uz epil\u0101cijas vasku. Izvairieties no sau\u013co&scaron;an\u0101s, peld\u0113&scaron;anas, dezodorantu vai citu spirtu saturo&scaron;u produktu un smar\u017eu lieto&scaron;anas 24 stundas pirms un p\u0113c epil\u0101cijas. Ja uzglab\u0101&scaron;anas temperat\u016bra p\u0101rsniedz +30 &ordm;C, pirms lieto&scaron;anas str\u0113meles ievietojiet ledusskap\u012b uz 30 min\u016bt\u0113m.&nbsp;<br \/>\nUzglab\u0101t horizont\u0101l\u0101 st\u0101vokl\u012b. Sarg\u0101t no b\u0113rniem un m\u0101jdz\u012bvniekiem. Nelietot iek&scaron;\u0137\u012bgi.&nbsp;<\/p>\n<p><strong>Iepakojuma saturs: <\/strong>vaska str\u0113meles epil\u0101cijai &ndash; 16 gab., salvetes &ndash; 2 gab.<br \/>\n&nbsp;<\/p>\n","protected":false},"excerpt":{"rendered":"<p>Lieto&scaron;ana:&nbsp; Dienu pirms proced\u016bras izmantojiet \u0137erme\u0146a skrubi, lai atjaunotu \u0101du un izt\u012br\u012btu poras, kas iev\u0113rojami paaugstin\u0101s epil\u0101cija efektivit\u0101ti. Pirms epil\u0101cijas \u0101dai j\u0101b\u016bt sausai un attaukotai. Lab\u0101kam efektam var uzkl\u0101t nelielu daudzumu kosm\u0113tisk\u0101 talka. Vasks ir efekt\u012bvs epil\u0101cijas l\u012bdzeklis, ja mati\u0146u garums ir vismaz 2-5 mm.&nbsp; 1. Uzman\u012bgi atdaliet str\u0113meles div\u0101s da\u013c\u0101s. Lietojamas abas str\u0113meles da\u013cas. [&#8230;]\n","protected":false},"featured_media":100320,"template":"","meta":[],"product_cat":[1622],"product_tag":[],"class_list":{"0":"post-73395","1":"product","2":"type-product","3":"status-publish","4":"has-post-thumbnail","6":"product_brand-elfa_ua","7":"product_cat-depilacijas-un-skusanas-lidzekli","9":"first","10":"instock","11":"taxable","12":"shipping-taxable","13":"product-type-simple"},"_links":{"self":[{"href":"https:\/\/e.kosmolat.eu\/lv\/wp-json\/wp\/v2\/product\/73395","targetHints":{"allow":["GET"]}}],"collection":[{"href":"https:\/\/e.kosmolat.eu\/lv\/wp-json\/wp\/v2\/product"}],"about":[{"href":"https:\/\/e.kosmolat.eu\/lv\/wp-json\/wp\/v2\/types\/product"}],"wp:featuredmedia":[{"embeddable":true,"href":"https:\/\/e.kosmolat.eu\/lv\/wp-json\/wp\/v2\/media\/100320"}],"wp:attachment":[{"href":"https:\/\/e.kosmolat.eu\/lv\/wp-json\/wp\/v2\/media?parent=73395"}],"wp:term":[{"taxonomy":"product_cat","embeddable":true,"href":"https:\/\/e.kosmolat.eu\/lv\/wp-json\/wp\/v2\/product_cat?post=73395"},{"taxonomy":"product_tag","embeddable":true,"href":"https:\/\/e.kosmolat.eu\/lv\/wp-json\/wp\/v2\/product_tag?post=73395"}],"curies":[{"name":"wp","href":"https:\/\/api.w.org\/{rel}","templated":true}]}}