{"id":73383,"date":"2025-07-01T04:52:44","date_gmt":"2025-07-01T04:52:44","guid":{"rendered":"https:\/\/e.kosmolat.eu\/product\/evoluderm-mitr-dienas-sejas-kr-ar-alv-norm-un-kombin-adai-50-ml\/"},"modified":"2026-05-08T21:24:16","modified_gmt":"2026-05-08T21:24:16","slug":"evoluderm-mitr-dienas-sejas-kr-ar-alv-norm-un-kombin-adai-50-ml","status":"publish","type":"product","link":"https:\/\/e.kosmolat.eu\/lv\/product\/evoluderm-mitr-dienas-sejas-kr-ar-alv-norm-un-kombin-adai-50-ml\/","title":{"rendered":"EVOLUDERM Mitr. dienas sejas kr. ar alv. norm. un kombin. \u0101dai, 50 ml"},"content":{"rendered":"<p>Mitrino\u0161s dienas kr\u0113ms atsvaidzina un mat\u0113 norm\u0101lu un kombin\u0113tu \u0101du. Viegl\u0101, k\u016bsto\u0161\u0101 tekst\u016bra nodro\u0161ina optim\u0101lu mitrin\u0101\u0161anu, pie\u0161\u0137irot \u0101dai komforta saj\u016btu un maigumu.<\/p>\n<p>Lieto\u0161ana: uzkl\u0101jiet nelielu daudzumu kr\u0113ma (valrieksta lielum\u0101) uz sejas un kakla \u0101das, vienm\u0113r\u012bgi iemas\u0113jot ar ap\u013cveida kust\u012bb\u0101m.<\/p>\n<p>Piesardz\u012bbas pas\u0101kumi: ja nok\u013c\u016bst ac\u012bs, nekav\u0113joties izskalot t\u0101s ar lielu daudzumu \u016bdens.<\/p>\n<p>Dermatolo\u0123iski p\u0101rbaud\u012bts.<\/p>\n","protected":false},"excerpt":{"rendered":"<p>Mitrino\u0161s dienas kr\u0113ms atsvaidzina un mat\u0113 norm\u0101lu un kombin\u0113tu \u0101du. Viegl\u0101, k\u016bsto\u0161\u0101 tekst\u016bra nodro\u0161ina optim\u0101lu mitrin\u0101\u0161anu, pie\u0161\u0137irot \u0101dai komforta saj\u016btu un maigumu. Lieto\u0161ana: uzkl\u0101jiet nelielu daudzumu kr\u0113ma (valrieksta lielum\u0101) uz sejas un kakla \u0101das, vienm\u0113r\u012bgi iemas\u0113jot ar ap\u013cveida kust\u012bb\u0101m. Piesardz\u012bbas pas\u0101kumi: ja nok\u013c\u016bst ac\u012bs, nekav\u0113joties izskalot t\u0101s ar lielu daudzumu \u016bdens. Dermatolo\u0123iski p\u0101rbaud\u012bts.<\/p>\n","protected":false},"featured_media":81330,"template":"","meta":[],"product_cat":[1320],"product_tag":[],"class_list":{"0":"post-73383","1":"product","2":"type-product","3":"status-publish","4":"has-post-thumbnail","6":"product_brand-evoluderm","7":"product_cat-sejas-kremi","9":"first","10":"instock","11":"taxable","12":"shipping-taxable","13":"product-type-simple"},"_links":{"self":[{"href":"https:\/\/e.kosmolat.eu\/lv\/wp-json\/wp\/v2\/product\/73383","targetHints":{"allow":["GET"]}}],"collection":[{"href":"https:\/\/e.kosmolat.eu\/lv\/wp-json\/wp\/v2\/product"}],"about":[{"href":"https:\/\/e.kosmolat.eu\/lv\/wp-json\/wp\/v2\/types\/product"}],"wp:featuredmedia":[{"embeddable":true,"href":"https:\/\/e.kosmolat.eu\/lv\/wp-json\/wp\/v2\/media\/81330"}],"wp:attachment":[{"href":"https:\/\/e.kosmolat.eu\/lv\/wp-json\/wp\/v2\/media?parent=73383"}],"wp:term":[{"taxonomy":"product_cat","embeddable":true,"href":"https:\/\/e.kosmolat.eu\/lv\/wp-json\/wp\/v2\/product_cat?post=73383"},{"taxonomy":"product_tag","embeddable":true,"href":"https:\/\/e.kosmolat.eu\/lv\/wp-json\/wp\/v2\/product_tag?post=73383"}],"curies":[{"name":"wp","href":"https:\/\/api.w.org\/{rel}","templated":true}]}}